{"id":12193,"date":"2021-04-13T10:59:12","date_gmt":"2021-04-13T09:59:12","guid":{"rendered":"https:\/\/pruebas.mammalnet.com\/blog\/"},"modified":"2021-05-27T17:01:10","modified_gmt":"2021-05-27T16:01:10","slug":"blog","status":"publish","type":"page","link":"https:\/\/mammalnet.com\/sr\/blog\/","title":{"rendered":"Blog"},"content":{"rendered":"\t\t<div data-elementor-type=\"wp-page\" data-elementor-id=\"12193\" class=\"elementor elementor-12193 elementor-6580\" data-elementor-post-type=\"page\">\n\t\t\t\t\t\t<section class=\"elementor-section elementor-top-section elementor-element elementor-element-13f381e elementor-section-height-min-height elementor-section-boxed elementor-section-height-default elementor-section-items-middle\" data-id=\"13f381e\" data-element_type=\"section\" data-settings=\"{&quot;shape_divider_top&quot;:&quot;tilt&quot;}\">\n\t\t\t\t\t<div class=\"elementor-shape elementor-shape-top\" data-negative=\"false\">\n\t\t\t<svg xmlns=\"http:\/\/www.w3.org\/2000\/svg\" viewBox=\"0 0 1000 100\" preserveAspectRatio=\"none\">\n\t<path class=\"elementor-shape-fill\" d=\"M0,6V0h1000v100L0,6z\"\/>\n<\/svg>\t\t<\/div>\n\t\t\t\t\t<div class=\"elementor-container elementor-column-gap-default\">\n\t\t\t\t\t<div class=\"elementor-column elementor-col-50 elementor-top-column elementor-element elementor-element-18d442e\" data-id=\"18d442e\" data-element_type=\"column\">\n\t\t\t<div class=\"elementor-widget-wrap elementor-element-populated\">\n\t\t\t\t\t\t<div class=\"elementor-element elementor-element-8222d18 elementor-widget elementor-widget-heading\" data-id=\"8222d18\" data-element_type=\"widget\" data-widget_type=\"heading.default\">\n\t\t\t\t<div class=\"elementor-widget-container\">\n\t\t\t<h2 class=\"elementor-heading-title elementor-size-default\">Mammalnet blog<\/h2>\t\t<\/div>\n\t\t\t\t<\/div>\n\t\t\t\t<div class=\"elementor-element elementor-element-99b01ce elementor-widget elementor-widget-text-editor\" data-id=\"99b01ce\" data-element_type=\"widget\" data-widget_type=\"text-editor.default\">\n\t\t\t\t<div class=\"elementor-widget-container\">\n\t\t\t\t\t\t\t<p><span data-sheets-value=\"{&quot;1&quot;:2,&quot;2&quot;:&quot;Na ovom blogu mo\u017eete pro\u010ditati ne\u0161to vi\u0161e o sisarima koji \u017eive u na\u0161em okru\u017eenju. Sazna\u0107ete kako mo\u017eete da nam pomognete u njihovom o\u010duvanju i koji su glavni problemi u pogledu njihove za\u0161tite. Mo\u017eete nau\u010diti kako da prepoznate i bolje razumete vrste koje posmatrate u prirodi. Tako\u0111e, ovde mo\u017eete da pratite najnovije vesti i aktivnosti koje planiramo da realizujemo tokom narednih meseci.&quot;}\" data-sheets-userformat=\"{&quot;2&quot;:12673,&quot;3&quot;:{&quot;1&quot;:0,&quot;3&quot;:1},&quot;10&quot;:0,&quot;11&quot;:4,&quot;15&quot;:&quot;Calibri&quot;,&quot;16&quot;:11}\">Na ovom blogu mo\u017eete pro\u010ditati ne\u0161to vi\u0161e o sisarima koji \u017eive u na\u0161em okru\u017eenju. Sazna\u0107ete kako mo\u017eete da nam pomognete u njihovom o\u010duvanju i koji su glavni problemi u pogledu njihove za\u0161tite. Mo\u017eete nau\u010diti kako da prepoznate i bolje razumete vrste koje posmatrate u prirodi. Tako\u0111e, ovde mo\u017eete da pratite najnovije vesti i aktivnosti koje planiramo da realizujemo tokom narednih meseci.<\/span><\/p>\n\t\t\t\t\t\t<\/div>\n\t\t\t\t<\/div>\n\t\t\t\t\t<\/div>\n\t\t<\/div>\n\t\t\t\t<div class=\"elementor-column elementor-col-50 elementor-top-column elementor-element elementor-element-f82c4fd\" data-id=\"f82c4fd\" data-element_type=\"column\">\n\t\t\t<div class=\"elementor-widget-wrap elementor-element-populated\">\n\t\t\t\t\t\t<div class=\"elementor-element elementor-element-d4b58c7 elementor-widget elementor-widget-image\" data-id=\"d4b58c7\" data-element_type=\"widget\" data-widget_type=\"image.default\">\n\t\t\t\t<div class=\"elementor-widget-container\">\n\t\t\t\t\t\t\t\t\t\t\t\t\t<img fetchpriority=\"high\" decoding=\"async\" width=\"1024\" height=\"752\" src=\"https:\/\/mammalnet.com\/wp-content\/uploads\/2019\/11\/blog-1024x752.png\" class=\"attachment-large size-large wp-image-6584\" alt=\"\" srcset=\"https:\/\/mammalnet.com\/wp-content\/uploads\/2019\/11\/blog-1024x752.png 1024w, https:\/\/mammalnet.com\/wp-content\/uploads\/2019\/11\/blog-300x220.png 300w, https:\/\/mammalnet.com\/wp-content\/uploads\/2019\/11\/blog-768x564.png 768w, https:\/\/mammalnet.com\/wp-content\/uploads\/2019\/11\/blog-650x477.png 650w, https:\/\/mammalnet.com\/wp-content\/uploads\/2019\/11\/blog.png 1196w\" sizes=\"(max-width: 1024px) 100vw, 1024px\" \/>\t\t\t\t\t\t\t\t\t\t\t\t\t<\/div>\n\t\t\t\t<\/div>\n\t\t\t\t\t<\/div>\n\t\t<\/div>\n\t\t\t\t\t<\/div>\n\t\t<\/section>\n\t\t\t\t<section class=\"elementor-section elementor-top-section elementor-element elementor-element-9ce5e31 elementor-section-boxed elementor-section-height-default elementor-section-height-default\" data-id=\"9ce5e31\" data-element_type=\"section\">\n\t\t\t\t\t\t<div class=\"elementor-container elementor-column-gap-default\">\n\t\t\t\t\t<div class=\"elementor-column elementor-col-50 elementor-top-column elementor-element elementor-element-7a029b7\" data-id=\"7a029b7\" data-element_type=\"column\">\n\t\t\t<div class=\"elementor-widget-wrap elementor-element-populated\">\n\t\t\t\t\t\t<div class=\"elementor-element elementor-element-af3ead9 elementor-widget elementor-widget-bdt-post-grid\" data-id=\"af3ead9\" data-element_type=\"widget\" data-widget_type=\"bdt-post-grid.bdt-alter\">\n\t\t\t\t<div class=\"elementor-widget-container\">\n\t\t\t \n\t\t<div id=\"bdt-post-grid-af3ead9\" class=\"bdt-post-grid bdt-post-grid-skin-alter\">\n\n\t\t\t\t\t\t<div class=\"bdt-post-grid-item bdt-transition-toggle bdt-position-relative bdt-grid bdt-grid-collapse\" data-bdt-grid=\"\">\n\n\t\t\t\t<div class=\"bdt-position-relative bdt-width-auto@s bdt-pg-alter-image\">\n\t\t\t\t\t<div class=\"bdt-post-grid-img-wrap bdt-overflow-hidden\">\n\t\t\t\t<a href=\"https:\/\/mammalnet.com\/sr\/vuk-u-srbiji\/\" class=\"bdt-transition-scale-up bdt-background-cover bdt-transition-opaque bdt-flex\" title=\"VUK U SRBIJI\" style=\"background-image: url(https:\/\/mammalnet.com\/wp-content\/uploads\/2022\/03\/Captura-de-pantalla-2022-03-02-a-las-11.22.22.png)\">\n  \t\t\t\t<\/a>\n\t\t\t<\/div>\t\t\t\t\t\t\t\t\t<\/div>\n\n\t\t  \t\t<div class=\"bdt-post-grid-desc bdt-width-expand@s bdt-padding bdt-plane\">\n\t\t\t\t\t<h2 class=\"bdt-post-grid-title\" >\n\t\t\t\t<a href=\"https:\/\/mammalnet.com\/sr\/vuk-u-srbiji\/\" class=\"bdt-post-grid-link\" title=\"VUK U SRBIJI\">\n\t\t\t\t\tVUK U SRBIJI\n\t\t\t\t<\/a>\n\t\t\t<\/h2>\n\t\t\t\t\t\t\t\t<div class=\"bdt-post-grid-excerpt\">\n\t\t\t<p>Da li znate koja je pozitivna uloga vuka u prirodi? Vuk naseljava prostore gde je<\/p>\n\t\t\t<\/div>\n\n\t\t\t\t\t\t\t\n\t\t<a href=\"https:\/\/mammalnet.com\/sr\/vuk-u-srbiji\/\" class=\"bdt-post-grid-readmore bdt-display-inline-block \">\n\t\t\t\tOp\u0161irnije\t\t\t\t\n\t\t\t\t\t\t\t\t\t\t<span class=\"bdt-button-icon-align-right\">\n\n\t\t\t\t\t\t\t<i aria-hidden=\"true\" class=\"fa-fw far fa-arrow-alt-circle-right\"><\/i>\n\t\t\t\t\t\t<\/span>\n\t\t\t\t\t\t<\/a>\n\t\t\t\t\t\t\t\n\t\t\t\t\t\t\t\t\t\t\t<div class=\"bdt-post-grid-meta bdt-subnav bdt-flex-middle bdt-margin-small-top bdt-padding-remove-horizontal\">\n\t\t\t\t\t\t\t\t\t\t\t\t\t\t<span class=\"bdt-post-grid-date\">\u043c\u0430\u0440\u0442 2, 2022<\/span>\t\t\t\t\t\t\t<span class=\"bdt-post-grid-comments\"><i class=\"ep-bubble\" aria-hidden=\"true\"><\/i> 0<\/span>\t\t\t\t\t\t\t\t\t\t\t\t\t<\/div>\n\t\t\t\t\t\t\t\t\t<\/div>\n\n\t\t\t<\/div>\n\t\t\t  \t\t\t\n\t  \t\t\t\n\t\t\t\t\t\t<div class=\"bdt-post-grid-item bdt-transition-toggle bdt-position-relative bdt-grid bdt-grid-collapse\" data-bdt-grid=\"\">\n\n\t\t\t\t<div class=\"bdt-position-relative bdt-width-auto@s bdt-pg-alter-image\">\n\t\t\t\t\t<div class=\"bdt-post-grid-img-wrap bdt-overflow-hidden\">\n\t\t\t\t<a href=\"https:\/\/mammalnet.com\/sr\/sakal-u-srbiji\/\" class=\"bdt-transition-scale-up bdt-background-cover bdt-transition-opaque bdt-flex\" title=\"\u0160AKAL U SRBIJI\" style=\"background-image: url(https:\/\/mammalnet.com\/wp-content\/uploads\/2022\/03\/Captura-de-pantalla-2022-03-02-a-las-11.07.46.png)\">\n  \t\t\t\t<\/a>\n\t\t\t<\/div>\t\t\t\t\t\t\t\t\t<\/div>\n\n\t\t  \t\t<div class=\"bdt-post-grid-desc bdt-width-expand@s bdt-padding bdt-flex-first@s bdt-alter\">\n\t\t\t\t\t<h2 class=\"bdt-post-grid-title bdt-post-grid-title\" >\n\t\t\t\t<a href=\"https:\/\/mammalnet.com\/sr\/sakal-u-srbiji\/\" class=\"bdt-post-grid-link\" title=\"\u0160AKAL U SRBIJI\">\n\t\t\t\t\t\u0160AKAL U SRBIJI\n\t\t\t\t<\/a>\n\t\t\t<\/h2>\n\t\t\t\t\t\t\t\t<div class=\"bdt-post-grid-excerpt\">\n\t\t\t<p>Da li znate gde je \u0161akal rasprostranjen u Srbiji? Prvi \u0161akali registrovani su u isto\u010dnoj<\/p>\n\t\t\t<\/div>\n\n\t\t\t\t\t\t\t\n\t\t<a href=\"https:\/\/mammalnet.com\/sr\/sakal-u-srbiji\/\" class=\"bdt-post-grid-readmore bdt-display-inline-block \">\n\t\t\t\tOp\u0161irnije\t\t\t\t\n\t\t\t\t\t\t\t\t\t\t<span class=\"bdt-button-icon-align-right\">\n\n\t\t\t\t\t\t\t<i aria-hidden=\"true\" class=\"fa-fw far fa-arrow-alt-circle-right\"><\/i>\n\t\t\t\t\t\t<\/span>\n\t\t\t\t\t\t<\/a>\n\t\t\t\t\t\t\t\n\t\t\t\t\t\t\t\t\t\t\t<div class=\"bdt-post-grid-meta bdt-subnav bdt-flex-middle bdt-margin-small-top bdt-padding-remove-horizontal\">\n\t\t\t\t\t\t\t\t\t\t\t\t\t\t<span class=\"bdt-post-grid-date\">\u043c\u0430\u0440\u0442 2, 2022<\/span>\t\t\t\t\t\t\t<span class=\"bdt-post-grid-comments\"><i class=\"ep-bubble\" aria-hidden=\"true\"><\/i> 0<\/span>\t\t\t\t\t\t\t\t\t\t\t\t\t<\/div>\n\t\t\t\t\t\t\t\t\t<\/div>\n\n\t\t\t<\/div>\n\t\t\t  \t\t\t\n\t  \t\t\t\n\t\t\t\t\t\t<div class=\"bdt-post-grid-item bdt-transition-toggle bdt-position-relative bdt-grid bdt-grid-collapse\" data-bdt-grid=\"\">\n\n\t\t\t\t<div class=\"bdt-position-relative bdt-width-auto@s bdt-pg-alter-image\">\n\t\t\t\t\t<div class=\"bdt-post-grid-img-wrap bdt-overflow-hidden\">\n\t\t\t\t<a href=\"https:\/\/mammalnet.com\/sr\/projekat-mammalnet\/\" class=\"bdt-transition-scale-up bdt-background-cover bdt-transition-opaque bdt-flex\" title=\"PROJEKAT MammalNet\" style=\"background-image: url(https:\/\/mammalnet.com\/wp-content\/uploads\/2022\/03\/Captura-de-pantalla-2022-03-02-a-las-10.55.36.png)\">\n  \t\t\t\t<\/a>\n\t\t\t<\/div>\t\t\t\t\t\t\t\t\t<\/div>\n\n\t\t  \t\t<div class=\"bdt-post-grid-desc bdt-width-expand@s bdt-padding bdt-plane\">\n\t\t\t\t\t<h2 class=\"bdt-post-grid-title bdt-post-grid-title bdt-post-grid-title\" >\n\t\t\t\t<a href=\"https:\/\/mammalnet.com\/sr\/projekat-mammalnet\/\" class=\"bdt-post-grid-link\" title=\"PROJEKAT MammalNet\">\n\t\t\t\t\tPROJEKAT MammalNet\n\t\t\t\t<\/a>\n\t\t\t<\/h2>\n\t\t\t\t\t\t\t\t<div class=\"bdt-post-grid-excerpt\">\n\t\t\t<p>Kako se mo\u017ee u\u010destvovati u projektu MammalNet Mnogo puta se desilo da nai\u0111ete na prega\u017eenu<\/p>\n\t\t\t<\/div>\n\n\t\t\t\t\t\t\t\n\t\t<a href=\"https:\/\/mammalnet.com\/sr\/projekat-mammalnet\/\" class=\"bdt-post-grid-readmore bdt-display-inline-block \">\n\t\t\t\tOp\u0161irnije\t\t\t\t\n\t\t\t\t\t\t\t\t\t\t<span class=\"bdt-button-icon-align-right\">\n\n\t\t\t\t\t\t\t<i aria-hidden=\"true\" class=\"fa-fw far fa-arrow-alt-circle-right\"><\/i>\n\t\t\t\t\t\t<\/span>\n\t\t\t\t\t\t<\/a>\n\t\t\t\t\t\t\t\n\t\t\t\t\t\t\t\t\t\t\t<div class=\"bdt-post-grid-meta bdt-subnav bdt-flex-middle bdt-margin-small-top bdt-padding-remove-horizontal\">\n\t\t\t\t\t\t\t\t\t\t\t\t\t\t<span class=\"bdt-post-grid-date\">\u043c\u0430\u0440\u0442 2, 2022<\/span>\t\t\t\t\t\t\t<span class=\"bdt-post-grid-comments\"><i class=\"ep-bubble\" aria-hidden=\"true\"><\/i> 0<\/span>\t\t\t\t\t\t\t\t\t\t\t\t\t<\/div>\n\t\t\t\t\t\t\t\t\t<\/div>\n\n\t\t\t<\/div>\n\t\t\t  \t\t\t\n\t  \t\t\t\n\t\t\t\t\t\t<div class=\"bdt-post-grid-item bdt-transition-toggle bdt-position-relative bdt-grid bdt-grid-collapse\" data-bdt-grid=\"\">\n\n\t\t\t\t<div class=\"bdt-position-relative bdt-width-auto@s bdt-pg-alter-image\">\n\t\t\t\t\t<div class=\"bdt-post-grid-img-wrap bdt-overflow-hidden\">\n\t\t\t\t<a href=\"https:\/\/mammalnet.com\/sr\/projekat-mammalnet-i-aplikacija-imammalia-obaraju-rekorde\/\" class=\"bdt-transition-scale-up bdt-background-cover bdt-transition-opaque bdt-flex\" title=\"Projekat MammalNet i aplikacija iMammalia obaraju rekorde\" style=\"background-image: url(https:\/\/mammalnet.com\/wp-content\/uploads\/2021\/05\/iMammaliaResult2.png)\">\n  \t\t\t\t<\/a>\n\t\t\t<\/div>\t\t\t\t\t\t\t\t\t<\/div>\n\n\t\t  \t\t<div class=\"bdt-post-grid-desc bdt-width-expand@s bdt-padding bdt-flex-first@s bdt-alter\">\n\t\t\t\t\t<h2 class=\"bdt-post-grid-title bdt-post-grid-title bdt-post-grid-title bdt-post-grid-title\" >\n\t\t\t\t<a href=\"https:\/\/mammalnet.com\/sr\/projekat-mammalnet-i-aplikacija-imammalia-obaraju-rekorde\/\" class=\"bdt-post-grid-link\" title=\"Projekat MammalNet i aplikacija iMammalia obaraju rekorde\">\n\t\t\t\t\tProjekat MammalNet i aplikacija iMammalia obaraju rekorde\n\t\t\t\t<\/a>\n\t\t\t<\/h2>\n\t\t\t\t\t\t\t\t<div class=\"bdt-post-grid-excerpt\">\n\t\t\t<p>Kori\u0161\u0107enjem jednostavne aplikacije za mobilne telefone ostvareno je rekordnih 15.000 opa\u017eanja divljih sisara u slobodnoj<\/p>\n\t\t\t<\/div>\n\n\t\t\t\t\t\t\t\n\t\t<a href=\"https:\/\/mammalnet.com\/sr\/projekat-mammalnet-i-aplikacija-imammalia-obaraju-rekorde\/\" class=\"bdt-post-grid-readmore bdt-display-inline-block \">\n\t\t\t\tOp\u0161irnije\t\t\t\t\n\t\t\t\t\t\t\t\t\t\t<span class=\"bdt-button-icon-align-right\">\n\n\t\t\t\t\t\t\t<i aria-hidden=\"true\" class=\"fa-fw far fa-arrow-alt-circle-right\"><\/i>\n\t\t\t\t\t\t<\/span>\n\t\t\t\t\t\t<\/a>\n\t\t\t\t\t\t\t\n\t\t\t\t\t\t\t\t\t\t\t<div class=\"bdt-post-grid-meta bdt-subnav bdt-flex-middle bdt-margin-small-top bdt-padding-remove-horizontal\">\n\t\t\t\t\t\t\t\t\t\t\t\t\t\t<span class=\"bdt-post-grid-date\">\u043c\u0430\u0440\u0442 2, 2022<\/span>\t\t\t\t\t\t\t<span class=\"bdt-post-grid-comments\"><i class=\"ep-bubble\" aria-hidden=\"true\"><\/i> 0<\/span>\t\t\t\t\t\t\t\t\t\t\t\t\t<\/div>\n\t\t\t\t\t\t\t\t\t<\/div>\n\n\t\t\t<\/div>\n\t\t\t  \t\t\t\n\t  \t\t\t\n\t\t\t\t\t<\/div>\t\n \t\t\t\t\t<div class=\"ep-pagination\">\n\t\t\t\t\t\t\t<\/div>\n\t\t\t\t\t<\/div>\n\t\t\t\t<\/div>\n\t\t\t\t\t<\/div>\n\t\t<\/div>\n\t\t\t\t<div class=\"elementor-column elementor-col-50 elementor-top-column elementor-element elementor-element-6cc0d8b\" data-id=\"6cc0d8b\" data-element_type=\"column\">\n\t\t\t<div class=\"elementor-widget-wrap elementor-element-populated\">\n\t\t\t\t\t\t<div class=\"elementor-element elementor-element-cf7c54b elementor-widget elementor-widget-shortcode\" data-id=\"cf7c54b\" data-element_type=\"widget\" data-widget_type=\"shortcode.default\">\n\t\t\t\t<div class=\"elementor-widget-container\">\n\t\t\t\t\t<div class=\"elementor-shortcode\">\n<!-- Custom Twitter Feeds by Smash Balloon -->\n<div id=\"ctf\" class=\" ctf ctf-type-usertimeline ctf-feed-1  ctf-styles ctf-list ctf-regular-style\"   data-ctfshortcode=\"{&quot;feed&quot;:1}\"   data-ctfdisablelinks=\"false\" data-ctflinktextcolor=\"#\" data-header-size=\"small\" data-feedid=\"1\" data-postid=\"24072\"  data-feed=\"1\" data-ctfintents=\"1\"  data-ctfneeded=\"2\">\n            <div id=\"ctf\" class=\"ctf\">\n            <div class=\"ctf-error\">\n                <div class=\"ctf-error-user\">\n\t\t\t\t\tTwitter feed is not available at the moment.                <\/div>\n            <\/div>\n        <\/div>\n\t\t    <div class=\"ctf-tweets\">\n   \t\t    <\/div>\n    \n<\/div>\n<\/div>\n\t\t\t\t<\/div>\n\t\t\t\t<\/div>\n\t\t\t\t\t<\/div>\n\t\t<\/div>\n\t\t\t\t\t<\/div>\n\t\t<\/section>\n\t\t\t\t<\/div>\n\t\t","protected":false},"excerpt":{"rendered":"<p>Mammalnet blog Na ovom blogu mo\u017eete pro\u010ditati ne\u0161to vi\u0161e o sisarima koji \u017eive u na\u0161em okru\u017eenju. Sazna\u0107ete kako mo\u017eete da nam pomognete u njihovom o\u010duvanju i koji su glavni problemi u pogledu njihove za\u0161tite. Mo\u017eete nau\u010diti kako da prepoznate i bolje razumete vrste koje posmatrate u prirodi. Tako\u0111e, ovde mo\u017eete da pratite najnovije vesti i &#8230; <a title=\"Projekat MammalNet i aplikacija iMammalia obaraju rekorde\" class=\"read-more\" href=\"https:\/\/mammalnet.com\/sr\/projekat-mammalnet-i-aplikacija-imammalia-obaraju-rekorde\/\" aria-label=\"More on Projekat MammalNet i aplikacija iMammalia obaraju rekorde\">Read more<\/a><\/p>\n","protected":false},"author":1,"featured_media":0,"parent":0,"menu_order":0,"comment_status":"closed","ping_status":"closed","template":"elementor_header_footer","meta":{"_acf_changed":false,"footnotes":""},"acf":[],"yoast_head":"<!-- This site is optimized with the Yoast SEO plugin v22.1 - https:\/\/yoast.com\/wordpress\/plugins\/seo\/ -->\n<title>Blog - Mammalnet<\/title>\n<meta name=\"robots\" content=\"index, follow, max-snippet:-1, max-image-preview:large, max-video-preview:-1\" \/>\n<link rel=\"canonical\" href=\"https:\/\/mammalnet.com\/sr\/blog\/\" \/>\n<meta property=\"og:locale\" content=\"sr_RS\" \/>\n<meta property=\"og:type\" content=\"article\" \/>\n<meta property=\"og:title\" content=\"Blog - Mammalnet\" \/>\n<meta property=\"og:description\" content=\"Mammalnet blog Na ovom blogu mo\u017eete pro\u010ditati ne\u0161to vi\u0161e o sisarima koji \u017eive u na\u0161em okru\u017eenju. Sazna\u0107ete kako mo\u017eete da nam pomognete u njihovom o\u010duvanju i koji su glavni problemi u pogledu njihove za\u0161tite. Mo\u017eete nau\u010diti kako da prepoznate i bolje razumete vrste koje posmatrate u prirodi. Tako\u0111e, ovde mo\u017eete da pratite najnovije vesti i ... Read more\" \/>\n<meta property=\"og:url\" content=\"https:\/\/mammalnet.com\/sr\/blog\/\" \/>\n<meta property=\"og:site_name\" content=\"Mammalnet\" \/>\n<meta property=\"article:publisher\" content=\"https:\/\/www.facebook.com\/MammalNet-106550637394937\/\" \/>\n<meta property=\"article:modified_time\" content=\"2021-05-27T16:01:10+00:00\" \/>\n<meta property=\"og:image\" content=\"https:\/\/mammalnet.com\/wp-content\/uploads\/2019\/11\/blog-1024x752.png\" \/>\n<meta name=\"twitter:card\" content=\"summary_large_image\" \/>\n<meta name=\"twitter:site\" content=\"@mammalnet_eu\" \/>\n<meta name=\"twitter:label1\" content=\"\u041f\u0440\u043e\u0446\u0435\u045a\u0435\u043d\u043e \u0432\u0440\u0435\u043c\u0435 \u0447\u0438\u0442\u0430\u045a\u0430\" \/>\n\t<meta name=\"twitter:data1\" content=\"1 \u043c\u0438\u043d\u0443\u0442\" \/>\n<script type=\"application\/ld+json\" class=\"yoast-schema-graph\">{\"@context\":\"https:\/\/schema.org\",\"@graph\":[{\"@type\":\"WebPage\",\"@id\":\"https:\/\/mammalnet.com\/sr\/blog\/\",\"url\":\"https:\/\/mammalnet.com\/sr\/blog\/\",\"name\":\"Blog - Mammalnet\",\"isPartOf\":{\"@id\":\"https:\/\/mammalnet.com\/#website\"},\"datePublished\":\"2021-04-13T09:59:12+00:00\",\"dateModified\":\"2021-05-27T16:01:10+00:00\",\"breadcrumb\":{\"@id\":\"https:\/\/mammalnet.com\/sr\/blog\/#breadcrumb\"},\"inLanguage\":\"sr-RS\",\"potentialAction\":[{\"@type\":\"ReadAction\",\"target\":[\"https:\/\/mammalnet.com\/sr\/blog\/\"]}]},{\"@type\":\"BreadcrumbList\",\"@id\":\"https:\/\/mammalnet.com\/sr\/blog\/#breadcrumb\",\"itemListElement\":[{\"@type\":\"ListItem\",\"position\":1,\"name\":\"Home\",\"item\":\"https:\/\/mammalnet.com\/sr\/\"},{\"@type\":\"ListItem\",\"position\":2,\"name\":\"Blog\"}]},{\"@type\":\"WebSite\",\"@id\":\"https:\/\/mammalnet.com\/#website\",\"url\":\"https:\/\/mammalnet.com\/\",\"name\":\"Mammalnet\",\"description\":\"Citizen Science\",\"publisher\":{\"@id\":\"https:\/\/mammalnet.com\/#organization\"},\"potentialAction\":[{\"@type\":\"SearchAction\",\"target\":{\"@type\":\"EntryPoint\",\"urlTemplate\":\"https:\/\/mammalnet.com\/?s={search_term_string}\"},\"query-input\":\"required name=search_term_string\"}],\"inLanguage\":\"sr-RS\"},{\"@type\":\"Organization\",\"@id\":\"https:\/\/mammalnet.com\/#organization\",\"name\":\"Mammalnet\",\"url\":\"https:\/\/mammalnet.com\/\",\"logo\":{\"@type\":\"ImageObject\",\"inLanguage\":\"sr-RS\",\"@id\":\"https:\/\/mammalnet.com\/#\/schema\/logo\/image\/\",\"url\":\"https:\/\/mammalnet.com\/wp-content\/uploads\/2019\/08\/logo.png\",\"contentUrl\":\"https:\/\/mammalnet.com\/wp-content\/uploads\/2019\/08\/logo.png\",\"width\":991,\"height\":284,\"caption\":\"Mammalnet\"},\"image\":{\"@id\":\"https:\/\/mammalnet.com\/#\/schema\/logo\/image\/\"},\"sameAs\":[\"https:\/\/www.facebook.com\/MammalNet-106550637394937\/\",\"https:\/\/twitter.com\/mammalnet_eu\"]}]}<\/script>\n<!-- \/ Yoast SEO plugin. -->","yoast_head_json":{"title":"Blog - Mammalnet","robots":{"index":"index","follow":"follow","max-snippet":"max-snippet:-1","max-image-preview":"max-image-preview:large","max-video-preview":"max-video-preview:-1"},"canonical":"https:\/\/mammalnet.com\/sr\/blog\/","og_locale":"sr_RS","og_type":"article","og_title":"Blog - Mammalnet","og_description":"Mammalnet blog Na ovom blogu mo\u017eete pro\u010ditati ne\u0161to vi\u0161e o sisarima koji \u017eive u na\u0161em okru\u017eenju. Sazna\u0107ete kako mo\u017eete da nam pomognete u njihovom o\u010duvanju i koji su glavni problemi u pogledu njihove za\u0161tite. Mo\u017eete nau\u010diti kako da prepoznate i bolje razumete vrste koje posmatrate u prirodi. Tako\u0111e, ovde mo\u017eete da pratite najnovije vesti i ... Read more","og_url":"https:\/\/mammalnet.com\/sr\/blog\/","og_site_name":"Mammalnet","article_publisher":"https:\/\/www.facebook.com\/MammalNet-106550637394937\/","article_modified_time":"2021-05-27T16:01:10+00:00","og_image":[{"url":"https:\/\/mammalnet.com\/wp-content\/uploads\/2019\/11\/blog-1024x752.png"}],"twitter_card":"summary_large_image","twitter_site":"@mammalnet_eu","twitter_misc":{"\u041f\u0440\u043e\u0446\u0435\u045a\u0435\u043d\u043e \u0432\u0440\u0435\u043c\u0435 \u0447\u0438\u0442\u0430\u045a\u0430":"1 \u043c\u0438\u043d\u0443\u0442"},"schema":{"@context":"https:\/\/schema.org","@graph":[{"@type":"WebPage","@id":"https:\/\/mammalnet.com\/sr\/blog\/","url":"https:\/\/mammalnet.com\/sr\/blog\/","name":"Blog - Mammalnet","isPartOf":{"@id":"https:\/\/mammalnet.com\/#website"},"datePublished":"2021-04-13T09:59:12+00:00","dateModified":"2021-05-27T16:01:10+00:00","breadcrumb":{"@id":"https:\/\/mammalnet.com\/sr\/blog\/#breadcrumb"},"inLanguage":"sr-RS","potentialAction":[{"@type":"ReadAction","target":["https:\/\/mammalnet.com\/sr\/blog\/"]}]},{"@type":"BreadcrumbList","@id":"https:\/\/mammalnet.com\/sr\/blog\/#breadcrumb","itemListElement":[{"@type":"ListItem","position":1,"name":"Home","item":"https:\/\/mammalnet.com\/sr\/"},{"@type":"ListItem","position":2,"name":"Blog"}]},{"@type":"WebSite","@id":"https:\/\/mammalnet.com\/#website","url":"https:\/\/mammalnet.com\/","name":"Mammalnet","description":"Citizen Science","publisher":{"@id":"https:\/\/mammalnet.com\/#organization"},"potentialAction":[{"@type":"SearchAction","target":{"@type":"EntryPoint","urlTemplate":"https:\/\/mammalnet.com\/?s={search_term_string}"},"query-input":"required name=search_term_string"}],"inLanguage":"sr-RS"},{"@type":"Organization","@id":"https:\/\/mammalnet.com\/#organization","name":"Mammalnet","url":"https:\/\/mammalnet.com\/","logo":{"@type":"ImageObject","inLanguage":"sr-RS","@id":"https:\/\/mammalnet.com\/#\/schema\/logo\/image\/","url":"https:\/\/mammalnet.com\/wp-content\/uploads\/2019\/08\/logo.png","contentUrl":"https:\/\/mammalnet.com\/wp-content\/uploads\/2019\/08\/logo.png","width":991,"height":284,"caption":"Mammalnet"},"image":{"@id":"https:\/\/mammalnet.com\/#\/schema\/logo\/image\/"},"sameAs":["https:\/\/www.facebook.com\/MammalNet-106550637394937\/","https:\/\/twitter.com\/mammalnet_eu"]}]}},"_links":{"self":[{"href":"https:\/\/mammalnet.com\/sr\/wp-json\/wp\/v2\/pages\/12193"}],"collection":[{"href":"https:\/\/mammalnet.com\/sr\/wp-json\/wp\/v2\/pages"}],"about":[{"href":"https:\/\/mammalnet.com\/sr\/wp-json\/wp\/v2\/types\/page"}],"author":[{"embeddable":true,"href":"https:\/\/mammalnet.com\/sr\/wp-json\/wp\/v2\/users\/1"}],"replies":[{"embeddable":true,"href":"https:\/\/mammalnet.com\/sr\/wp-json\/wp\/v2\/comments?post=12193"}],"version-history":[{"count":2,"href":"https:\/\/mammalnet.com\/sr\/wp-json\/wp\/v2\/pages\/12193\/revisions"}],"predecessor-version":[{"id":14935,"href":"https:\/\/mammalnet.com\/sr\/wp-json\/wp\/v2\/pages\/12193\/revisions\/14935"}],"wp:attachment":[{"href":"https:\/\/mammalnet.com\/sr\/wp-json\/wp\/v2\/media?parent=12193"}],"curies":[{"name":"wp","href":"https:\/\/api.w.org\/{rel}","templated":true}]}}