{"id":9207,"date":"2020-04-17T11:09:19","date_gmt":"2020-04-17T10:09:19","guid":{"rendered":"https:\/\/pruebas.mammalnet.com\/zdjecie-z-wynikami-miesiaca-iii\/"},"modified":"2020-08-25T10:33:00","modified_gmt":"2020-08-25T09:33:00","slug":"zdjecie-z-wynikami-miesiaca-iii","status":"publish","type":"page","link":"https:\/\/mammalnet.com\/pl\/zdjecie-z-wynikami-miesiaca-iii\/","title":{"rendered":"zdjecie-z-wynikami-miesiaca-3"},"content":{"rendered":"\t\t<div data-elementor-type=\"wp-page\" data-elementor-id=\"9207\" class=\"elementor elementor-9207 elementor-9190\" data-elementor-post-type=\"page\">\n\t\t\t\t\t\t<section class=\"elementor-section elementor-top-section elementor-element elementor-element-9b20de1 elementor-section-boxed elementor-section-height-default elementor-section-height-default\" data-id=\"9b20de1\" data-element_type=\"section\">\n\t\t\t\t\t\t<div class=\"elementor-container elementor-column-gap-default\">\n\t\t\t\t\t<div class=\"elementor-column elementor-col-100 elementor-top-column elementor-element elementor-element-62c3df6\" data-id=\"62c3df6\" data-element_type=\"column\">\n\t\t\t<div class=\"elementor-widget-wrap elementor-element-populated\">\n\t\t\t\t\t\t<div class=\"elementor-element elementor-element-448f676 elementor-widget elementor-widget-text-editor\" data-id=\"448f676\" data-element_type=\"widget\" data-widget_type=\"text-editor.default\">\n\t\t\t\t<div class=\"elementor-widget-container\">\n\t\t\t\t\t\t\t<p>Je\u015bli chcesz wzi\u0105\u0107 udzia\u0142 w g\u0142osowaniu, prze\u015blij swoje zdj\u0119cie wraz ze wsp\u00f3\u0142rz\u0119dnymi geograficznymi i dat\u0105 jego wykonania, u\u017cywaj\u0105c aplikacji iMammalia .<\/p>\n\t\t\t\t\t\t<\/div>\n\t\t\t\t<\/div>\n\t\t\t\t<div class=\"elementor-element elementor-element-153f170 elementor-widget elementor-widget-heading\" data-id=\"153f170\" data-element_type=\"widget\" data-widget_type=\"heading.default\">\n\t\t\t\t<div class=\"elementor-widget-container\">\n\t\t\t<h2 class=\"elementor-heading-title elementor-size-default\">WYNIKI   -- 758 \ud83d\uddf3<br><\/h2>\t\t<\/div>\n\t\t\t\t<\/div>\n\t\t\t\t\t<\/div>\n\t\t<\/div>\n\t\t\t\t\t<\/div>\n\t\t<\/section>\n\t\t\t\t<section class=\"elementor-section elementor-top-section elementor-element elementor-element-ba27904 elementor-section-boxed elementor-section-height-default elementor-section-height-default\" data-id=\"ba27904\" data-element_type=\"section\">\n\t\t\t\t\t\t<div class=\"elementor-container elementor-column-gap-default\">\n\t\t\t\t\t<div class=\"elementor-column elementor-col-100 elementor-top-column elementor-element elementor-element-94a3f23\" data-id=\"94a3f23\" data-element_type=\"column\">\n\t\t\t<div class=\"elementor-widget-wrap elementor-element-populated\">\n\t\t\t\t\t\t<div class=\"elementor-element elementor-element-37e8e52 elementor-widget elementor-widget-image\" data-id=\"37e8e52\" data-element_type=\"widget\" data-widget_type=\"image.default\">\n\t\t\t\t<div class=\"elementor-widget-container\">\n\t\t\t\t\t\t\t\t\t\t\t\t\t<img fetchpriority=\"high\" decoding=\"async\" width=\"1000\" height=\"750\" src=\"https:\/\/mammalnet.com\/wp-content\/uploads\/2020\/03\/N_Barbe_21b4b20f89ff1bd925205ddd0ed2661262311e6e.jpg\" class=\"attachment-large size-large wp-image-8900\" alt=\"\" srcset=\"https:\/\/mammalnet.com\/wp-content\/uploads\/2020\/03\/N_Barbe_21b4b20f89ff1bd925205ddd0ed2661262311e6e.jpg 1000w, https:\/\/mammalnet.com\/wp-content\/uploads\/2020\/03\/N_Barbe_21b4b20f89ff1bd925205ddd0ed2661262311e6e-300x225.jpg 300w, https:\/\/mammalnet.com\/wp-content\/uploads\/2020\/03\/N_Barbe_21b4b20f89ff1bd925205ddd0ed2661262311e6e-768x576.jpg 768w, https:\/\/mammalnet.com\/wp-content\/uploads\/2020\/03\/N_Barbe_21b4b20f89ff1bd925205ddd0ed2661262311e6e-650x488.jpg 650w\" sizes=\"(max-width: 1000px) 100vw, 1000px\" \/>\t\t\t\t\t\t\t\t\t\t\t\t\t<\/div>\n\t\t\t\t<\/div>\n\t\t\t\t<div class=\"elementor-element elementor-element-d65f94e elementor-widget elementor-widget-text-editor\" data-id=\"d65f94e\" data-element_type=\"widget\" data-widget_type=\"text-editor.default\">\n\t\t\t\t<div class=\"elementor-widget-container\">\n\t\t\t\t\t\t\t<p><b>N. Barb\u00e9<\/b> &#8211; 46% \u2764\ufe0f\u2764\ufe0f\u2764\ufe0f<\/p>\n\t\t\t\t\t\t<\/div>\n\t\t\t\t<\/div>\n\t\t\t\t\t<\/div>\n\t\t<\/div>\n\t\t\t\t\t<\/div>\n\t\t<\/section>\n\t\t\t\t<section class=\"elementor-section elementor-top-section elementor-element elementor-element-c82975d elementor-section-boxed elementor-section-height-default elementor-section-height-default\" data-id=\"c82975d\" data-element_type=\"section\">\n\t\t\t\t\t\t<div class=\"elementor-container elementor-column-gap-default\">\n\t\t\t\t\t<div class=\"elementor-column elementor-col-100 elementor-top-column elementor-element elementor-element-1c04b48\" data-id=\"1c04b48\" data-element_type=\"column\">\n\t\t\t<div class=\"elementor-widget-wrap elementor-element-populated\">\n\t\t\t\t\t\t<section class=\"elementor-section elementor-inner-section elementor-element elementor-element-ab51d6f elementor-section-boxed elementor-section-height-default elementor-section-height-default\" data-id=\"ab51d6f\" data-element_type=\"section\">\n\t\t\t\t\t\t<div class=\"elementor-container elementor-column-gap-default\">\n\t\t\t\t\t<div class=\"elementor-column elementor-col-50 elementor-inner-column elementor-element elementor-element-39719b1\" data-id=\"39719b1\" data-element_type=\"column\">\n\t\t\t<div class=\"elementor-widget-wrap elementor-element-populated\">\n\t\t\t\t\t\t<div class=\"elementor-element elementor-element-331f956 elementor-widget elementor-widget-image\" data-id=\"331f956\" data-element_type=\"widget\" data-widget_type=\"image.default\">\n\t\t\t\t<div class=\"elementor-widget-container\">\n\t\t\t\t\t\t\t\t\t\t\t\t\t<img decoding=\"async\" width=\"300\" height=\"200\" src=\"https:\/\/mammalnet.com\/wp-content\/uploads\/2020\/03\/TilmannAdler_fde49c15e7c719692d0cc4e11849de6d092ad699-300x200.jpg\" class=\"attachment-medium size-medium wp-image-8890\" alt=\"\" srcset=\"https:\/\/mammalnet.com\/wp-content\/uploads\/2020\/03\/TilmannAdler_fde49c15e7c719692d0cc4e11849de6d092ad699-300x200.jpg 300w, https:\/\/mammalnet.com\/wp-content\/uploads\/2020\/03\/TilmannAdler_fde49c15e7c719692d0cc4e11849de6d092ad699-768x511.jpg 768w, https:\/\/mammalnet.com\/wp-content\/uploads\/2020\/03\/TilmannAdler_fde49c15e7c719692d0cc4e11849de6d092ad699-650x433.jpg 650w, https:\/\/mammalnet.com\/wp-content\/uploads\/2020\/03\/TilmannAdler_fde49c15e7c719692d0cc4e11849de6d092ad699.jpg 1000w\" sizes=\"(max-width: 300px) 100vw, 300px\" \/>\t\t\t\t\t\t\t\t\t\t\t\t\t<\/div>\n\t\t\t\t<\/div>\n\t\t\t\t<div class=\"elementor-element elementor-element-4be8cf9 elementor-widget elementor-widget-text-editor\" data-id=\"4be8cf9\" data-element_type=\"widget\" data-widget_type=\"text-editor.default\">\n\t\t\t\t<div class=\"elementor-widget-container\">\n\t\t\t\t\t\t\t<p style=\"text-align: center;\">Tilman Alder<br \/>28%\u00a0\u2764\ufe0f\u2764\ufe0f<\/p>\n\t\t\t\t\t\t<\/div>\n\t\t\t\t<\/div>\n\t\t\t\t<div class=\"elementor-element elementor-element-0eeac0a elementor-widget elementor-widget-image\" data-id=\"0eeac0a\" data-element_type=\"widget\" data-widget_type=\"image.default\">\n\t\t\t\t<div class=\"elementor-widget-container\">\n\t\t\t\t\t\t\t\t\t\t\t\t\t<img decoding=\"async\" width=\"300\" height=\"217\" src=\"https:\/\/mammalnet.com\/wp-content\/uploads\/2020\/03\/Romeo_Mance_aba6570175c1e9ad9ac3856a58de0c7132477404-e1584121475298-300x217.jpg\" class=\"attachment-medium size-medium wp-image-8880\" alt=\"\" srcset=\"https:\/\/mammalnet.com\/wp-content\/uploads\/2020\/03\/Romeo_Mance_aba6570175c1e9ad9ac3856a58de0c7132477404-e1584121475298-300x217.jpg 300w, https:\/\/mammalnet.com\/wp-content\/uploads\/2020\/03\/Romeo_Mance_aba6570175c1e9ad9ac3856a58de0c7132477404-e1584121475298-650x470.jpg 650w, https:\/\/mammalnet.com\/wp-content\/uploads\/2020\/03\/Romeo_Mance_aba6570175c1e9ad9ac3856a58de0c7132477404-e1584121475298.jpg 667w\" sizes=\"(max-width: 300px) 100vw, 300px\" \/>\t\t\t\t\t\t\t\t\t\t\t\t\t<\/div>\n\t\t\t\t<\/div>\n\t\t\t\t<div class=\"elementor-element elementor-element-0423544 elementor-widget elementor-widget-text-editor\" data-id=\"0423544\" data-element_type=\"widget\" data-widget_type=\"text-editor.default\">\n\t\t\t\t<div class=\"elementor-widget-container\">\n\t\t\t\t\t\t\t<p>Romeo Mance<br \/>3%\u00a0\u2764\ufe0f<\/p>\n\t\t\t\t\t\t<\/div>\n\t\t\t\t<\/div>\n\t\t\t\t\t<\/div>\n\t\t<\/div>\n\t\t\t\t<div class=\"elementor-column elementor-col-50 elementor-inner-column elementor-element elementor-element-6dc097f\" data-id=\"6dc097f\" data-element_type=\"column\">\n\t\t\t<div class=\"elementor-widget-wrap elementor-element-populated\">\n\t\t\t\t\t\t<div class=\"elementor-element elementor-element-4a16678 elementor-widget elementor-widget-image\" data-id=\"4a16678\" data-element_type=\"widget\" data-widget_type=\"image.default\">\n\t\t\t\t<div class=\"elementor-widget-container\">\n\t\t\t\t\t\t\t\t\t\t\t\t\t<img loading=\"lazy\" decoding=\"async\" width=\"300\" height=\"200\" src=\"https:\/\/mammalnet.com\/wp-content\/uploads\/2019\/10\/Guido-Casati_e99ea186533c94b22db2464005273705938d17a8-300x200.jpg\" class=\"attachment-medium size-medium wp-image-8916\" alt=\"\" srcset=\"https:\/\/mammalnet.com\/wp-content\/uploads\/2019\/10\/Guido-Casati_e99ea186533c94b22db2464005273705938d17a8-300x200.jpg 300w, https:\/\/mammalnet.com\/wp-content\/uploads\/2019\/10\/Guido-Casati_e99ea186533c94b22db2464005273705938d17a8-768x511.jpg 768w, https:\/\/mammalnet.com\/wp-content\/uploads\/2019\/10\/Guido-Casati_e99ea186533c94b22db2464005273705938d17a8-650x433.jpg 650w, https:\/\/mammalnet.com\/wp-content\/uploads\/2019\/10\/Guido-Casati_e99ea186533c94b22db2464005273705938d17a8.jpg 1000w\" sizes=\"(max-width: 300px) 100vw, 300px\" \/>\t\t\t\t\t\t\t\t\t\t\t\t\t<\/div>\n\t\t\t\t<\/div>\n\t\t\t\t<div class=\"elementor-element elementor-element-e90e150 elementor-widget elementor-widget-text-editor\" data-id=\"e90e150\" data-element_type=\"widget\" data-widget_type=\"text-editor.default\">\n\t\t\t\t<div class=\"elementor-widget-container\">\n\t\t\t\t\t\t\t<p>Guido Casati<br \/>22%\u00a0\u2764\ufe0f\u2764\ufe0f<\/p>\n\t\t\t\t\t\t<\/div>\n\t\t\t\t<\/div>\n\t\t\t\t<div class=\"elementor-element elementor-element-cf37af8 elementor-widget elementor-widget-image\" data-id=\"cf37af8\" data-element_type=\"widget\" data-widget_type=\"image.default\">\n\t\t\t\t<div class=\"elementor-widget-container\">\n\t\t\t\t\t\t\t\t\t\t\t\t\t<img loading=\"lazy\" decoding=\"async\" width=\"300\" height=\"194\" src=\"https:\/\/mammalnet.com\/wp-content\/uploads\/2020\/03\/Javier_Ferreres_d2869f6b99d248fa899eb84f2c106b6ea4517b48-e1584121512346-300x194.jpg\" class=\"attachment-medium size-medium wp-image-8905\" alt=\"\" srcset=\"https:\/\/mammalnet.com\/wp-content\/uploads\/2020\/03\/Javier_Ferreres_d2869f6b99d248fa899eb84f2c106b6ea4517b48-e1584121512346-300x194.jpg 300w, https:\/\/mammalnet.com\/wp-content\/uploads\/2020\/03\/Javier_Ferreres_d2869f6b99d248fa899eb84f2c106b6ea4517b48-e1584121512346-650x419.jpg 650w, https:\/\/mammalnet.com\/wp-content\/uploads\/2020\/03\/Javier_Ferreres_d2869f6b99d248fa899eb84f2c106b6ea4517b48-e1584121512346-768x495.jpg 768w, https:\/\/mammalnet.com\/wp-content\/uploads\/2020\/03\/Javier_Ferreres_d2869f6b99d248fa899eb84f2c106b6ea4517b48-e1584121512346.jpg 775w\" sizes=\"(max-width: 300px) 100vw, 300px\" \/>\t\t\t\t\t\t\t\t\t\t\t\t\t<\/div>\n\t\t\t\t<\/div>\n\t\t\t\t<div class=\"elementor-element elementor-element-d109782 elementor-widget elementor-widget-text-editor\" data-id=\"d109782\" data-element_type=\"widget\" data-widget_type=\"text-editor.default\">\n\t\t\t\t<div class=\"elementor-widget-container\">\n\t\t\t\t\t\t\t<p>Javier Ferreres<br \/>1%\u00a0\u00a0\u2764\ufe0f<\/p>\n\t\t\t\t\t\t<\/div>\n\t\t\t\t<\/div>\n\t\t\t\t\t<\/div>\n\t\t<\/div>\n\t\t\t\t\t<\/div>\n\t\t<\/section>\n\t\t\t\t\t<\/div>\n\t\t<\/div>\n\t\t\t\t\t<\/div>\n\t\t<\/section>\n\t\t\t\t<\/div>\n\t\t","protected":false},"excerpt":{"rendered":"<p>Je\u015bli chcesz wzi\u0105\u0107 udzia\u0142 w g\u0142osowaniu, prze\u015blij swoje zdj\u0119cie wraz ze wsp\u00f3\u0142rz\u0119dnymi geograficznymi i dat\u0105 jego wykonania, u\u017cywaj\u0105c aplikacji iMammalia . WYNIKI &#8212; 758 \ud83d\uddf3 N. Barb\u00e9 &#8211; 46% \u2764\ufe0f\u2764\ufe0f\u2764\ufe0f Tilman Alder28%\u00a0\u2764\ufe0f\u2764\ufe0f Romeo Mance3%\u00a0\u2764\ufe0f Guido Casati22%\u00a0\u2764\ufe0f\u2764\ufe0f Javier Ferreres1%\u00a0\u00a0\u2764\ufe0f<\/p>\n","protected":false},"author":2,"featured_media":0,"parent":0,"menu_order":0,"comment_status":"closed","ping_status":"closed","template":"","meta":{"_acf_changed":false,"footnotes":""},"acf":[],"yoast_head":"<!-- This site is optimized with the Yoast SEO plugin v22.1 - https:\/\/yoast.com\/wordpress\/plugins\/seo\/ -->\n<title>zdjecie-z-wynikami-miesiaca-3 - Mammalnet<\/title>\n<meta name=\"robots\" content=\"index, follow, max-snippet:-1, max-image-preview:large, max-video-preview:-1\" \/>\n<link rel=\"canonical\" href=\"https:\/\/mammalnet.com\/pl\/zdjecie-z-wynikami-miesiaca-iii\/\" \/>\n<meta property=\"og:locale\" content=\"pl_PL\" \/>\n<meta property=\"og:type\" content=\"article\" \/>\n<meta property=\"og:title\" content=\"zdjecie-z-wynikami-miesiaca-3 - Mammalnet\" \/>\n<meta property=\"og:description\" content=\"Je\u015bli chcesz wzi\u0105\u0107 udzia\u0142 w g\u0142osowaniu, prze\u015blij swoje zdj\u0119cie wraz ze wsp\u00f3\u0142rz\u0119dnymi geograficznymi i dat\u0105 jego wykonania, u\u017cywaj\u0105c aplikacji iMammalia . WYNIKI &#8212; 758 \ud83d\uddf3 N. Barb\u00e9 &#8211; 46% \u2764\ufe0f\u2764\ufe0f\u2764\ufe0f Tilman Alder28%\u00a0\u2764\ufe0f\u2764\ufe0f Romeo Mance3%\u00a0\u2764\ufe0f Guido Casati22%\u00a0\u2764\ufe0f\u2764\ufe0f Javier Ferreres1%\u00a0\u00a0\u2764\ufe0f\" \/>\n<meta property=\"og:url\" content=\"https:\/\/mammalnet.com\/pl\/zdjecie-z-wynikami-miesiaca-iii\/\" \/>\n<meta property=\"og:site_name\" content=\"Mammalnet\" \/>\n<meta property=\"article:publisher\" content=\"https:\/\/www.facebook.com\/MammalNet-106550637394937\/\" \/>\n<meta property=\"article:modified_time\" content=\"2020-08-25T09:33:00+00:00\" \/>\n<meta property=\"og:image\" content=\"https:\/\/mammalnet.com\/wp-content\/uploads\/2020\/03\/N_Barbe_21b4b20f89ff1bd925205ddd0ed2661262311e6e.jpg\" \/>\n<meta name=\"twitter:card\" content=\"summary_large_image\" \/>\n<meta name=\"twitter:site\" content=\"@mammalnet_eu\" \/>\n<script type=\"application\/ld+json\" class=\"yoast-schema-graph\">{\"@context\":\"https:\/\/schema.org\",\"@graph\":[{\"@type\":\"WebPage\",\"@id\":\"https:\/\/mammalnet.com\/pl\/zdjecie-z-wynikami-miesiaca-iii\/\",\"url\":\"https:\/\/mammalnet.com\/pl\/zdjecie-z-wynikami-miesiaca-iii\/\",\"name\":\"zdjecie-z-wynikami-miesiaca-3 - Mammalnet\",\"isPartOf\":{\"@id\":\"https:\/\/mammalnet.com\/#website\"},\"datePublished\":\"2020-04-17T10:09:19+00:00\",\"dateModified\":\"2020-08-25T09:33:00+00:00\",\"breadcrumb\":{\"@id\":\"https:\/\/mammalnet.com\/pl\/zdjecie-z-wynikami-miesiaca-iii\/#breadcrumb\"},\"inLanguage\":\"pl-PL\",\"potentialAction\":[{\"@type\":\"ReadAction\",\"target\":[\"https:\/\/mammalnet.com\/pl\/zdjecie-z-wynikami-miesiaca-iii\/\"]}]},{\"@type\":\"BreadcrumbList\",\"@id\":\"https:\/\/mammalnet.com\/pl\/zdjecie-z-wynikami-miesiaca-iii\/#breadcrumb\",\"itemListElement\":[{\"@type\":\"ListItem\",\"position\":1,\"name\":\"Home\",\"item\":\"https:\/\/mammalnet.com\/\"},{\"@type\":\"ListItem\",\"position\":2,\"name\":\"zdjecie-z-wynikami-miesiaca-3\"}]},{\"@type\":\"WebSite\",\"@id\":\"https:\/\/mammalnet.com\/#website\",\"url\":\"https:\/\/mammalnet.com\/\",\"name\":\"Mammalnet\",\"description\":\"Citizen Science\",\"publisher\":{\"@id\":\"https:\/\/mammalnet.com\/#organization\"},\"potentialAction\":[{\"@type\":\"SearchAction\",\"target\":{\"@type\":\"EntryPoint\",\"urlTemplate\":\"https:\/\/mammalnet.com\/?s={search_term_string}\"},\"query-input\":\"required name=search_term_string\"}],\"inLanguage\":\"pl-PL\"},{\"@type\":\"Organization\",\"@id\":\"https:\/\/mammalnet.com\/#organization\",\"name\":\"Mammalnet\",\"url\":\"https:\/\/mammalnet.com\/\",\"logo\":{\"@type\":\"ImageObject\",\"inLanguage\":\"pl-PL\",\"@id\":\"https:\/\/mammalnet.com\/#\/schema\/logo\/image\/\",\"url\":\"https:\/\/mammalnet.com\/wp-content\/uploads\/2019\/08\/logo.png\",\"contentUrl\":\"https:\/\/mammalnet.com\/wp-content\/uploads\/2019\/08\/logo.png\",\"width\":991,\"height\":284,\"caption\":\"Mammalnet\"},\"image\":{\"@id\":\"https:\/\/mammalnet.com\/#\/schema\/logo\/image\/\"},\"sameAs\":[\"https:\/\/www.facebook.com\/MammalNet-106550637394937\/\",\"https:\/\/twitter.com\/mammalnet_eu\"]}]}<\/script>\n<!-- \/ Yoast SEO plugin. -->","yoast_head_json":{"title":"zdjecie-z-wynikami-miesiaca-3 - Mammalnet","robots":{"index":"index","follow":"follow","max-snippet":"max-snippet:-1","max-image-preview":"max-image-preview:large","max-video-preview":"max-video-preview:-1"},"canonical":"https:\/\/mammalnet.com\/pl\/zdjecie-z-wynikami-miesiaca-iii\/","og_locale":"pl_PL","og_type":"article","og_title":"zdjecie-z-wynikami-miesiaca-3 - Mammalnet","og_description":"Je\u015bli chcesz wzi\u0105\u0107 udzia\u0142 w g\u0142osowaniu, prze\u015blij swoje zdj\u0119cie wraz ze wsp\u00f3\u0142rz\u0119dnymi geograficznymi i dat\u0105 jego wykonania, u\u017cywaj\u0105c aplikacji iMammalia . WYNIKI &#8212; 758 \ud83d\uddf3 N. Barb\u00e9 &#8211; 46% \u2764\ufe0f\u2764\ufe0f\u2764\ufe0f Tilman Alder28%\u00a0\u2764\ufe0f\u2764\ufe0f Romeo Mance3%\u00a0\u2764\ufe0f Guido Casati22%\u00a0\u2764\ufe0f\u2764\ufe0f Javier Ferreres1%\u00a0\u00a0\u2764\ufe0f","og_url":"https:\/\/mammalnet.com\/pl\/zdjecie-z-wynikami-miesiaca-iii\/","og_site_name":"Mammalnet","article_publisher":"https:\/\/www.facebook.com\/MammalNet-106550637394937\/","article_modified_time":"2020-08-25T09:33:00+00:00","og_image":[{"url":"https:\/\/mammalnet.com\/wp-content\/uploads\/2020\/03\/N_Barbe_21b4b20f89ff1bd925205ddd0ed2661262311e6e.jpg"}],"twitter_card":"summary_large_image","twitter_site":"@mammalnet_eu","schema":{"@context":"https:\/\/schema.org","@graph":[{"@type":"WebPage","@id":"https:\/\/mammalnet.com\/pl\/zdjecie-z-wynikami-miesiaca-iii\/","url":"https:\/\/mammalnet.com\/pl\/zdjecie-z-wynikami-miesiaca-iii\/","name":"zdjecie-z-wynikami-miesiaca-3 - Mammalnet","isPartOf":{"@id":"https:\/\/mammalnet.com\/#website"},"datePublished":"2020-04-17T10:09:19+00:00","dateModified":"2020-08-25T09:33:00+00:00","breadcrumb":{"@id":"https:\/\/mammalnet.com\/pl\/zdjecie-z-wynikami-miesiaca-iii\/#breadcrumb"},"inLanguage":"pl-PL","potentialAction":[{"@type":"ReadAction","target":["https:\/\/mammalnet.com\/pl\/zdjecie-z-wynikami-miesiaca-iii\/"]}]},{"@type":"BreadcrumbList","@id":"https:\/\/mammalnet.com\/pl\/zdjecie-z-wynikami-miesiaca-iii\/#breadcrumb","itemListElement":[{"@type":"ListItem","position":1,"name":"Home","item":"https:\/\/mammalnet.com\/"},{"@type":"ListItem","position":2,"name":"zdjecie-z-wynikami-miesiaca-3"}]},{"@type":"WebSite","@id":"https:\/\/mammalnet.com\/#website","url":"https:\/\/mammalnet.com\/","name":"Mammalnet","description":"Citizen Science","publisher":{"@id":"https:\/\/mammalnet.com\/#organization"},"potentialAction":[{"@type":"SearchAction","target":{"@type":"EntryPoint","urlTemplate":"https:\/\/mammalnet.com\/?s={search_term_string}"},"query-input":"required name=search_term_string"}],"inLanguage":"pl-PL"},{"@type":"Organization","@id":"https:\/\/mammalnet.com\/#organization","name":"Mammalnet","url":"https:\/\/mammalnet.com\/","logo":{"@type":"ImageObject","inLanguage":"pl-PL","@id":"https:\/\/mammalnet.com\/#\/schema\/logo\/image\/","url":"https:\/\/mammalnet.com\/wp-content\/uploads\/2019\/08\/logo.png","contentUrl":"https:\/\/mammalnet.com\/wp-content\/uploads\/2019\/08\/logo.png","width":991,"height":284,"caption":"Mammalnet"},"image":{"@id":"https:\/\/mammalnet.com\/#\/schema\/logo\/image\/"},"sameAs":["https:\/\/www.facebook.com\/MammalNet-106550637394937\/","https:\/\/twitter.com\/mammalnet_eu"]}]}},"_links":{"self":[{"href":"https:\/\/mammalnet.com\/pl\/wp-json\/wp\/v2\/pages\/9207"}],"collection":[{"href":"https:\/\/mammalnet.com\/pl\/wp-json\/wp\/v2\/pages"}],"about":[{"href":"https:\/\/mammalnet.com\/pl\/wp-json\/wp\/v2\/types\/page"}],"author":[{"embeddable":true,"href":"https:\/\/mammalnet.com\/pl\/wp-json\/wp\/v2\/users\/2"}],"replies":[{"embeddable":true,"href":"https:\/\/mammalnet.com\/pl\/wp-json\/wp\/v2\/comments?post=9207"}],"version-history":[{"count":0,"href":"https:\/\/mammalnet.com\/pl\/wp-json\/wp\/v2\/pages\/9207\/revisions"}],"wp:attachment":[{"href":"https:\/\/mammalnet.com\/pl\/wp-json\/wp\/v2\/media?parent=9207"}],"curies":[{"name":"wp","href":"https:\/\/api.w.org\/{rel}","templated":true}]}}