{"id":8596,"date":"2020-01-30T20:24:43","date_gmt":"2020-01-30T20:24:43","guid":{"rendered":"https:\/\/pruebas.mammalnet.com\/zdjecie-z-wynikami-miesiaca\/"},"modified":"2020-08-25T10:36:09","modified_gmt":"2020-08-25T09:36:09","slug":"zdjecie-z-wynikami-miesiaca","status":"publish","type":"page","link":"https:\/\/mammalnet.com\/pl\/zdjecie-z-wynikami-miesiaca\/","title":{"rendered":"Konkurs na zdj\u0119cie miesi\u0105ca"},"content":{"rendered":"\t\t<div data-elementor-type=\"wp-page\" data-elementor-id=\"8596\" class=\"elementor elementor-8596 elementor-8555\" data-elementor-post-type=\"page\">\n\t\t\t\t\t\t<section class=\"elementor-section elementor-top-section elementor-element elementor-element-35c183a elementor-section-boxed elementor-section-height-default elementor-section-height-default\" data-id=\"35c183a\" data-element_type=\"section\">\n\t\t\t\t\t\t<div class=\"elementor-container elementor-column-gap-default\">\n\t\t\t\t\t<div class=\"elementor-column elementor-col-33 elementor-top-column elementor-element elementor-element-f4c188a\" data-id=\"f4c188a\" data-element_type=\"column\">\n\t\t\t<div class=\"elementor-widget-wrap elementor-element-populated\">\n\t\t\t\t\t\t<div class=\"elementor-element elementor-element-3bae9b8 elementor-widget elementor-widget-image\" data-id=\"3bae9b8\" data-element_type=\"widget\" data-widget_type=\"image.default\">\n\t\t\t\t<div class=\"elementor-widget-container\">\n\t\t\t\t\t\t\t\t\t\t\t\t\t\t<a href=\"https:\/\/mammalnet.com\/pl\/winners\/\">\n\t\t\t\t\t\t\t<img fetchpriority=\"high\" decoding=\"async\" width=\"248\" height=\"238\" src=\"https:\/\/mammalnet.com\/wp-content\/uploads\/2020\/01\/1.jpg\" class=\"attachment-full size-full wp-image-8670\" alt=\"\" \/>\t\t\t\t\t\t\t\t<\/a>\n\t\t\t\t\t\t\t\t\t\t\t\t\t<\/div>\n\t\t\t\t<\/div>\n\t\t\t\t<div class=\"elementor-element elementor-element-947acad elementor-button-warning elementor-align-center elementor-widget elementor-widget-button\" data-id=\"947acad\" data-element_type=\"widget\" data-widget_type=\"button.default\">\n\t\t\t\t<div class=\"elementor-widget-container\">\n\t\t\t\t\t<div class=\"elementor-button-wrapper\">\n\t\t\t<a class=\"elementor-button elementor-button-link elementor-size-lg\" href=\"https:\/\/mammalnet.com\/pl\/winners\/\" target=\"_blank\">\n\t\t\t\t\t\t<span class=\"elementor-button-content-wrapper\">\n\t\t\t\t\t\t<span class=\"elementor-button-text\">Zwyci\u0119zcy<\/span>\n\t\t<\/span>\n\t\t\t\t\t<\/a>\n\t\t<\/div>\n\t\t\t\t<\/div>\n\t\t\t\t<\/div>\n\t\t\t\t\t<\/div>\n\t\t<\/div>\n\t\t\t\t<div class=\"elementor-column elementor-col-33 elementor-top-column elementor-element elementor-element-4de1a23\" data-id=\"4de1a23\" data-element_type=\"column\">\n\t\t\t<div class=\"elementor-widget-wrap elementor-element-populated\">\n\t\t\t\t\t\t<div class=\"elementor-element elementor-element-bb2f334 elementor-widget elementor-widget-image\" data-id=\"bb2f334\" data-element_type=\"widget\" data-widget_type=\"image.default\">\n\t\t\t\t<div class=\"elementor-widget-container\">\n\t\t\t\t\t\t\t\t\t\t\t\t\t\t<a href=\"https:\/\/mammalnet.com\/pl\/zdjecie-miesiaca\/?lang=pl\">\n\t\t\t\t\t\t\t<img decoding=\"async\" width=\"217\" height=\"222\" src=\"https:\/\/mammalnet.com\/wp-content\/uploads\/2020\/01\/Elections.jpg\" class=\"attachment-full size-full wp-image-8663\" alt=\"\" \/>\t\t\t\t\t\t\t\t<\/a>\n\t\t\t\t\t\t\t\t\t\t\t\t\t<\/div>\n\t\t\t\t<\/div>\n\t\t\t\t<div class=\"elementor-element elementor-element-03b3af5 elementor-align-center elementor-widget elementor-widget-button\" data-id=\"03b3af5\" data-element_type=\"widget\" data-widget_type=\"button.default\">\n\t\t\t\t<div class=\"elementor-widget-container\">\n\t\t\t\t\t<div class=\"elementor-button-wrapper\">\n\t\t\t<a class=\"elementor-button elementor-button-link elementor-size-lg\" href=\"https:\/\/mammalnet.com\/pl\/photo-of-the-month-results-5th\/\">\n\t\t\t\t\t\t<span class=\"elementor-button-content-wrapper\">\n\t\t\t\t\t\t<span class=\"elementor-button-text\">Ostatnie wyniki<\/span>\n\t\t<\/span>\n\t\t\t\t\t<\/a>\n\t\t<\/div>\n\t\t\t\t<\/div>\n\t\t\t\t<\/div>\n\t\t\t\t\t<\/div>\n\t\t<\/div>\n\t\t\t\t<div class=\"elementor-column elementor-col-33 elementor-top-column elementor-element elementor-element-94f679d\" data-id=\"94f679d\" data-element_type=\"column\">\n\t\t\t<div class=\"elementor-widget-wrap elementor-element-populated\">\n\t\t\t\t\t\t<div class=\"elementor-element elementor-element-8329844 elementor-widget elementor-widget-image\" data-id=\"8329844\" data-element_type=\"widget\" data-widget_type=\"image.default\">\n\t\t\t\t<div class=\"elementor-widget-container\">\n\t\t\t\t\t\t\t\t\t\t\t\t\t\t<a href=\"https:\/\/mammalnet.com\/pl\/please-chose-your-favorite-photo-02-2020\/?lang=pl\">\n\t\t\t\t\t\t\t<img decoding=\"async\" src=\"https:\/\/mammalnet.com\/wp-content\/uploads\/2020\/01\/MammalCollagejpg.jpg\" title=\"MammalCollage,jpg\" alt=\"MammalCollage,jpg\" loading=\"lazy\" \/>\t\t\t\t\t\t\t\t<\/a>\n\t\t\t\t\t\t\t\t\t\t\t\t\t<\/div>\n\t\t\t\t<\/div>\n\t\t\t\t<div class=\"elementor-element elementor-element-7eeddd2 elementor-button-warning elementor-align-justify elementor-widget elementor-widget-button\" data-id=\"7eeddd2\" data-element_type=\"widget\" data-widget_type=\"button.default\">\n\t\t\t\t<div class=\"elementor-widget-container\">\n\t\t\t\t\t<div class=\"elementor-button-wrapper\">\n\t\t\t<a class=\"elementor-button elementor-button-link elementor-size-lg\" href=\"https:\/\/mammalnet.com\/please-chose-your-favorite-photo-02-2020\/\">\n\t\t\t\t\t\t<span class=\"elementor-button-content-wrapper\">\n\t\t\t\t\t\t<span class=\"elementor-button-text\">Nowy konkurs<\/span>\n\t\t<\/span>\n\t\t\t\t\t<\/a>\n\t\t<\/div>\n\t\t\t\t<\/div>\n\t\t\t\t<\/div>\n\t\t\t\t\t<\/div>\n\t\t<\/div>\n\t\t\t\t\t<\/div>\n\t\t<\/section>\n\t\t\t\t<\/div>\n\t\t","protected":false},"excerpt":{"rendered":"<p>Zwyci\u0119zcy Ostatnie wyniki Nowy konkurs<\/p>\n","protected":false},"author":2,"featured_media":0,"parent":0,"menu_order":0,"comment_status":"closed","ping_status":"closed","template":"","meta":{"_acf_changed":false,"footnotes":""},"acf":[],"yoast_head":"<!-- This site is optimized with the Yoast SEO plugin v22.1 - https:\/\/yoast.com\/wordpress\/plugins\/seo\/ -->\n<title>Konkurs na zdj\u0119cie miesi\u0105ca - Mammalnet<\/title>\n<meta name=\"robots\" content=\"index, follow, max-snippet:-1, max-image-preview:large, max-video-preview:-1\" \/>\n<link rel=\"canonical\" href=\"https:\/\/mammalnet.com\/pl\/zdjecie-z-wynikami-miesiaca\/\" \/>\n<meta property=\"og:locale\" content=\"pl_PL\" \/>\n<meta property=\"og:type\" content=\"article\" \/>\n<meta property=\"og:title\" content=\"Konkurs na zdj\u0119cie miesi\u0105ca - Mammalnet\" \/>\n<meta property=\"og:description\" content=\"Zwyci\u0119zcy Ostatnie wyniki Nowy konkurs\" \/>\n<meta property=\"og:url\" content=\"https:\/\/mammalnet.com\/pl\/zdjecie-z-wynikami-miesiaca\/\" \/>\n<meta property=\"og:site_name\" content=\"Mammalnet\" \/>\n<meta property=\"article:publisher\" content=\"https:\/\/www.facebook.com\/MammalNet-106550637394937\/\" \/>\n<meta property=\"article:modified_time\" content=\"2020-08-25T09:36:09+00:00\" \/>\n<meta property=\"og:image\" content=\"https:\/\/mammalnet.com\/wp-content\/uploads\/2020\/01\/1.jpg\" \/>\n<meta name=\"twitter:card\" content=\"summary_large_image\" \/>\n<meta name=\"twitter:site\" content=\"@mammalnet_eu\" \/>\n<script type=\"application\/ld+json\" class=\"yoast-schema-graph\">{\"@context\":\"https:\/\/schema.org\",\"@graph\":[{\"@type\":\"WebPage\",\"@id\":\"https:\/\/mammalnet.com\/pl\/zdjecie-z-wynikami-miesiaca\/\",\"url\":\"https:\/\/mammalnet.com\/pl\/zdjecie-z-wynikami-miesiaca\/\",\"name\":\"Konkurs na zdj\u0119cie miesi\u0105ca - Mammalnet\",\"isPartOf\":{\"@id\":\"https:\/\/mammalnet.com\/#website\"},\"datePublished\":\"2020-01-30T20:24:43+00:00\",\"dateModified\":\"2020-08-25T09:36:09+00:00\",\"breadcrumb\":{\"@id\":\"https:\/\/mammalnet.com\/pl\/zdjecie-z-wynikami-miesiaca\/#breadcrumb\"},\"inLanguage\":\"pl-PL\",\"potentialAction\":[{\"@type\":\"ReadAction\",\"target\":[\"https:\/\/mammalnet.com\/pl\/zdjecie-z-wynikami-miesiaca\/\"]}]},{\"@type\":\"BreadcrumbList\",\"@id\":\"https:\/\/mammalnet.com\/pl\/zdjecie-z-wynikami-miesiaca\/#breadcrumb\",\"itemListElement\":[{\"@type\":\"ListItem\",\"position\":1,\"name\":\"Home\",\"item\":\"https:\/\/mammalnet.com\/\"},{\"@type\":\"ListItem\",\"position\":2,\"name\":\"Konkurs na zdj\u0119cie miesi\u0105ca\"}]},{\"@type\":\"WebSite\",\"@id\":\"https:\/\/mammalnet.com\/#website\",\"url\":\"https:\/\/mammalnet.com\/\",\"name\":\"Mammalnet\",\"description\":\"Citizen Science\",\"publisher\":{\"@id\":\"https:\/\/mammalnet.com\/#organization\"},\"potentialAction\":[{\"@type\":\"SearchAction\",\"target\":{\"@type\":\"EntryPoint\",\"urlTemplate\":\"https:\/\/mammalnet.com\/?s={search_term_string}\"},\"query-input\":\"required name=search_term_string\"}],\"inLanguage\":\"pl-PL\"},{\"@type\":\"Organization\",\"@id\":\"https:\/\/mammalnet.com\/#organization\",\"name\":\"Mammalnet\",\"url\":\"https:\/\/mammalnet.com\/\",\"logo\":{\"@type\":\"ImageObject\",\"inLanguage\":\"pl-PL\",\"@id\":\"https:\/\/mammalnet.com\/#\/schema\/logo\/image\/\",\"url\":\"https:\/\/mammalnet.com\/wp-content\/uploads\/2019\/08\/logo.png\",\"contentUrl\":\"https:\/\/mammalnet.com\/wp-content\/uploads\/2019\/08\/logo.png\",\"width\":991,\"height\":284,\"caption\":\"Mammalnet\"},\"image\":{\"@id\":\"https:\/\/mammalnet.com\/#\/schema\/logo\/image\/\"},\"sameAs\":[\"https:\/\/www.facebook.com\/MammalNet-106550637394937\/\",\"https:\/\/twitter.com\/mammalnet_eu\"]}]}<\/script>\n<!-- \/ Yoast SEO plugin. -->","yoast_head_json":{"title":"Konkurs na zdj\u0119cie miesi\u0105ca - Mammalnet","robots":{"index":"index","follow":"follow","max-snippet":"max-snippet:-1","max-image-preview":"max-image-preview:large","max-video-preview":"max-video-preview:-1"},"canonical":"https:\/\/mammalnet.com\/pl\/zdjecie-z-wynikami-miesiaca\/","og_locale":"pl_PL","og_type":"article","og_title":"Konkurs na zdj\u0119cie miesi\u0105ca - Mammalnet","og_description":"Zwyci\u0119zcy Ostatnie wyniki Nowy konkurs","og_url":"https:\/\/mammalnet.com\/pl\/zdjecie-z-wynikami-miesiaca\/","og_site_name":"Mammalnet","article_publisher":"https:\/\/www.facebook.com\/MammalNet-106550637394937\/","article_modified_time":"2020-08-25T09:36:09+00:00","og_image":[{"url":"https:\/\/mammalnet.com\/wp-content\/uploads\/2020\/01\/1.jpg"}],"twitter_card":"summary_large_image","twitter_site":"@mammalnet_eu","schema":{"@context":"https:\/\/schema.org","@graph":[{"@type":"WebPage","@id":"https:\/\/mammalnet.com\/pl\/zdjecie-z-wynikami-miesiaca\/","url":"https:\/\/mammalnet.com\/pl\/zdjecie-z-wynikami-miesiaca\/","name":"Konkurs na zdj\u0119cie miesi\u0105ca - Mammalnet","isPartOf":{"@id":"https:\/\/mammalnet.com\/#website"},"datePublished":"2020-01-30T20:24:43+00:00","dateModified":"2020-08-25T09:36:09+00:00","breadcrumb":{"@id":"https:\/\/mammalnet.com\/pl\/zdjecie-z-wynikami-miesiaca\/#breadcrumb"},"inLanguage":"pl-PL","potentialAction":[{"@type":"ReadAction","target":["https:\/\/mammalnet.com\/pl\/zdjecie-z-wynikami-miesiaca\/"]}]},{"@type":"BreadcrumbList","@id":"https:\/\/mammalnet.com\/pl\/zdjecie-z-wynikami-miesiaca\/#breadcrumb","itemListElement":[{"@type":"ListItem","position":1,"name":"Home","item":"https:\/\/mammalnet.com\/"},{"@type":"ListItem","position":2,"name":"Konkurs na zdj\u0119cie miesi\u0105ca"}]},{"@type":"WebSite","@id":"https:\/\/mammalnet.com\/#website","url":"https:\/\/mammalnet.com\/","name":"Mammalnet","description":"Citizen Science","publisher":{"@id":"https:\/\/mammalnet.com\/#organization"},"potentialAction":[{"@type":"SearchAction","target":{"@type":"EntryPoint","urlTemplate":"https:\/\/mammalnet.com\/?s={search_term_string}"},"query-input":"required name=search_term_string"}],"inLanguage":"pl-PL"},{"@type":"Organization","@id":"https:\/\/mammalnet.com\/#organization","name":"Mammalnet","url":"https:\/\/mammalnet.com\/","logo":{"@type":"ImageObject","inLanguage":"pl-PL","@id":"https:\/\/mammalnet.com\/#\/schema\/logo\/image\/","url":"https:\/\/mammalnet.com\/wp-content\/uploads\/2019\/08\/logo.png","contentUrl":"https:\/\/mammalnet.com\/wp-content\/uploads\/2019\/08\/logo.png","width":991,"height":284,"caption":"Mammalnet"},"image":{"@id":"https:\/\/mammalnet.com\/#\/schema\/logo\/image\/"},"sameAs":["https:\/\/www.facebook.com\/MammalNet-106550637394937\/","https:\/\/twitter.com\/mammalnet_eu"]}]}},"_links":{"self":[{"href":"https:\/\/mammalnet.com\/pl\/wp-json\/wp\/v2\/pages\/8596"}],"collection":[{"href":"https:\/\/mammalnet.com\/pl\/wp-json\/wp\/v2\/pages"}],"about":[{"href":"https:\/\/mammalnet.com\/pl\/wp-json\/wp\/v2\/types\/page"}],"author":[{"embeddable":true,"href":"https:\/\/mammalnet.com\/pl\/wp-json\/wp\/v2\/users\/2"}],"replies":[{"embeddable":true,"href":"https:\/\/mammalnet.com\/pl\/wp-json\/wp\/v2\/comments?post=8596"}],"version-history":[{"count":0,"href":"https:\/\/mammalnet.com\/pl\/wp-json\/wp\/v2\/pages\/8596\/revisions"}],"wp:attachment":[{"href":"https:\/\/mammalnet.com\/pl\/wp-json\/wp\/v2\/media?parent=8596"}],"curies":[{"name":"wp","href":"https:\/\/api.w.org\/{rel}","templated":true}]}}