{"id":7811,"date":"2019-12-05T10:07:35","date_gmt":"2019-12-05T10:07:35","guid":{"rendered":"http:\/\/s808028422.mialojamiento.es\/zdjecie-miesiaca\/"},"modified":"2020-08-25T10:39:12","modified_gmt":"2020-08-25T09:39:12","slug":"zdjecie-miesiaca","status":"publish","type":"page","link":"https:\/\/mammalnet.com\/pl\/zdjecie-miesiaca\/","title":{"rendered":"Wyniki konkursu na zdj\u0119cie miesi\u0105ca"},"content":{"rendered":"\t\t<div data-elementor-type=\"wp-page\" data-elementor-id=\"7811\" class=\"elementor elementor-7811 elementor-7807\" data-elementor-post-type=\"page\">\n\t\t\t\t\t\t<section class=\"elementor-section elementor-top-section elementor-element elementor-element-9b20de1 elementor-section-boxed elementor-section-height-default elementor-section-height-default\" data-id=\"9b20de1\" data-element_type=\"section\">\n\t\t\t\t\t\t<div class=\"elementor-container elementor-column-gap-default\">\n\t\t\t\t\t<div class=\"elementor-column elementor-col-100 elementor-top-column elementor-element elementor-element-62c3df6\" data-id=\"62c3df6\" data-element_type=\"column\">\n\t\t\t<div class=\"elementor-widget-wrap elementor-element-populated\">\n\t\t\t\t\t\t<div class=\"elementor-element elementor-element-448f676 elementor-widget elementor-widget-text-editor\" data-id=\"448f676\" data-element_type=\"widget\" data-widget_type=\"text-editor.default\">\n\t\t\t\t<div class=\"elementor-widget-container\">\n\t\t\t\t\t\t\t<p><strong>Je\u015bli chcesz wzi\u0105\u0107 udzia\u0142 w konkursie na Zdj\u0119cie Miesi\u0105ca, prze\u015blij nam wykonan\u0105 przez siebie fotografi\u0119 wraz ze wsp\u00f3\u0142rz\u0119dnymi geograficznymi i dat\u0105 wykonania, u\u017cywaj\u0105c aplikacji <a href=\"https:\/\/mammalnet.com\/imammalia\">iMammalia.<\/a><\/strong><\/p>\n\t\t\t\t\t\t<\/div>\n\t\t\t\t<\/div>\n\t\t\t\t<div class=\"elementor-element elementor-element-153f170 elementor-widget elementor-widget-heading\" data-id=\"153f170\" data-element_type=\"widget\" data-widget_type=\"heading.default\">\n\t\t\t\t<div class=\"elementor-widget-container\">\n\t\t\t<h2 class=\"elementor-heading-title elementor-size-default\">WYNIKI<\/h2>\t\t<\/div>\n\t\t\t\t<\/div>\n\t\t\t\t\t<\/div>\n\t\t<\/div>\n\t\t\t\t\t<\/div>\n\t\t<\/section>\n\t\t\t\t<section class=\"elementor-section elementor-top-section elementor-element elementor-element-ba27904 elementor-section-boxed elementor-section-height-default elementor-section-height-default\" data-id=\"ba27904\" data-element_type=\"section\">\n\t\t\t\t\t\t<div class=\"elementor-container elementor-column-gap-default\">\n\t\t\t\t\t<div class=\"elementor-column elementor-col-100 elementor-top-column elementor-element elementor-element-94a3f23\" data-id=\"94a3f23\" data-element_type=\"column\">\n\t\t\t<div class=\"elementor-widget-wrap elementor-element-populated\">\n\t\t\t\t\t\t<div class=\"elementor-element elementor-element-37e8e52 elementor-widget elementor-widget-image\" data-id=\"37e8e52\" data-element_type=\"widget\" data-widget_type=\"image.default\">\n\t\t\t\t<div class=\"elementor-widget-container\">\n\t\t\t\t\t\t\t\t\t\t\t\t\t<img fetchpriority=\"high\" decoding=\"async\" width=\"800\" height=\"600\" src=\"https:\/\/mammalnet.com\/wp-content\/uploads\/2019\/12\/Alena-Dehm.jpg\" class=\"attachment-large size-large wp-image-7795\" alt=\"\" srcset=\"https:\/\/mammalnet.com\/wp-content\/uploads\/2019\/12\/Alena-Dehm.jpg 800w, https:\/\/mammalnet.com\/wp-content\/uploads\/2019\/12\/Alena-Dehm-300x225.jpg 300w, https:\/\/mammalnet.com\/wp-content\/uploads\/2019\/12\/Alena-Dehm-768x576.jpg 768w, https:\/\/mammalnet.com\/wp-content\/uploads\/2019\/12\/Alena-Dehm-650x488.jpg 650w\" sizes=\"(max-width: 800px) 100vw, 800px\" \/>\t\t\t\t\t\t\t\t\t\t\t\t\t<\/div>\n\t\t\t\t<\/div>\n\t\t\t\t<div class=\"elementor-element elementor-element-d65f94e elementor-widget elementor-widget-text-editor\" data-id=\"d65f94e\" data-element_type=\"widget\" data-widget_type=\"text-editor.default\">\n\t\t\t\t<div class=\"elementor-widget-container\">\n\t\t\t\t\t\t\t<p><b>Alena Dehm<\/b> &#8211; 39.5%\u00a0\u00a0\u2764\ufe0f\u2764\ufe0f\u2764\ufe0f<\/p>\n\t\t\t\t\t\t<\/div>\n\t\t\t\t<\/div>\n\t\t\t\t\t<\/div>\n\t\t<\/div>\n\t\t\t\t\t<\/div>\n\t\t<\/section>\n\t\t\t\t<section class=\"elementor-section elementor-top-section elementor-element elementor-element-8dd5318 elementor-section-boxed elementor-section-height-default elementor-section-height-default\" data-id=\"8dd5318\" data-element_type=\"section\">\n\t\t\t\t\t\t<div class=\"elementor-container elementor-column-gap-default\">\n\t\t\t\t\t<div class=\"elementor-column elementor-col-33 elementor-top-column elementor-element elementor-element-8a5c233\" data-id=\"8a5c233\" data-element_type=\"column\">\n\t\t\t<div class=\"elementor-widget-wrap elementor-element-populated\">\n\t\t\t\t\t\t<div class=\"elementor-element elementor-element-0eeac0a elementor-widget elementor-widget-image\" data-id=\"0eeac0a\" data-element_type=\"widget\" data-widget_type=\"image.default\">\n\t\t\t\t<div class=\"elementor-widget-container\">\n\t\t\t\t\t\t\t\t\t\t\t\t\t<img decoding=\"async\" width=\"800\" height=\"600\" src=\"https:\/\/mammalnet.com\/wp-content\/uploads\/2019\/12\/Sara-Baz-Flores.jpg\" class=\"attachment-large size-large wp-image-7784\" alt=\"\" srcset=\"https:\/\/mammalnet.com\/wp-content\/uploads\/2019\/12\/Sara-Baz-Flores.jpg 800w, https:\/\/mammalnet.com\/wp-content\/uploads\/2019\/12\/Sara-Baz-Flores-300x225.jpg 300w, https:\/\/mammalnet.com\/wp-content\/uploads\/2019\/12\/Sara-Baz-Flores-768x576.jpg 768w, https:\/\/mammalnet.com\/wp-content\/uploads\/2019\/12\/Sara-Baz-Flores-650x488.jpg 650w\" sizes=\"(max-width: 800px) 100vw, 800px\" \/>\t\t\t\t\t\t\t\t\t\t\t\t\t<\/div>\n\t\t\t\t<\/div>\n\t\t\t\t<div class=\"elementor-element elementor-element-4be8cf9 elementor-widget elementor-widget-text-editor\" data-id=\"4be8cf9\" data-element_type=\"widget\" data-widget_type=\"text-editor.default\">\n\t\t\t\t<div class=\"elementor-widget-container\">\n\t\t\t\t\t\t\t<p style=\"text-align: center;\">Sara Baz Flores<br \/>\n31.4%\u00a0\u2764\ufe0f<\/p>\n\t\t\t\t\t\t<\/div>\n\t\t\t\t<\/div>\n\t\t\t\t\t<\/div>\n\t\t<\/div>\n\t\t\t\t<div class=\"elementor-column elementor-col-33 elementor-top-column elementor-element elementor-element-25472e4\" data-id=\"25472e4\" data-element_type=\"column\">\n\t\t\t<div class=\"elementor-widget-wrap elementor-element-populated\">\n\t\t\t\t\t\t<div class=\"elementor-element elementor-element-4a16678 elementor-widget elementor-widget-image\" data-id=\"4a16678\" data-element_type=\"widget\" data-widget_type=\"image.default\">\n\t\t\t\t<div class=\"elementor-widget-container\">\n\t\t\t\t\t\t\t\t\t\t\t\t\t<img decoding=\"async\" width=\"800\" height=\"600\" src=\"https:\/\/mammalnet.com\/wp-content\/uploads\/2019\/12\/Romeo-Mance.jpg\" class=\"attachment-large size-large wp-image-7779\" alt=\"\" srcset=\"https:\/\/mammalnet.com\/wp-content\/uploads\/2019\/12\/Romeo-Mance.jpg 800w, https:\/\/mammalnet.com\/wp-content\/uploads\/2019\/12\/Romeo-Mance-300x225.jpg 300w, https:\/\/mammalnet.com\/wp-content\/uploads\/2019\/12\/Romeo-Mance-768x576.jpg 768w, https:\/\/mammalnet.com\/wp-content\/uploads\/2019\/12\/Romeo-Mance-650x488.jpg 650w\" sizes=\"(max-width: 800px) 100vw, 800px\" \/>\t\t\t\t\t\t\t\t\t\t\t\t\t<\/div>\n\t\t\t\t<\/div>\n\t\t\t\t<div class=\"elementor-element elementor-element-e90e150 elementor-widget elementor-widget-text-editor\" data-id=\"e90e150\" data-element_type=\"widget\" data-widget_type=\"text-editor.default\">\n\t\t\t\t<div class=\"elementor-widget-container\">\n\t\t\t\t\t\t\t<p style=\"text-align: center;\">Romeo Mance<br \/>\n12.1%\u00a0\u2764\ufe0f<\/p>\n\t\t\t\t\t\t<\/div>\n\t\t\t\t<\/div>\n\t\t\t\t\t<\/div>\n\t\t<\/div>\n\t\t\t\t<div class=\"elementor-column elementor-col-33 elementor-top-column elementor-element elementor-element-8f1b827\" data-id=\"8f1b827\" data-element_type=\"column\">\n\t\t\t<div class=\"elementor-widget-wrap elementor-element-populated\">\n\t\t\t\t\t\t<div class=\"elementor-element elementor-element-a043749 elementor-widget elementor-widget-image\" data-id=\"a043749\" data-element_type=\"widget\" data-widget_type=\"image.default\">\n\t\t\t\t<div class=\"elementor-widget-container\">\n\t\t\t\t\t\t\t\t\t\t\t\t\t<img loading=\"lazy\" decoding=\"async\" width=\"800\" height=\"600\" src=\"https:\/\/mammalnet.com\/wp-content\/uploads\/2019\/12\/Joanjo-Puertos.jpg\" class=\"attachment-large size-large wp-image-7769\" alt=\"\" srcset=\"https:\/\/mammalnet.com\/wp-content\/uploads\/2019\/12\/Joanjo-Puertos.jpg 800w, https:\/\/mammalnet.com\/wp-content\/uploads\/2019\/12\/Joanjo-Puertos-300x225.jpg 300w, https:\/\/mammalnet.com\/wp-content\/uploads\/2019\/12\/Joanjo-Puertos-768x576.jpg 768w, https:\/\/mammalnet.com\/wp-content\/uploads\/2019\/12\/Joanjo-Puertos-650x488.jpg 650w\" sizes=\"(max-width: 800px) 100vw, 800px\" \/>\t\t\t\t\t\t\t\t\t\t\t\t\t<\/div>\n\t\t\t\t<\/div>\n\t\t\t\t<div class=\"elementor-element elementor-element-addb190 elementor-widget elementor-widget-text-editor\" data-id=\"addb190\" data-element_type=\"widget\" data-widget_type=\"text-editor.default\">\n\t\t\t\t<div class=\"elementor-widget-container\">\n\t\t\t\t\t\t\t<p style=\"text-align: center;\">Joanjo Puertos<br \/>\n7.2%\u00a0\u2764\ufe0f<\/p>\n\t\t\t\t\t\t<\/div>\n\t\t\t\t<\/div>\n\t\t\t\t\t<\/div>\n\t\t<\/div>\n\t\t\t\t\t<\/div>\n\t\t<\/section>\n\t\t\t\t<section class=\"elementor-section elementor-top-section elementor-element elementor-element-cb28589 elementor-section-boxed elementor-section-height-default elementor-section-height-default\" data-id=\"cb28589\" data-element_type=\"section\">\n\t\t\t\t\t\t<div class=\"elementor-container elementor-column-gap-default\">\n\t\t\t\t\t<div class=\"elementor-column elementor-col-25 elementor-top-column elementor-element elementor-element-c43e867\" data-id=\"c43e867\" data-element_type=\"column\">\n\t\t\t<div class=\"elementor-widget-wrap elementor-element-populated\">\n\t\t\t\t\t\t<div class=\"elementor-element elementor-element-8b47d4a elementor-widget elementor-widget-image\" data-id=\"8b47d4a\" data-element_type=\"widget\" data-widget_type=\"image.default\">\n\t\t\t\t<div class=\"elementor-widget-container\">\n\t\t\t\t\t\t\t\t\t\t\t\t\t<img loading=\"lazy\" decoding=\"async\" width=\"800\" height=\"600\" src=\"https:\/\/mammalnet.com\/wp-content\/uploads\/2019\/12\/Dr.-Bettina-Franke-Maass.jpg\" class=\"attachment-large size-large wp-image-7800\" alt=\"\" srcset=\"https:\/\/mammalnet.com\/wp-content\/uploads\/2019\/12\/Dr.-Bettina-Franke-Maass.jpg 800w, https:\/\/mammalnet.com\/wp-content\/uploads\/2019\/12\/Dr.-Bettina-Franke-Maass-300x225.jpg 300w, https:\/\/mammalnet.com\/wp-content\/uploads\/2019\/12\/Dr.-Bettina-Franke-Maass-768x576.jpg 768w, https:\/\/mammalnet.com\/wp-content\/uploads\/2019\/12\/Dr.-Bettina-Franke-Maass-650x488.jpg 650w\" sizes=\"(max-width: 800px) 100vw, 800px\" \/>\t\t\t\t\t\t\t\t\t\t\t\t\t<\/div>\n\t\t\t\t<\/div>\n\t\t\t\t<div class=\"elementor-element elementor-element-85e22d9 elementor-widget elementor-widget-text-editor\" data-id=\"85e22d9\" data-element_type=\"widget\" data-widget_type=\"text-editor.default\">\n\t\t\t\t<div class=\"elementor-widget-container\">\n\t\t\t\t\t\t\t<p style=\"text-align: center;\">Dr. Bettina Franke-Maass<br \/>\n4.8%\u00a0\u00a0\u2764\ufe0f<\/p>\n\t\t\t\t\t\t<\/div>\n\t\t\t\t<\/div>\n\t\t\t\t\t<\/div>\n\t\t<\/div>\n\t\t\t\t<div class=\"elementor-column elementor-col-25 elementor-top-column elementor-element elementor-element-505e4cd\" data-id=\"505e4cd\" data-element_type=\"column\">\n\t\t\t<div class=\"elementor-widget-wrap elementor-element-populated\">\n\t\t\t\t\t\t<div class=\"elementor-element elementor-element-e15cfaf elementor-widget elementor-widget-image\" data-id=\"e15cfaf\" data-element_type=\"widget\" data-widget_type=\"image.default\">\n\t\t\t\t<div class=\"elementor-widget-container\">\n\t\t\t\t\t\t\t\t\t\t\t\t\t<img loading=\"lazy\" decoding=\"async\" width=\"800\" height=\"600\" src=\"https:\/\/mammalnet.com\/wp-content\/uploads\/2019\/12\/Josip-Markovic\u0301.jpg\" class=\"attachment-large size-large wp-image-7774\" alt=\"\" srcset=\"https:\/\/mammalnet.com\/wp-content\/uploads\/2019\/12\/Josip-Markovic\u0301.jpg 800w, https:\/\/mammalnet.com\/wp-content\/uploads\/2019\/12\/Josip-Markovic\u0301-300x225.jpg 300w, https:\/\/mammalnet.com\/wp-content\/uploads\/2019\/12\/Josip-Markovic\u0301-768x576.jpg 768w, https:\/\/mammalnet.com\/wp-content\/uploads\/2019\/12\/Josip-Markovic\u0301-650x488.jpg 650w\" sizes=\"(max-width: 800px) 100vw, 800px\" \/>\t\t\t\t\t\t\t\t\t\t\t\t\t<\/div>\n\t\t\t\t<\/div>\n\t\t\t\t<div class=\"elementor-element elementor-element-97b2104 elementor-widget elementor-widget-text-editor\" data-id=\"97b2104\" data-element_type=\"widget\" data-widget_type=\"text-editor.default\">\n\t\t\t\t<div class=\"elementor-widget-container\">\n\t\t\t\t\t\t\t<p style=\"text-align: center;\">Josip Markovi\u0107<br \/>\n3.2%\u00a0\u2764\ufe0f<\/p>\n\t\t\t\t\t\t<\/div>\n\t\t\t\t<\/div>\n\t\t\t\t\t<\/div>\n\t\t<\/div>\n\t\t\t\t<div class=\"elementor-column elementor-col-25 elementor-top-column elementor-element elementor-element-1041b4c\" data-id=\"1041b4c\" data-element_type=\"column\">\n\t\t\t<div class=\"elementor-widget-wrap elementor-element-populated\">\n\t\t\t\t\t\t<div class=\"elementor-element elementor-element-331f956 elementor-widget elementor-widget-image\" data-id=\"331f956\" data-element_type=\"widget\" data-widget_type=\"image.default\">\n\t\t\t\t<div class=\"elementor-widget-container\">\n\t\t\t\t\t\t\t\t\t\t\t\t\t<img loading=\"lazy\" decoding=\"async\" width=\"800\" height=\"600\" src=\"https:\/\/mammalnet.com\/wp-content\/uploads\/2019\/12\/Jacek-Wasilewski.jpg\" class=\"attachment-large size-large wp-image-7764\" alt=\"\" srcset=\"https:\/\/mammalnet.com\/wp-content\/uploads\/2019\/12\/Jacek-Wasilewski.jpg 800w, https:\/\/mammalnet.com\/wp-content\/uploads\/2019\/12\/Jacek-Wasilewski-300x225.jpg 300w, https:\/\/mammalnet.com\/wp-content\/uploads\/2019\/12\/Jacek-Wasilewski-768x576.jpg 768w, https:\/\/mammalnet.com\/wp-content\/uploads\/2019\/12\/Jacek-Wasilewski-650x488.jpg 650w\" sizes=\"(max-width: 800px) 100vw, 800px\" \/>\t\t\t\t\t\t\t\t\t\t\t\t\t<\/div>\n\t\t\t\t<\/div>\n\t\t\t\t<div class=\"elementor-element elementor-element-0423544 elementor-widget elementor-widget-text-editor\" data-id=\"0423544\" data-element_type=\"widget\" data-widget_type=\"text-editor.default\">\n\t\t\t\t<div class=\"elementor-widget-container\">\n\t\t\t\t\t\t\t<p style=\"text-align: center;\">Jacek Wasilewski<br \/>\n0.8%\u00a0\u2764\ufe0f<\/p>\n\t\t\t\t\t\t<\/div>\n\t\t\t\t<\/div>\n\t\t\t\t\t<\/div>\n\t\t<\/div>\n\t\t\t\t<div class=\"elementor-column elementor-col-25 elementor-top-column elementor-element elementor-element-09d7887\" data-id=\"09d7887\" data-element_type=\"column\">\n\t\t\t<div class=\"elementor-widget-wrap elementor-element-populated\">\n\t\t\t\t\t\t<div class=\"elementor-element elementor-element-cf37af8 elementor-widget elementor-widget-image\" data-id=\"cf37af8\" data-element_type=\"widget\" data-widget_type=\"image.default\">\n\t\t\t\t<div class=\"elementor-widget-container\">\n\t\t\t\t\t\t\t\t\t\t\t\t\t<img loading=\"lazy\" decoding=\"async\" width=\"800\" height=\"600\" src=\"https:\/\/mammalnet.com\/wp-content\/uploads\/2019\/12\/Iwona-Nowosielska.jpg\" class=\"attachment-large size-large wp-image-7759\" alt=\"\" srcset=\"https:\/\/mammalnet.com\/wp-content\/uploads\/2019\/12\/Iwona-Nowosielska.jpg 800w, https:\/\/mammalnet.com\/wp-content\/uploads\/2019\/12\/Iwona-Nowosielska-300x225.jpg 300w, https:\/\/mammalnet.com\/wp-content\/uploads\/2019\/12\/Iwona-Nowosielska-768x576.jpg 768w, https:\/\/mammalnet.com\/wp-content\/uploads\/2019\/12\/Iwona-Nowosielska-650x488.jpg 650w\" sizes=\"(max-width: 800px) 100vw, 800px\" \/>\t\t\t\t\t\t\t\t\t\t\t\t\t<\/div>\n\t\t\t\t<\/div>\n\t\t\t\t<div class=\"elementor-element elementor-element-d109782 elementor-widget elementor-widget-text-editor\" data-id=\"d109782\" data-element_type=\"widget\" data-widget_type=\"text-editor.default\">\n\t\t\t\t<div class=\"elementor-widget-container\">\n\t\t\t\t\t\t\t<p style=\"text-align: center;\">Iwona Nowosielska<br \/>\n0.8%\u00a0\u00a0\u2764\ufe0f<\/p>\n\t\t\t\t\t\t<\/div>\n\t\t\t\t<\/div>\n\t\t\t\t\t<\/div>\n\t\t<\/div>\n\t\t\t\t\t<\/div>\n\t\t<\/section>\n\t\t\t\t<\/div>\n\t\t","protected":false},"excerpt":{"rendered":"<p>Je\u015bli chcesz wzi\u0105\u0107 udzia\u0142 w konkursie na Zdj\u0119cie Miesi\u0105ca, prze\u015blij nam wykonan\u0105 przez siebie fotografi\u0119 wraz ze wsp\u00f3\u0142rz\u0119dnymi geograficznymi i dat\u0105 wykonania, u\u017cywaj\u0105c aplikacji iMammalia. WYNIKI Alena Dehm &#8211; 39.5%\u00a0\u00a0\u2764\ufe0f\u2764\ufe0f\u2764\ufe0f Sara Baz Flores 31.4%\u00a0\u2764\ufe0f Romeo Mance 12.1%\u00a0\u2764\ufe0f Joanjo Puertos 7.2%\u00a0\u2764\ufe0f Dr. Bettina Franke-Maass 4.8%\u00a0\u00a0\u2764\ufe0f Josip Markovi\u0107 3.2%\u00a0\u2764\ufe0f Jacek Wasilewski 0.8%\u00a0\u2764\ufe0f Iwona Nowosielska 0.8%\u00a0\u00a0\u2764\ufe0f<\/p>\n","protected":false},"author":1,"featured_media":0,"parent":0,"menu_order":0,"comment_status":"closed","ping_status":"closed","template":"","meta":{"_acf_changed":false,"footnotes":""},"acf":[],"yoast_head":"<!-- This site is optimized with the Yoast SEO plugin v22.1 - https:\/\/yoast.com\/wordpress\/plugins\/seo\/ -->\n<title>Wyniki konkursu na zdj\u0119cie miesi\u0105ca - Mammalnet<\/title>\n<meta name=\"robots\" content=\"index, follow, max-snippet:-1, max-image-preview:large, max-video-preview:-1\" \/>\n<link rel=\"canonical\" href=\"https:\/\/mammalnet.com\/pl\/zdjecie-miesiaca\/\" \/>\n<meta property=\"og:locale\" content=\"pl_PL\" \/>\n<meta property=\"og:type\" content=\"article\" \/>\n<meta property=\"og:title\" content=\"Wyniki konkursu na zdj\u0119cie miesi\u0105ca - Mammalnet\" \/>\n<meta property=\"og:description\" content=\"Je\u015bli chcesz wzi\u0105\u0107 udzia\u0142 w konkursie na Zdj\u0119cie Miesi\u0105ca, prze\u015blij nam wykonan\u0105 przez siebie fotografi\u0119 wraz ze wsp\u00f3\u0142rz\u0119dnymi geograficznymi i dat\u0105 wykonania, u\u017cywaj\u0105c aplikacji iMammalia. WYNIKI Alena Dehm &#8211; 39.5%\u00a0\u00a0\u2764\ufe0f\u2764\ufe0f\u2764\ufe0f Sara Baz Flores 31.4%\u00a0\u2764\ufe0f Romeo Mance 12.1%\u00a0\u2764\ufe0f Joanjo Puertos 7.2%\u00a0\u2764\ufe0f Dr. Bettina Franke-Maass 4.8%\u00a0\u00a0\u2764\ufe0f Josip Markovi\u0107 3.2%\u00a0\u2764\ufe0f Jacek Wasilewski 0.8%\u00a0\u2764\ufe0f Iwona Nowosielska 0.8%\u00a0\u00a0\u2764\ufe0f\" \/>\n<meta property=\"og:url\" content=\"https:\/\/mammalnet.com\/pl\/zdjecie-miesiaca\/\" \/>\n<meta property=\"og:site_name\" content=\"Mammalnet\" \/>\n<meta property=\"article:publisher\" content=\"https:\/\/www.facebook.com\/MammalNet-106550637394937\/\" \/>\n<meta property=\"article:modified_time\" content=\"2020-08-25T09:39:12+00:00\" \/>\n<meta property=\"og:image\" content=\"https:\/\/mammalnet.com\/wp-content\/uploads\/2019\/12\/Alena-Dehm.jpg\" \/>\n<meta name=\"twitter:card\" content=\"summary_large_image\" \/>\n<meta name=\"twitter:site\" content=\"@mammalnet_eu\" \/>\n<script type=\"application\/ld+json\" class=\"yoast-schema-graph\">{\"@context\":\"https:\/\/schema.org\",\"@graph\":[{\"@type\":\"WebPage\",\"@id\":\"https:\/\/mammalnet.com\/pl\/zdjecie-miesiaca\/\",\"url\":\"https:\/\/mammalnet.com\/pl\/zdjecie-miesiaca\/\",\"name\":\"Wyniki konkursu na zdj\u0119cie miesi\u0105ca - Mammalnet\",\"isPartOf\":{\"@id\":\"https:\/\/mammalnet.com\/#website\"},\"datePublished\":\"2019-12-05T10:07:35+00:00\",\"dateModified\":\"2020-08-25T09:39:12+00:00\",\"breadcrumb\":{\"@id\":\"https:\/\/mammalnet.com\/pl\/zdjecie-miesiaca\/#breadcrumb\"},\"inLanguage\":\"pl-PL\",\"potentialAction\":[{\"@type\":\"ReadAction\",\"target\":[\"https:\/\/mammalnet.com\/pl\/zdjecie-miesiaca\/\"]}]},{\"@type\":\"BreadcrumbList\",\"@id\":\"https:\/\/mammalnet.com\/pl\/zdjecie-miesiaca\/#breadcrumb\",\"itemListElement\":[{\"@type\":\"ListItem\",\"position\":1,\"name\":\"Home\",\"item\":\"https:\/\/mammalnet.com\/\"},{\"@type\":\"ListItem\",\"position\":2,\"name\":\"Wyniki konkursu na zdj\u0119cie miesi\u0105ca\"}]},{\"@type\":\"WebSite\",\"@id\":\"https:\/\/mammalnet.com\/#website\",\"url\":\"https:\/\/mammalnet.com\/\",\"name\":\"Mammalnet\",\"description\":\"Citizen Science\",\"publisher\":{\"@id\":\"https:\/\/mammalnet.com\/#organization\"},\"potentialAction\":[{\"@type\":\"SearchAction\",\"target\":{\"@type\":\"EntryPoint\",\"urlTemplate\":\"https:\/\/mammalnet.com\/?s={search_term_string}\"},\"query-input\":\"required name=search_term_string\"}],\"inLanguage\":\"pl-PL\"},{\"@type\":\"Organization\",\"@id\":\"https:\/\/mammalnet.com\/#organization\",\"name\":\"Mammalnet\",\"url\":\"https:\/\/mammalnet.com\/\",\"logo\":{\"@type\":\"ImageObject\",\"inLanguage\":\"pl-PL\",\"@id\":\"https:\/\/mammalnet.com\/#\/schema\/logo\/image\/\",\"url\":\"https:\/\/mammalnet.com\/wp-content\/uploads\/2019\/08\/logo.png\",\"contentUrl\":\"https:\/\/mammalnet.com\/wp-content\/uploads\/2019\/08\/logo.png\",\"width\":991,\"height\":284,\"caption\":\"Mammalnet\"},\"image\":{\"@id\":\"https:\/\/mammalnet.com\/#\/schema\/logo\/image\/\"},\"sameAs\":[\"https:\/\/www.facebook.com\/MammalNet-106550637394937\/\",\"https:\/\/twitter.com\/mammalnet_eu\"]}]}<\/script>\n<!-- \/ Yoast SEO plugin. -->","yoast_head_json":{"title":"Wyniki konkursu na zdj\u0119cie miesi\u0105ca - Mammalnet","robots":{"index":"index","follow":"follow","max-snippet":"max-snippet:-1","max-image-preview":"max-image-preview:large","max-video-preview":"max-video-preview:-1"},"canonical":"https:\/\/mammalnet.com\/pl\/zdjecie-miesiaca\/","og_locale":"pl_PL","og_type":"article","og_title":"Wyniki konkursu na zdj\u0119cie miesi\u0105ca - Mammalnet","og_description":"Je\u015bli chcesz wzi\u0105\u0107 udzia\u0142 w konkursie na Zdj\u0119cie Miesi\u0105ca, prze\u015blij nam wykonan\u0105 przez siebie fotografi\u0119 wraz ze wsp\u00f3\u0142rz\u0119dnymi geograficznymi i dat\u0105 wykonania, u\u017cywaj\u0105c aplikacji iMammalia. WYNIKI Alena Dehm &#8211; 39.5%\u00a0\u00a0\u2764\ufe0f\u2764\ufe0f\u2764\ufe0f Sara Baz Flores 31.4%\u00a0\u2764\ufe0f Romeo Mance 12.1%\u00a0\u2764\ufe0f Joanjo Puertos 7.2%\u00a0\u2764\ufe0f Dr. Bettina Franke-Maass 4.8%\u00a0\u00a0\u2764\ufe0f Josip Markovi\u0107 3.2%\u00a0\u2764\ufe0f Jacek Wasilewski 0.8%\u00a0\u2764\ufe0f Iwona Nowosielska 0.8%\u00a0\u00a0\u2764\ufe0f","og_url":"https:\/\/mammalnet.com\/pl\/zdjecie-miesiaca\/","og_site_name":"Mammalnet","article_publisher":"https:\/\/www.facebook.com\/MammalNet-106550637394937\/","article_modified_time":"2020-08-25T09:39:12+00:00","og_image":[{"url":"https:\/\/mammalnet.com\/wp-content\/uploads\/2019\/12\/Alena-Dehm.jpg"}],"twitter_card":"summary_large_image","twitter_site":"@mammalnet_eu","schema":{"@context":"https:\/\/schema.org","@graph":[{"@type":"WebPage","@id":"https:\/\/mammalnet.com\/pl\/zdjecie-miesiaca\/","url":"https:\/\/mammalnet.com\/pl\/zdjecie-miesiaca\/","name":"Wyniki konkursu na zdj\u0119cie miesi\u0105ca - Mammalnet","isPartOf":{"@id":"https:\/\/mammalnet.com\/#website"},"datePublished":"2019-12-05T10:07:35+00:00","dateModified":"2020-08-25T09:39:12+00:00","breadcrumb":{"@id":"https:\/\/mammalnet.com\/pl\/zdjecie-miesiaca\/#breadcrumb"},"inLanguage":"pl-PL","potentialAction":[{"@type":"ReadAction","target":["https:\/\/mammalnet.com\/pl\/zdjecie-miesiaca\/"]}]},{"@type":"BreadcrumbList","@id":"https:\/\/mammalnet.com\/pl\/zdjecie-miesiaca\/#breadcrumb","itemListElement":[{"@type":"ListItem","position":1,"name":"Home","item":"https:\/\/mammalnet.com\/"},{"@type":"ListItem","position":2,"name":"Wyniki konkursu na zdj\u0119cie miesi\u0105ca"}]},{"@type":"WebSite","@id":"https:\/\/mammalnet.com\/#website","url":"https:\/\/mammalnet.com\/","name":"Mammalnet","description":"Citizen Science","publisher":{"@id":"https:\/\/mammalnet.com\/#organization"},"potentialAction":[{"@type":"SearchAction","target":{"@type":"EntryPoint","urlTemplate":"https:\/\/mammalnet.com\/?s={search_term_string}"},"query-input":"required name=search_term_string"}],"inLanguage":"pl-PL"},{"@type":"Organization","@id":"https:\/\/mammalnet.com\/#organization","name":"Mammalnet","url":"https:\/\/mammalnet.com\/","logo":{"@type":"ImageObject","inLanguage":"pl-PL","@id":"https:\/\/mammalnet.com\/#\/schema\/logo\/image\/","url":"https:\/\/mammalnet.com\/wp-content\/uploads\/2019\/08\/logo.png","contentUrl":"https:\/\/mammalnet.com\/wp-content\/uploads\/2019\/08\/logo.png","width":991,"height":284,"caption":"Mammalnet"},"image":{"@id":"https:\/\/mammalnet.com\/#\/schema\/logo\/image\/"},"sameAs":["https:\/\/www.facebook.com\/MammalNet-106550637394937\/","https:\/\/twitter.com\/mammalnet_eu"]}]}},"_links":{"self":[{"href":"https:\/\/mammalnet.com\/pl\/wp-json\/wp\/v2\/pages\/7811"}],"collection":[{"href":"https:\/\/mammalnet.com\/pl\/wp-json\/wp\/v2\/pages"}],"about":[{"href":"https:\/\/mammalnet.com\/pl\/wp-json\/wp\/v2\/types\/page"}],"author":[{"embeddable":true,"href":"https:\/\/mammalnet.com\/pl\/wp-json\/wp\/v2\/users\/1"}],"replies":[{"embeddable":true,"href":"https:\/\/mammalnet.com\/pl\/wp-json\/wp\/v2\/comments?post=7811"}],"version-history":[{"count":0,"href":"https:\/\/mammalnet.com\/pl\/wp-json\/wp\/v2\/pages\/7811\/revisions"}],"wp:attachment":[{"href":"https:\/\/mammalnet.com\/pl\/wp-json\/wp\/v2\/media?parent=7811"}],"curies":[{"name":"wp","href":"https:\/\/api.w.org\/{rel}","templated":true}]}}