{"id":6119,"date":"2019-10-28T09:02:45","date_gmt":"2019-10-28T09:02:45","guid":{"rendered":"http:\/\/s808028422.mialojamiento.es\/inne-aplikacje\/"},"modified":"2021-06-08T11:20:39","modified_gmt":"2021-06-08T10:20:39","slug":"inne-aplikacje","status":"publish","type":"page","link":"https:\/\/mammalnet.com\/pl\/inne-aplikacje\/","title":{"rendered":"Inne aplikacje"},"content":{"rendered":"\t\t<div data-elementor-type=\"wp-page\" data-elementor-id=\"6119\" class=\"elementor elementor-6119 elementor-6103\" data-elementor-post-type=\"page\">\n\t\t\t\t\t\t<section class=\"elementor-section elementor-top-section elementor-element elementor-element-5f726520 elementor-section-stretched elementor-reverse-mobile elementor-section-boxed elementor-section-height-default elementor-section-height-default\" data-id=\"5f726520\" data-element_type=\"section\" data-settings=\"{&quot;stretch_section&quot;:&quot;section-stretched&quot;,&quot;background_background&quot;:&quot;classic&quot;,&quot;shape_divider_top&quot;:&quot;waves&quot;,&quot;shape_divider_bottom&quot;:&quot;waves&quot;,&quot;shape_divider_bottom_negative&quot;:&quot;yes&quot;}\">\n\t\t\t\t\t\t\t<div class=\"elementor-background-overlay\"><\/div>\n\t\t\t\t\t\t<div class=\"elementor-shape elementor-shape-top\" data-negative=\"false\">\n\t\t\t<svg xmlns=\"http:\/\/www.w3.org\/2000\/svg\" viewBox=\"0 0 1000 100\" preserveAspectRatio=\"none\">\n\t<path class=\"elementor-shape-fill\" d=\"M421.9,6.5c22.6-2.5,51.5,0.4,75.5,5.3c23.6,4.9,70.9,23.5,100.5,35.7c75.8,32.2,133.7,44.5,192.6,49.7\n\tc23.6,2.1,48.7,3.5,103.4-2.5c54.7-6,106.2-25.6,106.2-25.6V0H0v30.3c0,0,72,32.6,158.4,30.5c39.2-0.7,92.8-6.7,134-22.4\n\tc21.2-8.1,52.2-18.2,79.7-24.2C399.3,7.9,411.6,7.5,421.9,6.5z\"\/>\n<\/svg>\t\t<\/div>\n\t\t\t\t<div class=\"elementor-shape elementor-shape-bottom\" data-negative=\"true\">\n\t\t\t<svg xmlns=\"http:\/\/www.w3.org\/2000\/svg\" viewBox=\"0 0 1000 100\" preserveAspectRatio=\"none\">\n\t<path class=\"elementor-shape-fill\" d=\"M790.5,93.1c-59.3-5.3-116.8-18-192.6-50c-29.6-12.7-76.9-31-100.5-35.9c-23.6-4.9-52.6-7.8-75.5-5.3\n\tc-10.2,1.1-22.6,1.4-50.1,7.4c-27.2,6.3-58.2,16.6-79.4,24.7c-41.3,15.9-94.9,21.9-134,22.6C72,58.2,0,25.8,0,25.8V100h1000V65.3\n\tc0,0-51.5,19.4-106.2,25.7C839.5,97,814.1,95.2,790.5,93.1z\"\/>\n<\/svg>\t\t<\/div>\n\t\t\t\t\t<div class=\"elementor-container elementor-column-gap-default\">\n\t\t\t\t\t<div class=\"elementor-column elementor-col-50 elementor-top-column elementor-element elementor-element-22cf2334\" data-id=\"22cf2334\" data-element_type=\"column\" data-settings=\"{&quot;background_background&quot;:&quot;classic&quot;}\">\n\t\t\t<div class=\"elementor-widget-wrap elementor-element-populated\">\n\t\t\t\t\t<div class=\"elementor-background-overlay\"><\/div>\n\t\t\t\t\t\t<div class=\"elementor-element elementor-element-10d3a93 elementor-widget elementor-widget-image\" data-id=\"10d3a93\" data-element_type=\"widget\" data-widget_type=\"image.default\">\n\t\t\t\t<div class=\"elementor-widget-container\">\n\t\t\t\t\t\t\t\t\t\t\t\t\t<img fetchpriority=\"high\" decoding=\"async\" width=\"637\" height=\"1024\" src=\"https:\/\/mammalnet.com\/wp-content\/uploads\/2019\/10\/other-apps-637x1024.png\" class=\"attachment-large size-large wp-image-6105\" alt=\"\" srcset=\"https:\/\/mammalnet.com\/wp-content\/uploads\/2019\/10\/other-apps-637x1024.png 637w, https:\/\/mammalnet.com\/wp-content\/uploads\/2019\/10\/other-apps-186x300.png 186w, https:\/\/mammalnet.com\/wp-content\/uploads\/2019\/10\/other-apps-768x1236.png 768w, https:\/\/mammalnet.com\/wp-content\/uploads\/2019\/10\/other-apps-404x650.png 404w, https:\/\/mammalnet.com\/wp-content\/uploads\/2019\/10\/other-apps.png 800w\" sizes=\"(max-width: 637px) 100vw, 637px\" \/>\t\t\t\t\t\t\t\t\t\t\t\t\t<\/div>\n\t\t\t\t<\/div>\n\t\t\t\t\t<\/div>\n\t\t<\/div>\n\t\t\t\t<div class=\"elementor-column elementor-col-50 elementor-top-column elementor-element elementor-element-7bec317a\" data-id=\"7bec317a\" data-element_type=\"column\">\n\t\t\t<div class=\"elementor-widget-wrap elementor-element-populated\">\n\t\t\t\t\t\t<section class=\"elementor-section elementor-inner-section elementor-element elementor-element-248133a0 elementor-section-full_width elementor-section-height-default elementor-section-height-default\" data-id=\"248133a0\" data-element_type=\"section\">\n\t\t\t\t\t\t<div class=\"elementor-container elementor-column-gap-default\">\n\t\t\t\t\t<div class=\"elementor-column elementor-col-100 elementor-inner-column elementor-element elementor-element-66ff5a1d\" data-id=\"66ff5a1d\" data-element_type=\"column\">\n\t\t\t<div class=\"elementor-widget-wrap elementor-element-populated\">\n\t\t\t\t\t\t<div class=\"elementor-element elementor-element-6d84a69e animated-fast elementor-invisible elementor-widget elementor-widget-heading\" data-id=\"6d84a69e\" data-element_type=\"widget\" data-settings=\"{&quot;_animation&quot;:&quot;fadeInUp&quot;,&quot;_animation_delay&quot;:&quot;300&quot;}\" data-widget_type=\"heading.default\">\n\t\t\t\t<div class=\"elementor-widget-container\">\n\t\t\t<h2 class=\"elementor-heading-title elementor-size-default\">Inne aplikacje<\/h2>\t\t<\/div>\n\t\t\t\t<\/div>\n\t\t\t\t\t<\/div>\n\t\t<\/div>\n\t\t\t\t\t<\/div>\n\t\t<\/section>\n\t\t\t\t<div class=\"elementor-element elementor-element-6b67ed6b elementor-widget elementor-widget-button\" data-id=\"6b67ed6b\" data-element_type=\"widget\" data-widget_type=\"button.default\">\n\t\t\t\t<div class=\"elementor-widget-container\">\n\t\t\t\t\t<div class=\"elementor-button-wrapper\">\n\t\t\t<a class=\"elementor-button elementor-button-link elementor-size-sm\" href=\"#apps\">\n\t\t\t\t\t\t<span class=\"elementor-button-content-wrapper\">\n\t\t\t\t\t\t<span class=\"elementor-button-icon elementor-align-icon-left\">\n\t\t\t\t<i aria-hidden=\"true\" class=\"far fa-arrow-alt-circle-down\"><\/i>\t\t\t<\/span>\n\t\t\t\t\t\t<span class=\"elementor-button-text\">Dowiedz si\u0119 wi\u0119cej<\/span>\n\t\t<\/span>\n\t\t\t\t\t<\/a>\n\t\t<\/div>\n\t\t\t\t<\/div>\n\t\t\t\t<\/div>\n\t\t\t\t\t<\/div>\n\t\t<\/div>\n\t\t\t\t\t<\/div>\n\t\t<\/section>\n\t\t\t\t<section class=\"elementor-section elementor-top-section elementor-element elementor-element-4e01f97d elementor-section-stretched elementor-section-height-min-height elementor-section-items-stretch elementor-section-content-middle elementor-section-boxed elementor-section-height-default\" data-id=\"4e01f97d\" data-element_type=\"section\" data-settings=\"{&quot;stretch_section&quot;:&quot;section-stretched&quot;,&quot;background_background&quot;:&quot;classic&quot;,&quot;shape_divider_top&quot;:&quot;waves&quot;}\">\n\t\t\t\t\t\t\t<div class=\"elementor-background-overlay\"><\/div>\n\t\t\t\t\t\t<div class=\"elementor-shape elementor-shape-top\" data-negative=\"false\">\n\t\t\t<svg xmlns=\"http:\/\/www.w3.org\/2000\/svg\" viewBox=\"0 0 1000 100\" preserveAspectRatio=\"none\">\n\t<path class=\"elementor-shape-fill\" d=\"M421.9,6.5c22.6-2.5,51.5,0.4,75.5,5.3c23.6,4.9,70.9,23.5,100.5,35.7c75.8,32.2,133.7,44.5,192.6,49.7\n\tc23.6,2.1,48.7,3.5,103.4-2.5c54.7-6,106.2-25.6,106.2-25.6V0H0v30.3c0,0,72,32.6,158.4,30.5c39.2-0.7,92.8-6.7,134-22.4\n\tc21.2-8.1,52.2-18.2,79.7-24.2C399.3,7.9,411.6,7.5,421.9,6.5z\"\/>\n<\/svg>\t\t<\/div>\n\t\t\t\t\t<div class=\"elementor-container elementor-column-gap-default\">\n\t\t\t\t\t<div class=\"elementor-column elementor-col-100 elementor-top-column elementor-element elementor-element-4d0a7afb\" data-id=\"4d0a7afb\" data-element_type=\"column\" data-settings=\"{&quot;background_background&quot;:&quot;classic&quot;}\">\n\t\t\t<div class=\"elementor-widget-wrap elementor-element-populated\">\n\t\t\t\t\t<div class=\"elementor-background-overlay\"><\/div>\n\t\t\t\t\t\t<div class=\"elementor-element elementor-element-11280cef elementor-widget elementor-widget-menu-anchor\" data-id=\"11280cef\" data-element_type=\"widget\" data-widget_type=\"menu-anchor.default\">\n\t\t\t\t<div class=\"elementor-widget-container\">\n\t\t\t\t\t<div id=\"apps\" class=\"elementor-menu-anchor\"><\/div>\n\t\t\t\t<\/div>\n\t\t\t\t<\/div>\n\t\t\t\t<div class=\"elementor-element elementor-element-1446739a animated-fast elementor-invisible elementor-widget elementor-widget-text-editor\" data-id=\"1446739a\" data-element_type=\"widget\" data-settings=\"{&quot;_animation&quot;:&quot;fadeIn&quot;,&quot;_animation_delay&quot;:&quot;500&quot;}\" data-widget_type=\"text-editor.default\">\n\t\t\t\t<div class=\"elementor-widget-container\">\n\t\t\t\t\t\t\t<p>W r\u00f3\u017cnych regionach Europy sukcesywnie powstaj\u0105 nowe aplikacje wykorzystuj\u0105ce zasady nauki obywatelskiej. Zbieraj\u0105 one r\u00f3\u017cnorodne dane \u00a0na temat ssak\u00f3w i innych grup zwierz\u0105t. W ramach naszego projektu planujemy testowa\u0107 nowe mo\u017cliwo\u015bci nawi\u0105zania wsp\u00f3\u0142pracy pomi\u0119dzy tworzonymi aplikacjami i projektami. B\u0119dziemy promowa\u0107 standardy metadanych, aby wspiera\u0107 udost\u0119pnianie ich w obr\u0119bie nauki obywatelskiej, uwzgl\u0119dniaj\u0105cej monitoring dzikich ssak\u00f3w. B\u0119dziemy r\u00f3wnie\u017c d\u0105\u017cy\u0107 do interoperacyjno\u015bci danych z otwartymi repozytoriami, takimi jak \u015awiatowa Sie\u0107 Informacji o Bior\u00f3\u017cnorodno\u015bci (GBIF) z uwzgl\u0119dnieniem ju\u017c istniej\u0105cych standard\u00f3w.<\/p>\n\t\t\t\t\t\t<\/div>\n\t\t\t\t<\/div>\n\t\t\t\t\t<\/div>\n\t\t<\/div>\n\t\t\t\t\t<\/div>\n\t\t<\/section>\n\t\t\t\t<section class=\"elementor-section elementor-top-section elementor-element elementor-element-cb5620f elementor-section-content-middle elementor-section-boxed elementor-section-height-default elementor-section-height-default\" data-id=\"cb5620f\" data-element_type=\"section\" data-settings=\"{&quot;background_background&quot;:&quot;classic&quot;,&quot;shape_divider_top&quot;:&quot;waves&quot;,&quot;shape_divider_bottom&quot;:&quot;waves&quot;}\">\n\t\t\t\t\t\t\t<div class=\"elementor-background-overlay\"><\/div>\n\t\t\t\t\t\t<div class=\"elementor-shape elementor-shape-top\" data-negative=\"false\">\n\t\t\t<svg xmlns=\"http:\/\/www.w3.org\/2000\/svg\" viewBox=\"0 0 1000 100\" preserveAspectRatio=\"none\">\n\t<path class=\"elementor-shape-fill\" d=\"M421.9,6.5c22.6-2.5,51.5,0.4,75.5,5.3c23.6,4.9,70.9,23.5,100.5,35.7c75.8,32.2,133.7,44.5,192.6,49.7\n\tc23.6,2.1,48.7,3.5,103.4-2.5c54.7-6,106.2-25.6,106.2-25.6V0H0v30.3c0,0,72,32.6,158.4,30.5c39.2-0.7,92.8-6.7,134-22.4\n\tc21.2-8.1,52.2-18.2,79.7-24.2C399.3,7.9,411.6,7.5,421.9,6.5z\"\/>\n<\/svg>\t\t<\/div>\n\t\t\t\t<div class=\"elementor-shape elementor-shape-bottom\" data-negative=\"false\">\n\t\t\t<svg xmlns=\"http:\/\/www.w3.org\/2000\/svg\" viewBox=\"0 0 1000 100\" preserveAspectRatio=\"none\">\n\t<path class=\"elementor-shape-fill\" d=\"M421.9,6.5c22.6-2.5,51.5,0.4,75.5,5.3c23.6,4.9,70.9,23.5,100.5,35.7c75.8,32.2,133.7,44.5,192.6,49.7\n\tc23.6,2.1,48.7,3.5,103.4-2.5c54.7-6,106.2-25.6,106.2-25.6V0H0v30.3c0,0,72,32.6,158.4,30.5c39.2-0.7,92.8-6.7,134-22.4\n\tc21.2-8.1,52.2-18.2,79.7-24.2C399.3,7.9,411.6,7.5,421.9,6.5z\"\/>\n<\/svg>\t\t<\/div>\n\t\t\t\t\t<div class=\"elementor-container elementor-column-gap-no\">\n\t\t\t\t\t<div class=\"elementor-column elementor-col-100 elementor-top-column elementor-element elementor-element-8f5ae97\" data-id=\"8f5ae97\" data-element_type=\"column\">\n\t\t\t<div class=\"elementor-widget-wrap elementor-element-populated\">\n\t\t\t\t\t\t<section class=\"elementor-section elementor-inner-section elementor-element elementor-element-015baa8 elementor-reverse-mobile elementor-section-boxed elementor-section-height-default elementor-section-height-default\" data-id=\"015baa8\" data-element_type=\"section\" data-settings=\"{&quot;background_background&quot;:&quot;classic&quot;}\">\n\t\t\t\t\t\t<div class=\"elementor-container elementor-column-gap-default\">\n\t\t\t\t\t<div class=\"elementor-column elementor-col-100 elementor-inner-column elementor-element elementor-element-43f7a39 animated-fast elementor-invisible\" data-id=\"43f7a39\" data-element_type=\"column\" data-settings=\"{&quot;animation&quot;:&quot;fadeInUp&quot;,&quot;background_background&quot;:&quot;gradient&quot;}\">\n\t\t\t<div class=\"elementor-widget-wrap elementor-element-populated\">\n\t\t\t\t\t\t<div class=\"elementor-element elementor-element-82d66f8 elementor-widget elementor-widget-heading\" data-id=\"82d66f8\" data-element_type=\"widget\" data-widget_type=\"heading.default\">\n\t\t\t\t<div class=\"elementor-widget-container\">\n\t\t\t<h2 class=\"elementor-heading-title elementor-size-default\">Dlaczego GBIF?<\/h2>\t\t<\/div>\n\t\t\t\t<\/div>\n\t\t\t\t<div class=\"elementor-element elementor-element-5cf5eb3 animated-fast elementor-invisible elementor-widget elementor-widget-text-editor\" data-id=\"5cf5eb3\" data-element_type=\"widget\" data-settings=\"{&quot;_animation_delay&quot;:&quot;500&quot;,&quot;_animation&quot;:&quot;fadeIn&quot;}\" data-widget_type=\"text-editor.default\">\n\t\t\t\t<div class=\"elementor-widget-container\">\n\t\t\t\t\t\t\t<p>Globalna Sie\u0107 Informacji o Bior\u00f3\u017cnorodno\u015bci (GBIF) to mi\u0119dzynarodowa sie\u0107 oraz fundacja naukowa, finansowana przez rz\u0105dy na ca\u0142ym \u015bwiecie. Jej g\u0142\u00f3wnym celem jest zapewnienie otwartego dost\u0119pu do danych dotycz\u0105cych wszystkich form \u017cycia na Ziemi.<\/p>\n<p>Wa\u017cn\u0105 cz\u0119\u015bci\u0105 misji GBIF jest promowanie \u015bwiadomo\u015bci, dzi\u0119ki kt\u00f3rej ludzie doceniaj\u0105 korzy\u015bci, jakie niesie dla publikowanie otwartych danych naukowych dotycz\u0105cych r\u00f3\u017cnorodno\u015bci biologicznej.<\/p>\n<p>Udost\u0119pniaj\u0105c dane za po\u015brednictwem GBIF przyczynisz si\u0119 do globalizacji wiedzy na jej temat, a tak\u017ce do rozwi\u0105za\u0144, kt\u00f3re b\u0119d\u0105 promowa\u0107 jej ochron\u0119 i zr\u00f3wnowa\u017cone u\u017cytkowanie.<\/p>\n<p>Udost\u0119pniaj\u0105c swoje dane publicznie, przyczyniasz si\u0119 do uzupe\u0142niania zbior\u00f3w danych z ca\u0142ego \u015bwiata, co umo\u017cliwia rozw\u00f3j wsp\u00f3\u0142pracy mi\u0119dzy naukowcami a w\u0142a\u015bcicielami tych danych.<\/p>\n\t\t\t\t\t\t<\/div>\n\t\t\t\t<\/div>\n\t\t\t\t\t<\/div>\n\t\t<\/div>\n\t\t\t\t\t<\/div>\n\t\t<\/section>\n\t\t\t\t<section class=\"elementor-section elementor-inner-section elementor-element elementor-element-2201b9f elementor-reverse-mobile elementor-section-boxed elementor-section-height-default elementor-section-height-default\" data-id=\"2201b9f\" data-element_type=\"section\" data-settings=\"{&quot;background_background&quot;:&quot;classic&quot;}\">\n\t\t\t\t\t\t<div class=\"elementor-container elementor-column-gap-default\">\n\t\t\t\t\t<div class=\"elementor-column elementor-col-100 elementor-inner-column elementor-element elementor-element-f80fa30 animated-fast elementor-invisible\" data-id=\"f80fa30\" data-element_type=\"column\" data-settings=\"{&quot;animation&quot;:&quot;fadeInUp&quot;,&quot;background_background&quot;:&quot;gradient&quot;}\">\n\t\t\t<div class=\"elementor-widget-wrap elementor-element-populated\">\n\t\t\t\t\t\t<div class=\"elementor-element elementor-element-e14cec7 elementor-widget elementor-widget-heading\" data-id=\"e14cec7\" data-element_type=\"widget\" data-widget_type=\"heading.default\">\n\t\t\t\t<div class=\"elementor-widget-container\">\n\t\t\t<h2 class=\"elementor-heading-title elementor-size-default\">Dlaczego EFSA?<\/h2>\t\t<\/div>\n\t\t\t\t<\/div>\n\t\t\t\t<div class=\"elementor-element elementor-element-fc36b3c animated-fast elementor-invisible elementor-widget elementor-widget-text-editor\" data-id=\"fc36b3c\" data-element_type=\"widget\" data-settings=\"{&quot;_animation_delay&quot;:&quot;500&quot;,&quot;_animation&quot;:&quot;fadeIn&quot;}\" data-widget_type=\"text-editor.default\">\n\t\t\t\t<div class=\"elementor-widget-container\">\n\t\t\t\t\t\t\t<p>Europejski Urz\u0105d ds. Bezpiecze\u0144stwa \u017bywno\u015bci (EFSA) jest instytucj\u0105 zajmuj\u0105c\u0105 si\u0119 niezale\u017cnym doradztwem naukowym w kwestiach zwi\u0105zanych z bezpiecze\u0144stwem \u017cywno\u015bci i pasz, od\u017cywianiem, zdrowiem i dobrostanem zwierz\u0105t, ochron\u0105 ro\u015blin i zdrowiem ro\u015blin. Opinie EFSA uwzgl\u0119dniane s\u0105 w unijnych przepisach i zasadach oraz procesie decyzyjnym, \u00a0przyczyniaj\u0105c si\u0119 do ochrony konsument\u00f3w przed zagro\u017ceniami zwi\u0105zanymi z \u0142a\u0144cuchem \u017cywno\u015bciowym.<\/p>\n\t\t\t\t\t\t<\/div>\n\t\t\t\t<\/div>\n\t\t\t\t\t<\/div>\n\t\t<\/div>\n\t\t\t\t\t<\/div>\n\t\t<\/section>\n\t\t\t\t\t<\/div>\n\t\t<\/div>\n\t\t\t\t\t<\/div>\n\t\t<\/section>\n\t\t\t\t<\/div>\n\t\t","protected":false},"excerpt":{"rendered":"<p>Inne aplikacje Dowiedz si\u0119 wi\u0119cej W r\u00f3\u017cnych regionach Europy sukcesywnie powstaj\u0105 nowe aplikacje wykorzystuj\u0105ce zasady nauki obywatelskiej. Zbieraj\u0105 one r\u00f3\u017cnorodne dane \u00a0na temat ssak\u00f3w i innych grup zwierz\u0105t. W ramach naszego projektu planujemy testowa\u0107 nowe mo\u017cliwo\u015bci nawi\u0105zania wsp\u00f3\u0142pracy pomi\u0119dzy tworzonymi aplikacjami i projektami. B\u0119dziemy promowa\u0107 standardy metadanych, aby wspiera\u0107 udost\u0119pnianie ich w obr\u0119bie nauki obywatelskiej, &#8230; <a title=\"Inne aplikacje\" class=\"read-more\" href=\"https:\/\/mammalnet.com\/pl\/inne-aplikacje\/\" aria-label=\"Wi\u0119cej na Inne aplikacje\">Dowiedz si\u0119 wi\u0119cej<\/a><\/p>\n","protected":false},"author":1,"featured_media":0,"parent":0,"menu_order":0,"comment_status":"closed","ping_status":"closed","template":"elementor_header_footer","meta":{"_acf_changed":false,"footnotes":""},"acf":[],"yoast_head":"<!-- This site is optimized with the Yoast SEO plugin v22.1 - https:\/\/yoast.com\/wordpress\/plugins\/seo\/ -->\n<title>Inne aplikacje - Mammalnet<\/title>\n<meta name=\"robots\" content=\"index, follow, max-snippet:-1, max-image-preview:large, max-video-preview:-1\" \/>\n<link rel=\"canonical\" href=\"https:\/\/mammalnet.com\/pl\/inne-aplikacje\/\" \/>\n<meta property=\"og:locale\" content=\"pl_PL\" \/>\n<meta property=\"og:type\" content=\"article\" \/>\n<meta property=\"og:title\" content=\"Inne aplikacje - Mammalnet\" \/>\n<meta property=\"og:description\" content=\"Inne aplikacje Dowiedz si\u0119 wi\u0119cej W r\u00f3\u017cnych regionach Europy sukcesywnie powstaj\u0105 nowe aplikacje wykorzystuj\u0105ce zasady nauki obywatelskiej. Zbieraj\u0105 one r\u00f3\u017cnorodne dane \u00a0na temat ssak\u00f3w i innych grup zwierz\u0105t. W ramach naszego projektu planujemy testowa\u0107 nowe mo\u017cliwo\u015bci nawi\u0105zania wsp\u00f3\u0142pracy pomi\u0119dzy tworzonymi aplikacjami i projektami. B\u0119dziemy promowa\u0107 standardy metadanych, aby wspiera\u0107 udost\u0119pnianie ich w obr\u0119bie nauki obywatelskiej, ... Dowiedz si\u0119 wi\u0119cej\" \/>\n<meta property=\"og:url\" content=\"https:\/\/mammalnet.com\/pl\/inne-aplikacje\/\" \/>\n<meta property=\"og:site_name\" content=\"Mammalnet\" \/>\n<meta property=\"article:publisher\" content=\"https:\/\/www.facebook.com\/MammalNet-106550637394937\/\" \/>\n<meta property=\"article:modified_time\" content=\"2021-06-08T10:20:39+00:00\" \/>\n<meta property=\"og:image\" content=\"https:\/\/mammalnet.com\/wp-content\/uploads\/2019\/10\/other-apps-637x1024.png\" \/>\n<meta name=\"twitter:card\" content=\"summary_large_image\" \/>\n<meta name=\"twitter:site\" content=\"@mammalnet_eu\" \/>\n<meta name=\"twitter:label1\" content=\"Szacowany czas czytania\" \/>\n\t<meta name=\"twitter:data1\" content=\"2 minuty\" \/>\n<script type=\"application\/ld+json\" class=\"yoast-schema-graph\">{\"@context\":\"https:\/\/schema.org\",\"@graph\":[{\"@type\":\"WebPage\",\"@id\":\"https:\/\/mammalnet.com\/pl\/inne-aplikacje\/\",\"url\":\"https:\/\/mammalnet.com\/pl\/inne-aplikacje\/\",\"name\":\"Inne aplikacje - Mammalnet\",\"isPartOf\":{\"@id\":\"https:\/\/mammalnet.com\/#website\"},\"datePublished\":\"2019-10-28T09:02:45+00:00\",\"dateModified\":\"2021-06-08T10:20:39+00:00\",\"breadcrumb\":{\"@id\":\"https:\/\/mammalnet.com\/pl\/inne-aplikacje\/#breadcrumb\"},\"inLanguage\":\"pl-PL\",\"potentialAction\":[{\"@type\":\"ReadAction\",\"target\":[\"https:\/\/mammalnet.com\/pl\/inne-aplikacje\/\"]}]},{\"@type\":\"BreadcrumbList\",\"@id\":\"https:\/\/mammalnet.com\/pl\/inne-aplikacje\/#breadcrumb\",\"itemListElement\":[{\"@type\":\"ListItem\",\"position\":1,\"name\":\"Home\",\"item\":\"https:\/\/mammalnet.com\/\"},{\"@type\":\"ListItem\",\"position\":2,\"name\":\"Inne aplikacje\"}]},{\"@type\":\"WebSite\",\"@id\":\"https:\/\/mammalnet.com\/#website\",\"url\":\"https:\/\/mammalnet.com\/\",\"name\":\"Mammalnet\",\"description\":\"Citizen Science\",\"publisher\":{\"@id\":\"https:\/\/mammalnet.com\/#organization\"},\"potentialAction\":[{\"@type\":\"SearchAction\",\"target\":{\"@type\":\"EntryPoint\",\"urlTemplate\":\"https:\/\/mammalnet.com\/?s={search_term_string}\"},\"query-input\":\"required name=search_term_string\"}],\"inLanguage\":\"pl-PL\"},{\"@type\":\"Organization\",\"@id\":\"https:\/\/mammalnet.com\/#organization\",\"name\":\"Mammalnet\",\"url\":\"https:\/\/mammalnet.com\/\",\"logo\":{\"@type\":\"ImageObject\",\"inLanguage\":\"pl-PL\",\"@id\":\"https:\/\/mammalnet.com\/#\/schema\/logo\/image\/\",\"url\":\"https:\/\/mammalnet.com\/wp-content\/uploads\/2019\/08\/logo.png\",\"contentUrl\":\"https:\/\/mammalnet.com\/wp-content\/uploads\/2019\/08\/logo.png\",\"width\":991,\"height\":284,\"caption\":\"Mammalnet\"},\"image\":{\"@id\":\"https:\/\/mammalnet.com\/#\/schema\/logo\/image\/\"},\"sameAs\":[\"https:\/\/www.facebook.com\/MammalNet-106550637394937\/\",\"https:\/\/twitter.com\/mammalnet_eu\"]}]}<\/script>\n<!-- \/ Yoast SEO plugin. -->","yoast_head_json":{"title":"Inne aplikacje - Mammalnet","robots":{"index":"index","follow":"follow","max-snippet":"max-snippet:-1","max-image-preview":"max-image-preview:large","max-video-preview":"max-video-preview:-1"},"canonical":"https:\/\/mammalnet.com\/pl\/inne-aplikacje\/","og_locale":"pl_PL","og_type":"article","og_title":"Inne aplikacje - Mammalnet","og_description":"Inne aplikacje Dowiedz si\u0119 wi\u0119cej W r\u00f3\u017cnych regionach Europy sukcesywnie powstaj\u0105 nowe aplikacje wykorzystuj\u0105ce zasady nauki obywatelskiej. Zbieraj\u0105 one r\u00f3\u017cnorodne dane \u00a0na temat ssak\u00f3w i innych grup zwierz\u0105t. W ramach naszego projektu planujemy testowa\u0107 nowe mo\u017cliwo\u015bci nawi\u0105zania wsp\u00f3\u0142pracy pomi\u0119dzy tworzonymi aplikacjami i projektami. B\u0119dziemy promowa\u0107 standardy metadanych, aby wspiera\u0107 udost\u0119pnianie ich w obr\u0119bie nauki obywatelskiej, ... Dowiedz si\u0119 wi\u0119cej","og_url":"https:\/\/mammalnet.com\/pl\/inne-aplikacje\/","og_site_name":"Mammalnet","article_publisher":"https:\/\/www.facebook.com\/MammalNet-106550637394937\/","article_modified_time":"2021-06-08T10:20:39+00:00","og_image":[{"url":"https:\/\/mammalnet.com\/wp-content\/uploads\/2019\/10\/other-apps-637x1024.png"}],"twitter_card":"summary_large_image","twitter_site":"@mammalnet_eu","twitter_misc":{"Szacowany czas czytania":"2 minuty"},"schema":{"@context":"https:\/\/schema.org","@graph":[{"@type":"WebPage","@id":"https:\/\/mammalnet.com\/pl\/inne-aplikacje\/","url":"https:\/\/mammalnet.com\/pl\/inne-aplikacje\/","name":"Inne aplikacje - Mammalnet","isPartOf":{"@id":"https:\/\/mammalnet.com\/#website"},"datePublished":"2019-10-28T09:02:45+00:00","dateModified":"2021-06-08T10:20:39+00:00","breadcrumb":{"@id":"https:\/\/mammalnet.com\/pl\/inne-aplikacje\/#breadcrumb"},"inLanguage":"pl-PL","potentialAction":[{"@type":"ReadAction","target":["https:\/\/mammalnet.com\/pl\/inne-aplikacje\/"]}]},{"@type":"BreadcrumbList","@id":"https:\/\/mammalnet.com\/pl\/inne-aplikacje\/#breadcrumb","itemListElement":[{"@type":"ListItem","position":1,"name":"Home","item":"https:\/\/mammalnet.com\/"},{"@type":"ListItem","position":2,"name":"Inne aplikacje"}]},{"@type":"WebSite","@id":"https:\/\/mammalnet.com\/#website","url":"https:\/\/mammalnet.com\/","name":"Mammalnet","description":"Citizen Science","publisher":{"@id":"https:\/\/mammalnet.com\/#organization"},"potentialAction":[{"@type":"SearchAction","target":{"@type":"EntryPoint","urlTemplate":"https:\/\/mammalnet.com\/?s={search_term_string}"},"query-input":"required name=search_term_string"}],"inLanguage":"pl-PL"},{"@type":"Organization","@id":"https:\/\/mammalnet.com\/#organization","name":"Mammalnet","url":"https:\/\/mammalnet.com\/","logo":{"@type":"ImageObject","inLanguage":"pl-PL","@id":"https:\/\/mammalnet.com\/#\/schema\/logo\/image\/","url":"https:\/\/mammalnet.com\/wp-content\/uploads\/2019\/08\/logo.png","contentUrl":"https:\/\/mammalnet.com\/wp-content\/uploads\/2019\/08\/logo.png","width":991,"height":284,"caption":"Mammalnet"},"image":{"@id":"https:\/\/mammalnet.com\/#\/schema\/logo\/image\/"},"sameAs":["https:\/\/www.facebook.com\/MammalNet-106550637394937\/","https:\/\/twitter.com\/mammalnet_eu"]}]}},"_links":{"self":[{"href":"https:\/\/mammalnet.com\/pl\/wp-json\/wp\/v2\/pages\/6119"}],"collection":[{"href":"https:\/\/mammalnet.com\/pl\/wp-json\/wp\/v2\/pages"}],"about":[{"href":"https:\/\/mammalnet.com\/pl\/wp-json\/wp\/v2\/types\/page"}],"author":[{"embeddable":true,"href":"https:\/\/mammalnet.com\/pl\/wp-json\/wp\/v2\/users\/1"}],"replies":[{"embeddable":true,"href":"https:\/\/mammalnet.com\/pl\/wp-json\/wp\/v2\/comments?post=6119"}],"version-history":[{"count":2,"href":"https:\/\/mammalnet.com\/pl\/wp-json\/wp\/v2\/pages\/6119\/revisions"}],"predecessor-version":[{"id":15185,"href":"https:\/\/mammalnet.com\/pl\/wp-json\/wp\/v2\/pages\/6119\/revisions\/15185"}],"wp:attachment":[{"href":"https:\/\/mammalnet.com\/pl\/wp-json\/wp\/v2\/media?parent=6119"}],"curies":[{"name":"wp","href":"https:\/\/api.w.org\/{rel}","templated":true}]}}