{"id":4511,"date":"2019-10-21T15:05:45","date_gmt":"2019-10-21T15:05:45","guid":{"rendered":"http:\/\/s808028422.mialojamiento.es\/mysliwi-wedkarze\/"},"modified":"2021-06-08T11:20:23","modified_gmt":"2021-06-08T10:20:23","slug":"mysliwi-wedkarze","status":"publish","type":"page","link":"https:\/\/mammalnet.com\/pl\/mysliwi-wedkarze\/","title":{"rendered":"My\u015bliwi i le\u015bnicy"},"content":{"rendered":"\t\t<div data-elementor-type=\"wp-post\" data-elementor-id=\"4511\" class=\"elementor elementor-4511 elementor-225\" data-elementor-post-type=\"page\">\n\t\t\t\t\t\t<section class=\"elementor-section elementor-top-section elementor-element elementor-element-ee3fc5a elementor-section-stretched elementor-section-height-min-height elementor-section-items-stretch elementor-section-content-middle elementor-section-boxed elementor-section-height-default\" data-id=\"ee3fc5a\" data-element_type=\"section\" data-settings=\"{&quot;stretch_section&quot;:&quot;section-stretched&quot;,&quot;background_background&quot;:&quot;classic&quot;,&quot;shape_divider_top&quot;:&quot;waves&quot;}\">\n\t\t\t\t\t\t\t<div class=\"elementor-background-overlay\"><\/div>\n\t\t\t\t\t\t<div class=\"elementor-shape elementor-shape-top\" data-negative=\"false\">\n\t\t\t<svg xmlns=\"http:\/\/www.w3.org\/2000\/svg\" viewBox=\"0 0 1000 100\" preserveAspectRatio=\"none\">\n\t<path class=\"elementor-shape-fill\" d=\"M421.9,6.5c22.6-2.5,51.5,0.4,75.5,5.3c23.6,4.9,70.9,23.5,100.5,35.7c75.8,32.2,133.7,44.5,192.6,49.7\n\tc23.6,2.1,48.7,3.5,103.4-2.5c54.7-6,106.2-25.6,106.2-25.6V0H0v30.3c0,0,72,32.6,158.4,30.5c39.2-0.7,92.8-6.7,134-22.4\n\tc21.2-8.1,52.2-18.2,79.7-24.2C399.3,7.9,411.6,7.5,421.9,6.5z\"\/>\n<\/svg>\t\t<\/div>\n\t\t\t\t\t<div class=\"elementor-container elementor-column-gap-default\">\n\t\t\t\t\t<div class=\"elementor-column elementor-col-50 elementor-top-column elementor-element elementor-element-311f097\" data-id=\"311f097\" data-element_type=\"column\" data-settings=\"{&quot;background_background&quot;:&quot;classic&quot;}\">\n\t\t\t<div class=\"elementor-widget-wrap elementor-element-populated\">\n\t\t\t\t\t<div class=\"elementor-background-overlay\"><\/div>\n\t\t\t\t\t\t<div class=\"elementor-element elementor-element-bd8fcec animated-fast elementor-invisible elementor-widget elementor-widget-heading\" data-id=\"bd8fcec\" data-element_type=\"widget\" data-settings=\"{&quot;_animation&quot;:&quot;fadeInDown&quot;,&quot;_animation_delay&quot;:&quot;300&quot;}\" data-widget_type=\"heading.default\">\n\t\t\t\t<div class=\"elementor-widget-container\">\n\t\t\t<h4 class=\"elementor-heading-title elementor-size-default\">Jak mo\u017cna uczestniczy\u0107?<\/h4>\t\t<\/div>\n\t\t\t\t<\/div>\n\t\t\t\t<div class=\"elementor-element elementor-element-0878830 animated-fast elementor-invisible elementor-widget elementor-widget-heading\" data-id=\"0878830\" data-element_type=\"widget\" data-settings=\"{&quot;_animation&quot;:&quot;fadeInUp&quot;,&quot;_animation_delay&quot;:&quot;300&quot;}\" data-widget_type=\"heading.default\">\n\t\t\t\t<div class=\"elementor-widget-container\">\n\t\t\t<h2 class=\"elementor-heading-title elementor-size-default\">My\u015bliwi i le\u015bnicy<\/h2>\t\t<\/div>\n\t\t\t\t<\/div>\n\t\t\t\t<div class=\"elementor-element elementor-element-119b654 elementor-align-right elementor-mobile-align-center elementor-widget elementor-widget-button\" data-id=\"119b654\" data-element_type=\"widget\" data-widget_type=\"button.default\">\n\t\t\t\t<div class=\"elementor-widget-container\">\n\t\t\t\t\t<div class=\"elementor-button-wrapper\">\n\t\t\t<a class=\"elementor-button elementor-button-link elementor-size-sm\" href=\"#go\">\n\t\t\t\t\t\t<span class=\"elementor-button-content-wrapper\">\n\t\t\t\t\t\t<span class=\"elementor-button-icon elementor-align-icon-right\">\n\t\t\t\t<i aria-hidden=\"true\" class=\"fas fa-chevron-down\"><\/i>\t\t\t<\/span>\n\t\t\t\t\t\t<span class=\"elementor-button-text\">Zaczynamy!<\/span>\n\t\t<\/span>\n\t\t\t\t\t<\/a>\n\t\t<\/div>\n\t\t\t\t<\/div>\n\t\t\t\t<\/div>\n\t\t\t\t\t<\/div>\n\t\t<\/div>\n\t\t\t\t<div class=\"elementor-column elementor-col-50 elementor-top-column elementor-element elementor-element-d6f99b9\" data-id=\"d6f99b9\" data-element_type=\"column\">\n\t\t\t<div class=\"elementor-widget-wrap elementor-element-populated\">\n\t\t\t\t\t\t<div class=\"elementor-element elementor-element-3fa0b9f elementor-widget elementor-widget-image\" data-id=\"3fa0b9f\" data-element_type=\"widget\" data-widget_type=\"image.default\">\n\t\t\t\t<div class=\"elementor-widget-container\">\n\t\t\t\t\t\t\t\t\t\t\t\t\t<img fetchpriority=\"high\" decoding=\"async\" width=\"889\" height=\"766\" src=\"https:\/\/mammalnet.com\/wp-content\/uploads\/2019\/09\/cazador-2.png\" class=\"attachment-full size-full wp-image-945\" alt=\"\" srcset=\"https:\/\/mammalnet.com\/wp-content\/uploads\/2019\/09\/cazador-2.png 889w, https:\/\/mammalnet.com\/wp-content\/uploads\/2019\/09\/cazador-2-300x258.png 300w, https:\/\/mammalnet.com\/wp-content\/uploads\/2019\/09\/cazador-2-768x662.png 768w, https:\/\/mammalnet.com\/wp-content\/uploads\/2019\/09\/cazador-2-650x560.png 650w\" sizes=\"(max-width: 889px) 100vw, 889px\" \/>\t\t\t\t\t\t\t\t\t\t\t\t\t<\/div>\n\t\t\t\t<\/div>\n\t\t\t\t\t<\/div>\n\t\t<\/div>\n\t\t\t\t\t<\/div>\n\t\t<\/section>\n\t\t\t\t<section class=\"elementor-section elementor-top-section elementor-element elementor-element-04d5ae4 elementor-section-boxed elementor-section-height-default elementor-section-height-default\" data-id=\"04d5ae4\" data-element_type=\"section\">\n\t\t\t\t\t\t<div class=\"elementor-container elementor-column-gap-default\">\n\t\t\t\t\t<div class=\"elementor-column elementor-col-100 elementor-top-column elementor-element elementor-element-a86bd21\" data-id=\"a86bd21\" data-element_type=\"column\">\n\t\t\t<div class=\"elementor-widget-wrap elementor-element-populated\">\n\t\t\t\t\t\t<div class=\"elementor-element elementor-element-f0fec2b elementor-widget elementor-widget-menu-anchor\" data-id=\"f0fec2b\" data-element_type=\"widget\" data-widget_type=\"menu-anchor.default\">\n\t\t\t\t<div class=\"elementor-widget-container\">\n\t\t\t\t\t<div id=\"go\" class=\"elementor-menu-anchor\"><\/div>\n\t\t\t\t<\/div>\n\t\t\t\t<\/div>\n\t\t\t\t\t<\/div>\n\t\t<\/div>\n\t\t\t\t\t<\/div>\n\t\t<\/section>\n\t\t\t\t<section class=\"elementor-section elementor-top-section elementor-element elementor-element-65f8a6c elementor-section-stretched elementor-reverse-mobile elementor-section-boxed elementor-section-height-default elementor-section-height-default\" data-id=\"65f8a6c\" data-element_type=\"section\" data-settings=\"{&quot;stretch_section&quot;:&quot;section-stretched&quot;,&quot;background_background&quot;:&quot;classic&quot;}\">\n\t\t\t\t\t\t<div class=\"elementor-container elementor-column-gap-default\">\n\t\t\t\t\t<div class=\"elementor-column elementor-col-50 elementor-top-column elementor-element elementor-element-edc23cf\" data-id=\"edc23cf\" data-element_type=\"column\">\n\t\t\t<div class=\"elementor-widget-wrap elementor-element-populated\">\n\t\t\t\t\t\t<div class=\"elementor-element elementor-element-b7acaa7 animated-fast elementor-invisible elementor-widget elementor-widget-image\" data-id=\"b7acaa7\" data-element_type=\"widget\" data-settings=\"{&quot;_animation&quot;:&quot;fadeIn&quot;,&quot;_animation_delay&quot;:&quot;500&quot;}\" data-widget_type=\"image.default\">\n\t\t\t\t<div class=\"elementor-widget-container\">\n\t\t\t\t\t\t\t\t\t\t\t\t\t<img decoding=\"async\" width=\"700\" height=\"467\" src=\"https:\/\/mammalnet.com\/wp-content\/uploads\/2019\/08\/fallow-deer-dama-dama-5KCB3QV.jpg\" class=\"attachment-full size-full wp-image-622\" alt=\"\" srcset=\"https:\/\/mammalnet.com\/wp-content\/uploads\/2019\/08\/fallow-deer-dama-dama-5KCB3QV.jpg 700w, https:\/\/mammalnet.com\/wp-content\/uploads\/2019\/08\/fallow-deer-dama-dama-5KCB3QV-300x200.jpg 300w, https:\/\/mammalnet.com\/wp-content\/uploads\/2019\/08\/fallow-deer-dama-dama-5KCB3QV-650x434.jpg 650w\" sizes=\"(max-width: 700px) 100vw, 700px\" \/>\t\t\t\t\t\t\t\t\t\t\t\t\t<\/div>\n\t\t\t\t<\/div>\n\t\t\t\t\t<\/div>\n\t\t<\/div>\n\t\t\t\t<div class=\"elementor-column elementor-col-50 elementor-top-column elementor-element elementor-element-7c168a4\" data-id=\"7c168a4\" data-element_type=\"column\">\n\t\t\t<div class=\"elementor-widget-wrap elementor-element-populated\">\n\t\t\t\t\t\t<div class=\"elementor-element elementor-element-70e9ad7 animated-fast elementor-invisible elementor-widget elementor-widget-heading\" data-id=\"70e9ad7\" data-element_type=\"widget\" data-settings=\"{&quot;_animation&quot;:&quot;fadeInUp&quot;,&quot;_animation_delay&quot;:&quot;300&quot;}\" data-widget_type=\"heading.default\">\n\t\t\t\t<div class=\"elementor-widget-container\">\n\t\t\t<h3 class=\"elementor-heading-title elementor-size-default\">Dlaczego w\u0142a\u015bnie oni?<\/h3>\t\t<\/div>\n\t\t\t\t<\/div>\n\t\t\t\t<div class=\"elementor-element elementor-element-e2d55bd animated-fast elementor-invisible elementor-widget elementor-widget-text-editor\" data-id=\"e2d55bd\" data-element_type=\"widget\" data-settings=\"{&quot;_animation&quot;:&quot;fadeIn&quot;,&quot;_animation_delay&quot;:&quot;500&quot;}\" data-widget_type=\"text-editor.default\">\n\t\t\t\t<div class=\"elementor-widget-container\">\n\t\t\t\t\t\t\t<p>My\u015bliwi i le\u015bnicy posiadaj\u0105 bogat\u0105 wiedz\u0119 z zakresu tropienia i obserwacji dzikich zwierz\u0105t. Te informacje mog\u0105 by\u0107 przydatne do pe\u0142niejszego opisania i zrozumienia otaczaj\u0105cego nas \u015brodowiska i skutecznego monitorowania populacji dzikich ssak\u00f3w.<\/p>\n<p>My\u015bliwi i le\u015bnicy sp\u0119dzaj\u0105 du\u017co czasu na \u0142onie natury, gdzie cz\u0119sto spotykaj\u0105 dzikie zwierz\u0119ta. Wielu z nich w swojej pracy wykorzystuje tak\u017ce fotopu\u0142apki. Wszystkie obserwacje mog\u0105 pom\u00f3c w dok\u0142adniejszym opisie biologii i ekologii ssak\u00f3w, a tak\u017ce w uzupe\u0142nieniu danych dotycz\u0105cych ich rozmieszczenia.<\/p>\n\t\t\t\t\t\t<\/div>\n\t\t\t\t<\/div>\n\t\t\t\t\t<\/div>\n\t\t<\/div>\n\t\t\t\t\t<\/div>\n\t\t<\/section>\n\t\t\t\t<section class=\"elementor-section elementor-top-section elementor-element elementor-element-e91efa3 elementor-section-stretched elementor-section-boxed elementor-section-height-default elementor-section-height-default\" data-id=\"e91efa3\" data-element_type=\"section\" data-settings=\"{&quot;stretch_section&quot;:&quot;section-stretched&quot;,&quot;background_background&quot;:&quot;classic&quot;,&quot;shape_divider_top&quot;:&quot;waves&quot;,&quot;shape_divider_top_negative&quot;:&quot;yes&quot;}\">\n\t\t\t\t\t<div class=\"elementor-shape elementor-shape-top\" data-negative=\"true\">\n\t\t\t<svg xmlns=\"http:\/\/www.w3.org\/2000\/svg\" viewBox=\"0 0 1000 100\" preserveAspectRatio=\"none\">\n\t<path class=\"elementor-shape-fill\" d=\"M790.5,93.1c-59.3-5.3-116.8-18-192.6-50c-29.6-12.7-76.9-31-100.5-35.9c-23.6-4.9-52.6-7.8-75.5-5.3\n\tc-10.2,1.1-22.6,1.4-50.1,7.4c-27.2,6.3-58.2,16.6-79.4,24.7c-41.3,15.9-94.9,21.9-134,22.6C72,58.2,0,25.8,0,25.8V100h1000V65.3\n\tc0,0-51.5,19.4-106.2,25.7C839.5,97,814.1,95.2,790.5,93.1z\"\/>\n<\/svg>\t\t<\/div>\n\t\t\t\t\t<div class=\"elementor-container elementor-column-gap-default\">\n\t\t\t\t\t<div class=\"elementor-column elementor-col-50 elementor-top-column elementor-element elementor-element-b41c3de\" data-id=\"b41c3de\" data-element_type=\"column\">\n\t\t\t<div class=\"elementor-widget-wrap elementor-element-populated\">\n\t\t\t\t\t\t<div class=\"elementor-element elementor-element-a4accbf animated-fast elementor-invisible elementor-widget elementor-widget-heading\" data-id=\"a4accbf\" data-element_type=\"widget\" data-settings=\"{&quot;_animation&quot;:&quot;fadeInLeft&quot;,&quot;_animation_delay&quot;:&quot;300&quot;}\" data-widget_type=\"heading.default\">\n\t\t\t\t<div class=\"elementor-widget-container\">\n\t\t\t<h3 class=\"elementor-heading-title elementor-size-default\">Dlaczego warto wzi\u0105\u0107 udzia\u0142?<\/h3>\t\t<\/div>\n\t\t\t\t<\/div>\n\t\t\t\t<div class=\"elementor-element elementor-element-0499662 animated-fast elementor-invisible elementor-widget elementor-widget-text-editor\" data-id=\"0499662\" data-element_type=\"widget\" data-settings=\"{&quot;_animation&quot;:&quot;fadeIn&quot;,&quot;_animation_delay&quot;:&quot;500&quot;}\" data-widget_type=\"text-editor.default\">\n\t\t\t\t<div class=\"elementor-widget-container\">\n\t\t\t\t\t\t\t<p>My\u015bliwi i le\u015bnicy od dawna wsp\u00f3\u0142pracuj\u0105 z naukowcami, dziel\u0105c si\u0119 swoj\u0105 wiedz\u0105 i do\u015bwiadczeniem. Nasz projekt mo\u017ce by\u0107 dla nich okazj\u0105 do samodzielnego zbierania danych, pomagaj\u0105cych w ochronie przyrody i zr\u00f3wnowa\u017conym zarz\u0105dzaniu jej zasobami.<\/p>\n\t\t\t\t\t\t<\/div>\n\t\t\t\t<\/div>\n\t\t\t\t\t<\/div>\n\t\t<\/div>\n\t\t\t\t<div class=\"elementor-column elementor-col-50 elementor-top-column elementor-element elementor-element-5d5bdbf\" data-id=\"5d5bdbf\" data-element_type=\"column\">\n\t\t\t<div class=\"elementor-widget-wrap elementor-element-populated\">\n\t\t\t\t\t\t<div class=\"elementor-element elementor-element-dd16dd0 animated-fast elementor-invisible elementor-widget elementor-widget-image\" data-id=\"dd16dd0\" data-element_type=\"widget\" data-settings=\"{&quot;_animation&quot;:&quot;fadeIn&quot;,&quot;_animation_delay&quot;:&quot;500&quot;}\" data-widget_type=\"image.default\">\n\t\t\t\t<div class=\"elementor-widget-container\">\n\t\t\t\t\t\t\t\t\t\t\t\t\t<img decoding=\"async\" width=\"700\" height=\"465\" src=\"https:\/\/mammalnet.com\/wp-content\/uploads\/2019\/08\/red-fox-P9KMTTW.jpg\" class=\"attachment-large size-large wp-image-634\" alt=\"\" srcset=\"https:\/\/mammalnet.com\/wp-content\/uploads\/2019\/08\/red-fox-P9KMTTW.jpg 700w, https:\/\/mammalnet.com\/wp-content\/uploads\/2019\/08\/red-fox-P9KMTTW-300x199.jpg 300w, https:\/\/mammalnet.com\/wp-content\/uploads\/2019\/08\/red-fox-P9KMTTW-650x432.jpg 650w\" sizes=\"(max-width: 700px) 100vw, 700px\" \/>\t\t\t\t\t\t\t\t\t\t\t\t\t<\/div>\n\t\t\t\t<\/div>\n\t\t\t\t\t<\/div>\n\t\t<\/div>\n\t\t\t\t\t<\/div>\n\t\t<\/section>\n\t\t\t\t<section class=\"elementor-section elementor-top-section elementor-element elementor-element-2792e70 elementor-section-stretched elementor-reverse-mobile elementor-section-boxed elementor-section-height-default elementor-section-height-default\" data-id=\"2792e70\" data-element_type=\"section\" data-settings=\"{&quot;stretch_section&quot;:&quot;section-stretched&quot;,&quot;background_background&quot;:&quot;classic&quot;}\">\n\t\t\t\t\t\t<div class=\"elementor-container elementor-column-gap-default\">\n\t\t\t\t\t<div class=\"elementor-column elementor-col-50 elementor-top-column elementor-element elementor-element-725c305\" data-id=\"725c305\" data-element_type=\"column\">\n\t\t\t<div class=\"elementor-widget-wrap elementor-element-populated\">\n\t\t\t\t\t\t<div class=\"elementor-element elementor-element-2eea02f animated-fast elementor-invisible elementor-widget elementor-widget-image\" data-id=\"2eea02f\" data-element_type=\"widget\" data-settings=\"{&quot;_animation&quot;:&quot;fadeIn&quot;,&quot;_animation_delay&quot;:&quot;500&quot;}\" data-widget_type=\"image.default\">\n\t\t\t\t<div class=\"elementor-widget-container\">\n\t\t\t\t\t\t\t\t\t\t\t\t\t<img loading=\"lazy\" decoding=\"async\" width=\"1056\" height=\"1080\" src=\"https:\/\/mammalnet.com\/wp-content\/uploads\/2019\/08\/5.png\" class=\"attachment-full size-full wp-image-218\" alt=\"\" srcset=\"https:\/\/mammalnet.com\/wp-content\/uploads\/2019\/08\/5.png 1056w, https:\/\/mammalnet.com\/wp-content\/uploads\/2019\/08\/5-293x300.png 293w, https:\/\/mammalnet.com\/wp-content\/uploads\/2019\/08\/5-1001x1024.png 1001w, https:\/\/mammalnet.com\/wp-content\/uploads\/2019\/08\/5-768x785.png 768w, https:\/\/mammalnet.com\/wp-content\/uploads\/2019\/08\/5-636x650.png 636w\" sizes=\"(max-width: 1056px) 100vw, 1056px\" \/>\t\t\t\t\t\t\t\t\t\t\t\t\t<\/div>\n\t\t\t\t<\/div>\n\t\t\t\t\t<\/div>\n\t\t<\/div>\n\t\t\t\t<div class=\"elementor-column elementor-col-50 elementor-top-column elementor-element elementor-element-bfa1ebc\" data-id=\"bfa1ebc\" data-element_type=\"column\">\n\t\t\t<div class=\"elementor-widget-wrap elementor-element-populated\">\n\t\t\t\t\t\t<div class=\"elementor-element elementor-element-8fa87a3 animated-fast elementor-invisible elementor-widget elementor-widget-heading\" data-id=\"8fa87a3\" data-element_type=\"widget\" data-settings=\"{&quot;_animation&quot;:&quot;fadeInUp&quot;,&quot;_animation_delay&quot;:&quot;300&quot;}\" data-widget_type=\"heading.default\">\n\t\t\t\t<div class=\"elementor-widget-container\">\n\t\t\t<h3 class=\"elementor-heading-title elementor-size-default\">Jak mo\u017cna uczestniczy\u0107?<\/h3>\t\t<\/div>\n\t\t\t\t<\/div>\n\t\t\t\t<div class=\"elementor-element elementor-element-bb4d1d1 animated-fast elementor-invisible elementor-widget elementor-widget-text-editor\" data-id=\"bb4d1d1\" data-element_type=\"widget\" data-settings=\"{&quot;_animation&quot;:&quot;fadeIn&quot;,&quot;_animation_delay&quot;:&quot;500&quot;}\" data-widget_type=\"text-editor.default\">\n\t\t\t\t<div class=\"elementor-widget-container\">\n\t\t\t\t\t\t\t<p>Aplikacja mobilna iMammalia pomo\u017ce Ci w \u0142atwym i szybkim rejestrowaniu przypadkowych obserwacji ssak\u00f3w i \u015blad\u00f3w ich obecno\u015bci podczas codziennych aktywno\u015bci. W aplikacji znajdziesz opisy gatunk\u00f3w, kt\u00f3re na pewno pomog\u0105 Ci w identyfikacji zaobserwowanych zwierz\u0105t.<\/p>\n<p>Je\u015bli chcesz podzieli\u0107 si\u0119 swoimi zdj\u0119ciami z fotopu\u0142apek lub obejrze\u0107 obserwacje wykonane przez innych u\u017cytkownik\u00f3w, skorzystaj z aplikacji MammalWeb.\u00a0\u00a0 Dodatkowo aplikacja MammalWeb zapewnia dost\u0119p do zdj\u0119\u0107 z ca\u0142ej Europy, pozwalaj\u0105c na ogl\u0105danie gatunk\u00f3w z innych region\u00f3w, a w razie potrzeby, udzielenie pomocy w ich identyfikacji.<\/p>\n<p>Osoby posiadaj\u0105ce wiedz\u0119 specjalistyczn\u0105 zapraszamy do odwiedzenia zak\u0142adki \u201eNaukowcy, specjali\u015bci\u201d, w celu zapoznania si\u0119 z aplikacj\u0105 Agouti.<\/p>\n\t\t\t\t\t\t<\/div>\n\t\t\t\t<\/div>\n\t\t\t\t\t<\/div>\n\t\t<\/div>\n\t\t\t\t\t<\/div>\n\t\t<\/section>\n\t\t\t\t<\/div>\n\t\t","protected":false},"excerpt":{"rendered":"<p>Jak mo\u017cna uczestniczy\u0107? My\u015bliwi i le\u015bnicy Zaczynamy! Dlaczego w\u0142a\u015bnie oni? My\u015bliwi i le\u015bnicy posiadaj\u0105 bogat\u0105 wiedz\u0119 z zakresu tropienia i obserwacji dzikich zwierz\u0105t. Te informacje mog\u0105 by\u0107 przydatne do pe\u0142niejszego opisania i zrozumienia otaczaj\u0105cego nas \u015brodowiska i skutecznego monitorowania populacji dzikich ssak\u00f3w. My\u015bliwi i le\u015bnicy sp\u0119dzaj\u0105 du\u017co czasu na \u0142onie natury, gdzie cz\u0119sto spotykaj\u0105 dzikie &#8230; <a title=\"My\u015bliwi i le\u015bnicy\" class=\"read-more\" href=\"https:\/\/mammalnet.com\/pl\/mysliwi-wedkarze\/\" aria-label=\"Wi\u0119cej na My\u015bliwi i le\u015bnicy\">Dowiedz si\u0119 wi\u0119cej<\/a><\/p>\n","protected":false},"author":1,"featured_media":0,"parent":0,"menu_order":0,"comment_status":"closed","ping_status":"closed","template":"elementor_header_footer","meta":{"_acf_changed":false,"footnotes":""},"acf":[],"yoast_head":"<!-- This site is optimized with the Yoast SEO plugin v22.1 - https:\/\/yoast.com\/wordpress\/plugins\/seo\/ -->\n<title>My\u015bliwi i le\u015bnicy - Mammalnet<\/title>\n<meta name=\"robots\" content=\"index, follow, max-snippet:-1, max-image-preview:large, max-video-preview:-1\" \/>\n<link rel=\"canonical\" href=\"https:\/\/mammalnet.com\/pl\/mysliwi-wedkarze\/\" \/>\n<meta property=\"og:locale\" content=\"pl_PL\" \/>\n<meta property=\"og:type\" content=\"article\" \/>\n<meta property=\"og:title\" content=\"My\u015bliwi i le\u015bnicy - Mammalnet\" \/>\n<meta property=\"og:description\" content=\"Jak mo\u017cna uczestniczy\u0107? My\u015bliwi i le\u015bnicy Zaczynamy! Dlaczego w\u0142a\u015bnie oni? My\u015bliwi i le\u015bnicy posiadaj\u0105 bogat\u0105 wiedz\u0119 z zakresu tropienia i obserwacji dzikich zwierz\u0105t. Te informacje mog\u0105 by\u0107 przydatne do pe\u0142niejszego opisania i zrozumienia otaczaj\u0105cego nas \u015brodowiska i skutecznego monitorowania populacji dzikich ssak\u00f3w. My\u015bliwi i le\u015bnicy sp\u0119dzaj\u0105 du\u017co czasu na \u0142onie natury, gdzie cz\u0119sto spotykaj\u0105 dzikie ... Dowiedz si\u0119 wi\u0119cej\" \/>\n<meta property=\"og:url\" content=\"https:\/\/mammalnet.com\/pl\/mysliwi-wedkarze\/\" \/>\n<meta property=\"og:site_name\" content=\"Mammalnet\" \/>\n<meta property=\"article:publisher\" content=\"https:\/\/www.facebook.com\/MammalNet-106550637394937\/\" \/>\n<meta property=\"article:modified_time\" content=\"2021-06-08T10:20:23+00:00\" \/>\n<meta property=\"og:image\" content=\"https:\/\/mammalnet.com\/wp-content\/uploads\/2019\/09\/cazador-2.png\" \/>\n<meta name=\"twitter:card\" content=\"summary_large_image\" \/>\n<meta name=\"twitter:site\" content=\"@mammalnet_eu\" \/>\n<meta name=\"twitter:label1\" content=\"Szacowany czas czytania\" \/>\n\t<meta name=\"twitter:data1\" content=\"1 minuta\" \/>\n<script type=\"application\/ld+json\" class=\"yoast-schema-graph\">{\"@context\":\"https:\/\/schema.org\",\"@graph\":[{\"@type\":\"WebPage\",\"@id\":\"https:\/\/mammalnet.com\/pl\/mysliwi-wedkarze\/\",\"url\":\"https:\/\/mammalnet.com\/pl\/mysliwi-wedkarze\/\",\"name\":\"My\u015bliwi i le\u015bnicy - Mammalnet\",\"isPartOf\":{\"@id\":\"https:\/\/mammalnet.com\/#website\"},\"datePublished\":\"2019-10-21T15:05:45+00:00\",\"dateModified\":\"2021-06-08T10:20:23+00:00\",\"breadcrumb\":{\"@id\":\"https:\/\/mammalnet.com\/pl\/mysliwi-wedkarze\/#breadcrumb\"},\"inLanguage\":\"pl-PL\",\"potentialAction\":[{\"@type\":\"ReadAction\",\"target\":[\"https:\/\/mammalnet.com\/pl\/mysliwi-wedkarze\/\"]}]},{\"@type\":\"BreadcrumbList\",\"@id\":\"https:\/\/mammalnet.com\/pl\/mysliwi-wedkarze\/#breadcrumb\",\"itemListElement\":[{\"@type\":\"ListItem\",\"position\":1,\"name\":\"Home\",\"item\":\"https:\/\/mammalnet.com\/\"},{\"@type\":\"ListItem\",\"position\":2,\"name\":\"My\u015bliwi i le\u015bnicy\"}]},{\"@type\":\"WebSite\",\"@id\":\"https:\/\/mammalnet.com\/#website\",\"url\":\"https:\/\/mammalnet.com\/\",\"name\":\"Mammalnet\",\"description\":\"Citizen Science\",\"publisher\":{\"@id\":\"https:\/\/mammalnet.com\/#organization\"},\"potentialAction\":[{\"@type\":\"SearchAction\",\"target\":{\"@type\":\"EntryPoint\",\"urlTemplate\":\"https:\/\/mammalnet.com\/?s={search_term_string}\"},\"query-input\":\"required name=search_term_string\"}],\"inLanguage\":\"pl-PL\"},{\"@type\":\"Organization\",\"@id\":\"https:\/\/mammalnet.com\/#organization\",\"name\":\"Mammalnet\",\"url\":\"https:\/\/mammalnet.com\/\",\"logo\":{\"@type\":\"ImageObject\",\"inLanguage\":\"pl-PL\",\"@id\":\"https:\/\/mammalnet.com\/#\/schema\/logo\/image\/\",\"url\":\"https:\/\/mammalnet.com\/wp-content\/uploads\/2019\/08\/logo.png\",\"contentUrl\":\"https:\/\/mammalnet.com\/wp-content\/uploads\/2019\/08\/logo.png\",\"width\":991,\"height\":284,\"caption\":\"Mammalnet\"},\"image\":{\"@id\":\"https:\/\/mammalnet.com\/#\/schema\/logo\/image\/\"},\"sameAs\":[\"https:\/\/www.facebook.com\/MammalNet-106550637394937\/\",\"https:\/\/twitter.com\/mammalnet_eu\"]}]}<\/script>\n<!-- \/ Yoast SEO plugin. -->","yoast_head_json":{"title":"My\u015bliwi i le\u015bnicy - Mammalnet","robots":{"index":"index","follow":"follow","max-snippet":"max-snippet:-1","max-image-preview":"max-image-preview:large","max-video-preview":"max-video-preview:-1"},"canonical":"https:\/\/mammalnet.com\/pl\/mysliwi-wedkarze\/","og_locale":"pl_PL","og_type":"article","og_title":"My\u015bliwi i le\u015bnicy - Mammalnet","og_description":"Jak mo\u017cna uczestniczy\u0107? My\u015bliwi i le\u015bnicy Zaczynamy! Dlaczego w\u0142a\u015bnie oni? My\u015bliwi i le\u015bnicy posiadaj\u0105 bogat\u0105 wiedz\u0119 z zakresu tropienia i obserwacji dzikich zwierz\u0105t. Te informacje mog\u0105 by\u0107 przydatne do pe\u0142niejszego opisania i zrozumienia otaczaj\u0105cego nas \u015brodowiska i skutecznego monitorowania populacji dzikich ssak\u00f3w. My\u015bliwi i le\u015bnicy sp\u0119dzaj\u0105 du\u017co czasu na \u0142onie natury, gdzie cz\u0119sto spotykaj\u0105 dzikie ... Dowiedz si\u0119 wi\u0119cej","og_url":"https:\/\/mammalnet.com\/pl\/mysliwi-wedkarze\/","og_site_name":"Mammalnet","article_publisher":"https:\/\/www.facebook.com\/MammalNet-106550637394937\/","article_modified_time":"2021-06-08T10:20:23+00:00","og_image":[{"url":"https:\/\/mammalnet.com\/wp-content\/uploads\/2019\/09\/cazador-2.png"}],"twitter_card":"summary_large_image","twitter_site":"@mammalnet_eu","twitter_misc":{"Szacowany czas czytania":"1 minuta"},"schema":{"@context":"https:\/\/schema.org","@graph":[{"@type":"WebPage","@id":"https:\/\/mammalnet.com\/pl\/mysliwi-wedkarze\/","url":"https:\/\/mammalnet.com\/pl\/mysliwi-wedkarze\/","name":"My\u015bliwi i le\u015bnicy - Mammalnet","isPartOf":{"@id":"https:\/\/mammalnet.com\/#website"},"datePublished":"2019-10-21T15:05:45+00:00","dateModified":"2021-06-08T10:20:23+00:00","breadcrumb":{"@id":"https:\/\/mammalnet.com\/pl\/mysliwi-wedkarze\/#breadcrumb"},"inLanguage":"pl-PL","potentialAction":[{"@type":"ReadAction","target":["https:\/\/mammalnet.com\/pl\/mysliwi-wedkarze\/"]}]},{"@type":"BreadcrumbList","@id":"https:\/\/mammalnet.com\/pl\/mysliwi-wedkarze\/#breadcrumb","itemListElement":[{"@type":"ListItem","position":1,"name":"Home","item":"https:\/\/mammalnet.com\/"},{"@type":"ListItem","position":2,"name":"My\u015bliwi i le\u015bnicy"}]},{"@type":"WebSite","@id":"https:\/\/mammalnet.com\/#website","url":"https:\/\/mammalnet.com\/","name":"Mammalnet","description":"Citizen Science","publisher":{"@id":"https:\/\/mammalnet.com\/#organization"},"potentialAction":[{"@type":"SearchAction","target":{"@type":"EntryPoint","urlTemplate":"https:\/\/mammalnet.com\/?s={search_term_string}"},"query-input":"required name=search_term_string"}],"inLanguage":"pl-PL"},{"@type":"Organization","@id":"https:\/\/mammalnet.com\/#organization","name":"Mammalnet","url":"https:\/\/mammalnet.com\/","logo":{"@type":"ImageObject","inLanguage":"pl-PL","@id":"https:\/\/mammalnet.com\/#\/schema\/logo\/image\/","url":"https:\/\/mammalnet.com\/wp-content\/uploads\/2019\/08\/logo.png","contentUrl":"https:\/\/mammalnet.com\/wp-content\/uploads\/2019\/08\/logo.png","width":991,"height":284,"caption":"Mammalnet"},"image":{"@id":"https:\/\/mammalnet.com\/#\/schema\/logo\/image\/"},"sameAs":["https:\/\/www.facebook.com\/MammalNet-106550637394937\/","https:\/\/twitter.com\/mammalnet_eu"]}]}},"_links":{"self":[{"href":"https:\/\/mammalnet.com\/pl\/wp-json\/wp\/v2\/pages\/4511"}],"collection":[{"href":"https:\/\/mammalnet.com\/pl\/wp-json\/wp\/v2\/pages"}],"about":[{"href":"https:\/\/mammalnet.com\/pl\/wp-json\/wp\/v2\/types\/page"}],"author":[{"embeddable":true,"href":"https:\/\/mammalnet.com\/pl\/wp-json\/wp\/v2\/users\/1"}],"replies":[{"embeddable":true,"href":"https:\/\/mammalnet.com\/pl\/wp-json\/wp\/v2\/comments?post=4511"}],"version-history":[{"count":2,"href":"https:\/\/mammalnet.com\/pl\/wp-json\/wp\/v2\/pages\/4511\/revisions"}],"predecessor-version":[{"id":15179,"href":"https:\/\/mammalnet.com\/pl\/wp-json\/wp\/v2\/pages\/4511\/revisions\/15179"}],"wp:attachment":[{"href":"https:\/\/mammalnet.com\/pl\/wp-json\/wp\/v2\/media?parent=4511"}],"curies":[{"name":"wp","href":"https:\/\/api.w.org\/{rel}","templated":true}]}}