{"id":10244,"date":"2020-08-25T12:01:18","date_gmt":"2020-08-25T11:01:18","guid":{"rendered":"https:\/\/pruebas.mammalnet.com\/nota-prawna\/"},"modified":"2020-08-25T12:01:18","modified_gmt":"2020-08-25T11:01:18","slug":"nota-prawna","status":"publish","type":"page","link":"https:\/\/mammalnet.com\/pl\/nota-prawna\/","title":{"rendered":"Nota prawna"},"content":{"rendered":"\t\t<div data-elementor-type=\"wp-page\" data-elementor-id=\"10244\" class=\"elementor elementor-10244 elementor-9558\" data-elementor-post-type=\"page\">\n\t\t\t\t\t\t<section class=\"elementor-section elementor-top-section elementor-element elementor-element-d0d25c8 elementor-section-boxed elementor-section-height-default elementor-section-height-default\" data-id=\"d0d25c8\" data-element_type=\"section\">\n\t\t\t\t\t\t<div class=\"elementor-container elementor-column-gap-default\">\n\t\t\t\t\t<div class=\"elementor-column elementor-col-100 elementor-top-column elementor-element elementor-element-1d459ad\" data-id=\"1d459ad\" data-element_type=\"column\">\n\t\t\t<div class=\"elementor-widget-wrap elementor-element-populated\">\n\t\t\t\t\t\t<div class=\"elementor-element elementor-element-28c4a5c elementor-widget elementor-widget-text-editor\" data-id=\"28c4a5c\" data-element_type=\"widget\" data-widget_type=\"text-editor.default\">\n\t\t\t\t<div class=\"elementor-widget-container\">\n\t\t\t\t\t\t\t<section data-id=\"d2f56f7\" data-element_type=\"section\">\n<div data-id=\"1630609\" data-element_type=\"column\">\n<div data-id=\"38567a18\" data-element_type=\"widget\" data-widget_type=\"text-editor.default\">\n<h2><em>Nota prawna<br \/>\n<\/em><\/h2>\n<div>\n<div>\n<div>\n<p>Dane kontaktowe:<\/p>\n<\/div>\n<\/div>\n<\/div>\n<\/div>\n<\/div>\n<\/section>\n<section data-id=\"f7c707d\" data-element_type=\"section\">\n<div data-id=\"39ca81f\" data-element_type=\"column\">\n<div data-id=\"f387a47\" data-element_type=\"widget\" data-widget_type=\"text-editor.default\">\n<p><strong>CASTILLA LA MANCHA UNIVERSITY (UCLM)<\/strong><\/p>\n<p>VAT: Q1368009-E<\/p>\n<p><b>\u00a0<\/b><\/p>\n<p><b>Adres:<\/b><\/p>\n<p>Rectorate of the University of Castilla-La Mancha<\/p>\n<p>50 Altagracia Street<\/p>\n<p>13071- Ciudad Real<\/p>\n<p>Koordynator:<\/p>\n<p><em>Joaqu\u00edn Vicente Ba\u00f1os<\/em><\/p>\n<p><a href=\"mailto:project.mammalnet@uclm.es\">project.mammalnet @ uclm.es<\/a><\/p>\n<p><span style=\"text-decoration: underline;\">Phone number<\/span>: +34 926 29 54 50<\/p>\n<p><span style=\"text-decoration: underline;\">Fax number<\/span>: +34 926 29 54 51<\/p>\n<p><strong><span lang=\"DE\">Kontakt z koordynatorami poszczeg\u00f3lnych wsp\u00f3\u0142pracownik\u00f3w projektu:<br \/>\n<\/span><\/strong><\/p>\n<p>\ud83c\uddea\ud83c\uddfa\u00a0project.mammalnet@ uclm.es<\/p>\n<p><span lang=\"DE\"><img decoding=\"async\" role=\"img\" draggable=\"false\" src=\"https:\/\/s.w.org\/images\/core\/emoji\/12.0.0-1\/svg\/1f1e9-1f1ea.svg\" alt=\"\ud83c\udde9\ud83c\uddea\" width=\"17\" height=\"17\" \/> germany@ mammalnet.com<\/span><\/p>\n<p><span lang=\"DE\"><img decoding=\"async\" role=\"img\" draggable=\"false\" src=\"https:\/\/s.w.org\/images\/core\/emoji\/12.0.0-1\/svg\/1f1ed-1f1f7.svg\" alt=\"\ud83c\udded\ud83c\uddf7\" width=\"17\" height=\"17\" \/> croatia@ mammalnet.com<\/span><\/p>\n<p><span lang=\"DE\"><img decoding=\"async\" role=\"img\" draggable=\"false\" src=\"https:\/\/s.w.org\/images\/core\/emoji\/12.0.0-1\/svg\/1f1ea-1f1f8.svg\" alt=\"\ud83c\uddea\ud83c\uddf8\" width=\"17\" height=\"17\" \/> iberia@ mammalnet.com<\/span><\/p>\n<p><span lang=\"DE\"><img loading=\"lazy\" decoding=\"async\" role=\"img\" draggable=\"false\" src=\"https:\/\/s.w.org\/images\/core\/emoji\/12.0.0-1\/svg\/1f1f5-1f1f1.svg\" alt=\"\ud83c\uddf5\ud83c\uddf1\" width=\"17\" height=\"17\" \/> poland@ mammalnet.com<\/span><\/p>\n<\/div>\n<\/div>\n<\/section>\n\t\t\t\t\t\t<\/div>\n\t\t\t\t<\/div>\n\t\t\t\t\t<\/div>\n\t\t<\/div>\n\t\t\t\t\t<\/div>\n\t\t<\/section>\n\t\t\t\t<\/div>\n\t\t","protected":false},"excerpt":{"rendered":"<p>Nota prawna Dane kontaktowe: CASTILLA LA MANCHA UNIVERSITY (UCLM) VAT: Q1368009-E \u00a0 Adres: Rectorate of the University of Castilla-La Mancha 50 Altagracia Street 13071- Ciudad Real Koordynator: Joaqu\u00edn Vicente Ba\u00f1os project.mammalnet @ uclm.es Phone number: +34 926 29 54 50 Fax number: +34 926 29 54 51 Kontakt z koordynatorami poszczeg\u00f3lnych wsp\u00f3\u0142pracownik\u00f3w projektu: \ud83c\uddea\ud83c\uddfa\u00a0project.mammalnet@ uclm.es &#8230; <a title=\"Nota prawna\" class=\"read-more\" href=\"https:\/\/mammalnet.com\/pl\/nota-prawna\/\" aria-label=\"Wi\u0119cej na Nota prawna\">Dowiedz si\u0119 wi\u0119cej<\/a><\/p>\n","protected":false},"author":2,"featured_media":0,"parent":0,"menu_order":0,"comment_status":"closed","ping_status":"closed","template":"","meta":{"_acf_changed":false,"footnotes":""},"acf":[],"yoast_head":"<!-- This site is optimized with the Yoast SEO plugin v22.1 - https:\/\/yoast.com\/wordpress\/plugins\/seo\/ -->\n<title>Nota prawna - Mammalnet<\/title>\n<meta name=\"robots\" content=\"index, follow, max-snippet:-1, max-image-preview:large, max-video-preview:-1\" \/>\n<link rel=\"canonical\" href=\"https:\/\/mammalnet.com\/pl\/nota-prawna\/\" \/>\n<meta property=\"og:locale\" content=\"pl_PL\" \/>\n<meta property=\"og:type\" content=\"article\" \/>\n<meta property=\"og:title\" content=\"Nota prawna - Mammalnet\" \/>\n<meta property=\"og:description\" content=\"Nota prawna Dane kontaktowe: CASTILLA LA MANCHA UNIVERSITY (UCLM) VAT: Q1368009-E \u00a0 Adres: Rectorate of the University of Castilla-La Mancha 50 Altagracia Street 13071- Ciudad Real Koordynator: Joaqu\u00edn Vicente Ba\u00f1os project.mammalnet @ uclm.es Phone number: +34 926 29 54 50 Fax number: +34 926 29 54 51 Kontakt z koordynatorami poszczeg\u00f3lnych wsp\u00f3\u0142pracownik\u00f3w projektu: \ud83c\uddea\ud83c\uddfa\u00a0project.mammalnet@ uclm.es ... Dowiedz si\u0119 wi\u0119cej\" \/>\n<meta property=\"og:url\" content=\"https:\/\/mammalnet.com\/pl\/nota-prawna\/\" \/>\n<meta property=\"og:site_name\" content=\"Mammalnet\" \/>\n<meta property=\"article:publisher\" content=\"https:\/\/www.facebook.com\/MammalNet-106550637394937\/\" \/>\n<meta property=\"og:image\" content=\"https:\/\/s.w.org\/images\/core\/emoji\/12.0.0-1\/svg\/1f1e9-1f1ea.svg\" \/>\n<meta name=\"twitter:card\" content=\"summary_large_image\" \/>\n<meta name=\"twitter:site\" content=\"@mammalnet_eu\" \/>\n<script type=\"application\/ld+json\" class=\"yoast-schema-graph\">{\"@context\":\"https:\/\/schema.org\",\"@graph\":[{\"@type\":\"WebPage\",\"@id\":\"https:\/\/mammalnet.com\/pl\/nota-prawna\/\",\"url\":\"https:\/\/mammalnet.com\/pl\/nota-prawna\/\",\"name\":\"Nota prawna - Mammalnet\",\"isPartOf\":{\"@id\":\"https:\/\/mammalnet.com\/#website\"},\"datePublished\":\"2020-08-25T11:01:18+00:00\",\"dateModified\":\"2020-08-25T11:01:18+00:00\",\"breadcrumb\":{\"@id\":\"https:\/\/mammalnet.com\/pl\/nota-prawna\/#breadcrumb\"},\"inLanguage\":\"pl-PL\",\"potentialAction\":[{\"@type\":\"ReadAction\",\"target\":[\"https:\/\/mammalnet.com\/pl\/nota-prawna\/\"]}]},{\"@type\":\"BreadcrumbList\",\"@id\":\"https:\/\/mammalnet.com\/pl\/nota-prawna\/#breadcrumb\",\"itemListElement\":[{\"@type\":\"ListItem\",\"position\":1,\"name\":\"Home\",\"item\":\"https:\/\/mammalnet.com\/\"},{\"@type\":\"ListItem\",\"position\":2,\"name\":\"Nota prawna\"}]},{\"@type\":\"WebSite\",\"@id\":\"https:\/\/mammalnet.com\/#website\",\"url\":\"https:\/\/mammalnet.com\/\",\"name\":\"Mammalnet\",\"description\":\"Citizen Science\",\"publisher\":{\"@id\":\"https:\/\/mammalnet.com\/#organization\"},\"potentialAction\":[{\"@type\":\"SearchAction\",\"target\":{\"@type\":\"EntryPoint\",\"urlTemplate\":\"https:\/\/mammalnet.com\/?s={search_term_string}\"},\"query-input\":\"required name=search_term_string\"}],\"inLanguage\":\"pl-PL\"},{\"@type\":\"Organization\",\"@id\":\"https:\/\/mammalnet.com\/#organization\",\"name\":\"Mammalnet\",\"url\":\"https:\/\/mammalnet.com\/\",\"logo\":{\"@type\":\"ImageObject\",\"inLanguage\":\"pl-PL\",\"@id\":\"https:\/\/mammalnet.com\/#\/schema\/logo\/image\/\",\"url\":\"https:\/\/mammalnet.com\/wp-content\/uploads\/2019\/08\/logo.png\",\"contentUrl\":\"https:\/\/mammalnet.com\/wp-content\/uploads\/2019\/08\/logo.png\",\"width\":991,\"height\":284,\"caption\":\"Mammalnet\"},\"image\":{\"@id\":\"https:\/\/mammalnet.com\/#\/schema\/logo\/image\/\"},\"sameAs\":[\"https:\/\/www.facebook.com\/MammalNet-106550637394937\/\",\"https:\/\/twitter.com\/mammalnet_eu\"]}]}<\/script>\n<!-- \/ Yoast SEO plugin. -->","yoast_head_json":{"title":"Nota prawna - Mammalnet","robots":{"index":"index","follow":"follow","max-snippet":"max-snippet:-1","max-image-preview":"max-image-preview:large","max-video-preview":"max-video-preview:-1"},"canonical":"https:\/\/mammalnet.com\/pl\/nota-prawna\/","og_locale":"pl_PL","og_type":"article","og_title":"Nota prawna - Mammalnet","og_description":"Nota prawna Dane kontaktowe: CASTILLA LA MANCHA UNIVERSITY (UCLM) VAT: Q1368009-E \u00a0 Adres: Rectorate of the University of Castilla-La Mancha 50 Altagracia Street 13071- Ciudad Real Koordynator: Joaqu\u00edn Vicente Ba\u00f1os project.mammalnet @ uclm.es Phone number: +34 926 29 54 50 Fax number: +34 926 29 54 51 Kontakt z koordynatorami poszczeg\u00f3lnych wsp\u00f3\u0142pracownik\u00f3w projektu: \ud83c\uddea\ud83c\uddfa\u00a0project.mammalnet@ uclm.es ... Dowiedz si\u0119 wi\u0119cej","og_url":"https:\/\/mammalnet.com\/pl\/nota-prawna\/","og_site_name":"Mammalnet","article_publisher":"https:\/\/www.facebook.com\/MammalNet-106550637394937\/","og_image":[{"url":"https:\/\/s.w.org\/images\/core\/emoji\/12.0.0-1\/svg\/1f1e9-1f1ea.svg"}],"twitter_card":"summary_large_image","twitter_site":"@mammalnet_eu","schema":{"@context":"https:\/\/schema.org","@graph":[{"@type":"WebPage","@id":"https:\/\/mammalnet.com\/pl\/nota-prawna\/","url":"https:\/\/mammalnet.com\/pl\/nota-prawna\/","name":"Nota prawna - Mammalnet","isPartOf":{"@id":"https:\/\/mammalnet.com\/#website"},"datePublished":"2020-08-25T11:01:18+00:00","dateModified":"2020-08-25T11:01:18+00:00","breadcrumb":{"@id":"https:\/\/mammalnet.com\/pl\/nota-prawna\/#breadcrumb"},"inLanguage":"pl-PL","potentialAction":[{"@type":"ReadAction","target":["https:\/\/mammalnet.com\/pl\/nota-prawna\/"]}]},{"@type":"BreadcrumbList","@id":"https:\/\/mammalnet.com\/pl\/nota-prawna\/#breadcrumb","itemListElement":[{"@type":"ListItem","position":1,"name":"Home","item":"https:\/\/mammalnet.com\/"},{"@type":"ListItem","position":2,"name":"Nota prawna"}]},{"@type":"WebSite","@id":"https:\/\/mammalnet.com\/#website","url":"https:\/\/mammalnet.com\/","name":"Mammalnet","description":"Citizen Science","publisher":{"@id":"https:\/\/mammalnet.com\/#organization"},"potentialAction":[{"@type":"SearchAction","target":{"@type":"EntryPoint","urlTemplate":"https:\/\/mammalnet.com\/?s={search_term_string}"},"query-input":"required name=search_term_string"}],"inLanguage":"pl-PL"},{"@type":"Organization","@id":"https:\/\/mammalnet.com\/#organization","name":"Mammalnet","url":"https:\/\/mammalnet.com\/","logo":{"@type":"ImageObject","inLanguage":"pl-PL","@id":"https:\/\/mammalnet.com\/#\/schema\/logo\/image\/","url":"https:\/\/mammalnet.com\/wp-content\/uploads\/2019\/08\/logo.png","contentUrl":"https:\/\/mammalnet.com\/wp-content\/uploads\/2019\/08\/logo.png","width":991,"height":284,"caption":"Mammalnet"},"image":{"@id":"https:\/\/mammalnet.com\/#\/schema\/logo\/image\/"},"sameAs":["https:\/\/www.facebook.com\/MammalNet-106550637394937\/","https:\/\/twitter.com\/mammalnet_eu"]}]}},"_links":{"self":[{"href":"https:\/\/mammalnet.com\/pl\/wp-json\/wp\/v2\/pages\/10244"}],"collection":[{"href":"https:\/\/mammalnet.com\/pl\/wp-json\/wp\/v2\/pages"}],"about":[{"href":"https:\/\/mammalnet.com\/pl\/wp-json\/wp\/v2\/types\/page"}],"author":[{"embeddable":true,"href":"https:\/\/mammalnet.com\/pl\/wp-json\/wp\/v2\/users\/2"}],"replies":[{"embeddable":true,"href":"https:\/\/mammalnet.com\/pl\/wp-json\/wp\/v2\/comments?post=10244"}],"version-history":[{"count":0,"href":"https:\/\/mammalnet.com\/pl\/wp-json\/wp\/v2\/pages\/10244\/revisions"}],"wp:attachment":[{"href":"https:\/\/mammalnet.com\/pl\/wp-json\/wp\/v2\/media?parent=10244"}],"curies":[{"name":"wp","href":"https:\/\/api.w.org\/{rel}","templated":true}]}}