{"id":12256,"date":"2021-04-14T07:46:32","date_gmt":"2021-04-14T06:46:32","guid":{"rendered":"https:\/\/pruebas.mammalnet.com\/blog\/"},"modified":"2021-05-27T17:00:21","modified_gmt":"2021-05-27T16:00:21","slug":"blog","status":"publish","type":"page","link":"https:\/\/mammalnet.com\/me\/blog\/","title":{"rendered":"Blog"},"content":{"rendered":"\t\t<div data-elementor-type=\"wp-page\" data-elementor-id=\"12256\" class=\"elementor elementor-12256 elementor-6580\" data-elementor-post-type=\"page\">\n\t\t\t\t\t\t<section class=\"elementor-section elementor-top-section elementor-element elementor-element-13f381e elementor-section-height-min-height elementor-section-boxed elementor-section-height-default elementor-section-items-middle\" data-id=\"13f381e\" data-element_type=\"section\" data-settings=\"{&quot;shape_divider_top&quot;:&quot;tilt&quot;}\">\n\t\t\t\t\t<div class=\"elementor-shape elementor-shape-top\" data-negative=\"false\">\n\t\t\t<svg xmlns=\"http:\/\/www.w3.org\/2000\/svg\" viewBox=\"0 0 1000 100\" preserveAspectRatio=\"none\">\n\t<path class=\"elementor-shape-fill\" d=\"M0,6V0h1000v100L0,6z\"\/>\n<\/svg>\t\t<\/div>\n\t\t\t\t\t<div class=\"elementor-container elementor-column-gap-default\">\n\t\t\t\t\t<div class=\"elementor-column elementor-col-50 elementor-top-column elementor-element elementor-element-18d442e\" data-id=\"18d442e\" data-element_type=\"column\">\n\t\t\t<div class=\"elementor-widget-wrap elementor-element-populated\">\n\t\t\t\t\t\t<div class=\"elementor-element elementor-element-8222d18 elementor-widget elementor-widget-heading\" data-id=\"8222d18\" data-element_type=\"widget\" data-widget_type=\"heading.default\">\n\t\t\t\t<div class=\"elementor-widget-container\">\n\t\t\t<h2 class=\"elementor-heading-title elementor-size-default\">Mammalnet blog<\/h2>\t\t<\/div>\n\t\t\t\t<\/div>\n\t\t\t\t<div class=\"elementor-element elementor-element-99b01ce elementor-widget elementor-widget-text-editor\" data-id=\"99b01ce\" data-element_type=\"widget\" data-widget_type=\"text-editor.default\">\n\t\t\t\t<div class=\"elementor-widget-container\">\n\t\t\t\t\t\t\t<p><span data-sheets-value=\"{&quot;1&quot;:2,&quot;2&quot;:&quot;Kroz ovaj blog \u0107emo vam pri\u010dati pri\u010de o sisarima koji \u017eive u na\u0161em okru\u017eenju. O tome kako mo\u017eete sara\u0111ivati \u200b\u200bda biste pomogli njihovom o\u010duvanju i koji su njihovi glavni problemi. Tako\u0111e, mo\u0107i \u0107ete da nau\u010dite kako da prepoznate i bolje razumijete vrste koje posmatrate, a mi \u0107emo vam predstaviti neke od aktivnosti koje pripremamo u narednim mjesecima.&quot;}\" data-sheets-userformat=\"{&quot;2&quot;:14593,&quot;3&quot;:{&quot;1&quot;:0,&quot;3&quot;:1},&quot;11&quot;:4,&quot;14&quot;:{&quot;1&quot;:3,&quot;3&quot;:1},&quot;15&quot;:&quot;Arial&quot;,&quot;16&quot;:11}\">Kroz ovaj blog \u0107emo vam pri\u010dati pri\u010de o sisarima koji \u017eive u na\u0161em okru\u017eenju. O tome kako mo\u017eete sara\u0111ivati \u200b\u200bda biste pomogli njihovom o\u010duvanju i koji su njihovi glavni problemi. Tako\u0111e, mo\u0107i \u0107ete da nau\u010dite kako da prepoznate i bolje razumijete vrste koje posmatrate, a mi \u0107emo vam predstaviti neke od aktivnosti koje pripremamo u narednim mjesecima.<\/span><\/p>\n\t\t\t\t\t\t<\/div>\n\t\t\t\t<\/div>\n\t\t\t\t\t<\/div>\n\t\t<\/div>\n\t\t\t\t<div class=\"elementor-column elementor-col-50 elementor-top-column elementor-element elementor-element-f82c4fd\" data-id=\"f82c4fd\" data-element_type=\"column\">\n\t\t\t<div class=\"elementor-widget-wrap elementor-element-populated\">\n\t\t\t\t\t\t<div class=\"elementor-element elementor-element-d4b58c7 elementor-widget elementor-widget-image\" data-id=\"d4b58c7\" data-element_type=\"widget\" data-widget_type=\"image.default\">\n\t\t\t\t<div class=\"elementor-widget-container\">\n\t\t\t\t\t\t\t\t\t\t\t\t\t<img fetchpriority=\"high\" decoding=\"async\" width=\"1024\" height=\"752\" src=\"https:\/\/mammalnet.com\/wp-content\/uploads\/2019\/11\/blog-1024x752.png\" class=\"attachment-large size-large wp-image-6584\" alt=\"\" srcset=\"https:\/\/mammalnet.com\/wp-content\/uploads\/2019\/11\/blog-1024x752.png 1024w, https:\/\/mammalnet.com\/wp-content\/uploads\/2019\/11\/blog-300x220.png 300w, https:\/\/mammalnet.com\/wp-content\/uploads\/2019\/11\/blog-768x564.png 768w, https:\/\/mammalnet.com\/wp-content\/uploads\/2019\/11\/blog-650x477.png 650w, https:\/\/mammalnet.com\/wp-content\/uploads\/2019\/11\/blog.png 1196w\" sizes=\"(max-width: 1024px) 100vw, 1024px\" \/>\t\t\t\t\t\t\t\t\t\t\t\t\t<\/div>\n\t\t\t\t<\/div>\n\t\t\t\t\t<\/div>\n\t\t<\/div>\n\t\t\t\t\t<\/div>\n\t\t<\/section>\n\t\t\t\t<section class=\"elementor-section elementor-top-section elementor-element elementor-element-9ce5e31 elementor-section-boxed elementor-section-height-default elementor-section-height-default\" data-id=\"9ce5e31\" data-element_type=\"section\">\n\t\t\t\t\t\t<div class=\"elementor-container elementor-column-gap-default\">\n\t\t\t\t\t<div class=\"elementor-column elementor-col-50 elementor-top-column elementor-element elementor-element-7a029b7\" data-id=\"7a029b7\" data-element_type=\"column\">\n\t\t\t<div class=\"elementor-widget-wrap elementor-element-populated\">\n\t\t\t\t\t\t\t<\/div>\n\t\t<\/div>\n\t\t\t\t<div class=\"elementor-column elementor-col-50 elementor-top-column elementor-element elementor-element-6cc0d8b\" data-id=\"6cc0d8b\" data-element_type=\"column\">\n\t\t\t<div class=\"elementor-widget-wrap elementor-element-populated\">\n\t\t\t\t\t\t<div class=\"elementor-element elementor-element-cf7c54b elementor-widget elementor-widget-shortcode\" data-id=\"cf7c54b\" data-element_type=\"widget\" data-widget_type=\"shortcode.default\">\n\t\t\t\t<div class=\"elementor-widget-container\">\n\t\t\t\t\t<div class=\"elementor-shortcode\">\n<!-- Custom Twitter Feeds by Smash Balloon -->\n<div id=\"ctf\" class=\" ctf ctf-type-usertimeline ctf-feed-1  ctf-styles ctf-list ctf-regular-style\"   data-ctfshortcode=\"{&quot;feed&quot;:1}\"   data-ctfdisablelinks=\"false\" data-ctflinktextcolor=\"#\" data-header-size=\"small\" data-feedid=\"1\" data-postid=\"12256\"  data-feed=\"1\" data-ctfintents=\"1\"  data-ctfneeded=\"2\">\n            <div id=\"ctf\" class=\"ctf\">\n            <div class=\"ctf-error\">\n                <div class=\"ctf-error-user\">\n\t\t\t\t\tTwitter feed is not available at the moment.                <\/div>\n            <\/div>\n        <\/div>\n\t\t    <div class=\"ctf-tweets\">\n   \t\t    <\/div>\n    \n<\/div>\n<\/div>\n\t\t\t\t<\/div>\n\t\t\t\t<\/div>\n\t\t\t\t\t<\/div>\n\t\t<\/div>\n\t\t\t\t\t<\/div>\n\t\t<\/section>\n\t\t\t\t<\/div>\n\t\t","protected":false},"excerpt":{"rendered":"<p>Mammalnet blog Kroz ovaj blog \u0107emo vam pri\u010dati pri\u010de o sisarima koji \u017eive u na\u0161em okru\u017eenju. O tome kako mo\u017eete sara\u0111ivati \u200b\u200bda biste pomogli njihovom o\u010duvanju i koji su njihovi glavni problemi. Tako\u0111e, mo\u0107i \u0107ete da nau\u010dite kako da prepoznate i bolje razumijete vrste koje posmatrate, a mi \u0107emo vam predstaviti neke od aktivnosti koje &#8230; <a title=\"Blog\" class=\"read-more\" href=\"https:\/\/mammalnet.com\/me\/blog\/\" aria-label=\"More on Blog\">Read more<\/a><\/p>\n","protected":false},"author":1,"featured_media":0,"parent":0,"menu_order":0,"comment_status":"closed","ping_status":"closed","template":"elementor_header_footer","meta":{"_acf_changed":false,"footnotes":""},"acf":[],"yoast_head":"<!-- This site is optimized with the Yoast SEO plugin v22.1 - https:\/\/yoast.com\/wordpress\/plugins\/seo\/ -->\n<title>Blog - Mammalnet<\/title>\n<meta name=\"robots\" content=\"index, follow, max-snippet:-1, max-image-preview:large, max-video-preview:-1\" \/>\n<link rel=\"canonical\" href=\"https:\/\/mammalnet.com\/me\/blog\/\" \/>\n<meta property=\"og:locale\" content=\"en_US\" \/>\n<meta property=\"og:type\" content=\"article\" \/>\n<meta property=\"og:title\" content=\"Blog - Mammalnet\" \/>\n<meta property=\"og:description\" content=\"Mammalnet blog Kroz ovaj blog \u0107emo vam pri\u010dati pri\u010de o sisarima koji \u017eive u na\u0161em okru\u017eenju. O tome kako mo\u017eete sara\u0111ivati \u200b\u200bda biste pomogli njihovom o\u010duvanju i koji su njihovi glavni problemi. Tako\u0111e, mo\u0107i \u0107ete da nau\u010dite kako da prepoznate i bolje razumijete vrste koje posmatrate, a mi \u0107emo vam predstaviti neke od aktivnosti koje ... Read more\" \/>\n<meta property=\"og:url\" content=\"https:\/\/mammalnet.com\/me\/blog\/\" \/>\n<meta property=\"og:site_name\" content=\"Mammalnet\" \/>\n<meta property=\"article:publisher\" content=\"https:\/\/www.facebook.com\/MammalNet-106550637394937\/\" \/>\n<meta property=\"article:modified_time\" content=\"2021-05-27T16:00:21+00:00\" \/>\n<meta property=\"og:image\" content=\"https:\/\/mammalnet.com\/wp-content\/uploads\/2019\/11\/blog-1024x752.png\" \/>\n<meta name=\"twitter:card\" content=\"summary_large_image\" \/>\n<meta name=\"twitter:site\" content=\"@mammalnet_eu\" \/>\n<meta name=\"twitter:label1\" content=\"Est. reading time\" \/>\n\t<meta name=\"twitter:data1\" content=\"1 minute\" \/>\n<script type=\"application\/ld+json\" class=\"yoast-schema-graph\">{\"@context\":\"https:\/\/schema.org\",\"@graph\":[{\"@type\":\"WebPage\",\"@id\":\"https:\/\/mammalnet.com\/me\/blog\/\",\"url\":\"https:\/\/mammalnet.com\/me\/blog\/\",\"name\":\"Blog - Mammalnet\",\"isPartOf\":{\"@id\":\"https:\/\/mammalnet.com\/#website\"},\"datePublished\":\"2021-04-14T06:46:32+00:00\",\"dateModified\":\"2021-05-27T16:00:21+00:00\",\"breadcrumb\":{\"@id\":\"https:\/\/mammalnet.com\/me\/blog\/#breadcrumb\"},\"inLanguage\":\"me-ME\",\"potentialAction\":[{\"@type\":\"ReadAction\",\"target\":[\"https:\/\/mammalnet.com\/me\/blog\/\"]}]},{\"@type\":\"BreadcrumbList\",\"@id\":\"https:\/\/mammalnet.com\/me\/blog\/#breadcrumb\",\"itemListElement\":[{\"@type\":\"ListItem\",\"position\":1,\"name\":\"Home\",\"item\":\"https:\/\/mammalnet.com\/me\/\"},{\"@type\":\"ListItem\",\"position\":2,\"name\":\"Blog\"}]},{\"@type\":\"WebSite\",\"@id\":\"https:\/\/mammalnet.com\/#website\",\"url\":\"https:\/\/mammalnet.com\/\",\"name\":\"Mammalnet\",\"description\":\"Citizen Science\",\"publisher\":{\"@id\":\"https:\/\/mammalnet.com\/#organization\"},\"potentialAction\":[{\"@type\":\"SearchAction\",\"target\":{\"@type\":\"EntryPoint\",\"urlTemplate\":\"https:\/\/mammalnet.com\/?s={search_term_string}\"},\"query-input\":\"required name=search_term_string\"}],\"inLanguage\":\"me-ME\"},{\"@type\":\"Organization\",\"@id\":\"https:\/\/mammalnet.com\/#organization\",\"name\":\"Mammalnet\",\"url\":\"https:\/\/mammalnet.com\/\",\"logo\":{\"@type\":\"ImageObject\",\"inLanguage\":\"me-ME\",\"@id\":\"https:\/\/mammalnet.com\/#\/schema\/logo\/image\/\",\"url\":\"https:\/\/mammalnet.com\/wp-content\/uploads\/2019\/08\/logo.png\",\"contentUrl\":\"https:\/\/mammalnet.com\/wp-content\/uploads\/2019\/08\/logo.png\",\"width\":991,\"height\":284,\"caption\":\"Mammalnet\"},\"image\":{\"@id\":\"https:\/\/mammalnet.com\/#\/schema\/logo\/image\/\"},\"sameAs\":[\"https:\/\/www.facebook.com\/MammalNet-106550637394937\/\",\"https:\/\/twitter.com\/mammalnet_eu\"]}]}<\/script>\n<!-- \/ Yoast SEO plugin. -->","yoast_head_json":{"title":"Blog - Mammalnet","robots":{"index":"index","follow":"follow","max-snippet":"max-snippet:-1","max-image-preview":"max-image-preview:large","max-video-preview":"max-video-preview:-1"},"canonical":"https:\/\/mammalnet.com\/me\/blog\/","og_locale":"en_US","og_type":"article","og_title":"Blog - Mammalnet","og_description":"Mammalnet blog Kroz ovaj blog \u0107emo vam pri\u010dati pri\u010de o sisarima koji \u017eive u na\u0161em okru\u017eenju. O tome kako mo\u017eete sara\u0111ivati \u200b\u200bda biste pomogli njihovom o\u010duvanju i koji su njihovi glavni problemi. Tako\u0111e, mo\u0107i \u0107ete da nau\u010dite kako da prepoznate i bolje razumijete vrste koje posmatrate, a mi \u0107emo vam predstaviti neke od aktivnosti koje ... Read more","og_url":"https:\/\/mammalnet.com\/me\/blog\/","og_site_name":"Mammalnet","article_publisher":"https:\/\/www.facebook.com\/MammalNet-106550637394937\/","article_modified_time":"2021-05-27T16:00:21+00:00","og_image":[{"url":"https:\/\/mammalnet.com\/wp-content\/uploads\/2019\/11\/blog-1024x752.png"}],"twitter_card":"summary_large_image","twitter_site":"@mammalnet_eu","twitter_misc":{"Est. reading time":"1 minute"},"schema":{"@context":"https:\/\/schema.org","@graph":[{"@type":"WebPage","@id":"https:\/\/mammalnet.com\/me\/blog\/","url":"https:\/\/mammalnet.com\/me\/blog\/","name":"Blog - Mammalnet","isPartOf":{"@id":"https:\/\/mammalnet.com\/#website"},"datePublished":"2021-04-14T06:46:32+00:00","dateModified":"2021-05-27T16:00:21+00:00","breadcrumb":{"@id":"https:\/\/mammalnet.com\/me\/blog\/#breadcrumb"},"inLanguage":"me-ME","potentialAction":[{"@type":"ReadAction","target":["https:\/\/mammalnet.com\/me\/blog\/"]}]},{"@type":"BreadcrumbList","@id":"https:\/\/mammalnet.com\/me\/blog\/#breadcrumb","itemListElement":[{"@type":"ListItem","position":1,"name":"Home","item":"https:\/\/mammalnet.com\/me\/"},{"@type":"ListItem","position":2,"name":"Blog"}]},{"@type":"WebSite","@id":"https:\/\/mammalnet.com\/#website","url":"https:\/\/mammalnet.com\/","name":"Mammalnet","description":"Citizen Science","publisher":{"@id":"https:\/\/mammalnet.com\/#organization"},"potentialAction":[{"@type":"SearchAction","target":{"@type":"EntryPoint","urlTemplate":"https:\/\/mammalnet.com\/?s={search_term_string}"},"query-input":"required name=search_term_string"}],"inLanguage":"me-ME"},{"@type":"Organization","@id":"https:\/\/mammalnet.com\/#organization","name":"Mammalnet","url":"https:\/\/mammalnet.com\/","logo":{"@type":"ImageObject","inLanguage":"me-ME","@id":"https:\/\/mammalnet.com\/#\/schema\/logo\/image\/","url":"https:\/\/mammalnet.com\/wp-content\/uploads\/2019\/08\/logo.png","contentUrl":"https:\/\/mammalnet.com\/wp-content\/uploads\/2019\/08\/logo.png","width":991,"height":284,"caption":"Mammalnet"},"image":{"@id":"https:\/\/mammalnet.com\/#\/schema\/logo\/image\/"},"sameAs":["https:\/\/www.facebook.com\/MammalNet-106550637394937\/","https:\/\/twitter.com\/mammalnet_eu"]}]}},"_links":{"self":[{"href":"https:\/\/mammalnet.com\/me\/wp-json\/wp\/v2\/pages\/12256"}],"collection":[{"href":"https:\/\/mammalnet.com\/me\/wp-json\/wp\/v2\/pages"}],"about":[{"href":"https:\/\/mammalnet.com\/me\/wp-json\/wp\/v2\/types\/page"}],"author":[{"embeddable":true,"href":"https:\/\/mammalnet.com\/me\/wp-json\/wp\/v2\/users\/1"}],"replies":[{"embeddable":true,"href":"https:\/\/mammalnet.com\/me\/wp-json\/wp\/v2\/comments?post=12256"}],"version-history":[{"count":2,"href":"https:\/\/mammalnet.com\/me\/wp-json\/wp\/v2\/pages\/12256\/revisions"}],"predecessor-version":[{"id":14932,"href":"https:\/\/mammalnet.com\/me\/wp-json\/wp\/v2\/pages\/12256\/revisions\/14932"}],"wp:attachment":[{"href":"https:\/\/mammalnet.com\/me\/wp-json\/wp\/v2\/media?parent=12256"}],"curies":[{"name":"wp","href":"https:\/\/api.w.org\/{rel}","templated":true}]}}