{"id":4239,"date":"2019-10-15T12:02:55","date_gmt":"2019-10-15T12:02:55","guid":{"rendered":"http:\/\/s808028422.mialojamiento.es\/ljubitelj-aktivnosti-na-otvorenom\/"},"modified":"2021-06-08T11:30:57","modified_gmt":"2021-06-08T10:30:57","slug":"ljubitelj-aktivnosti-na-otvorenom","status":"publish","type":"page","link":"https:\/\/mammalnet.com\/hr\/ljubitelj-aktivnosti-na-otvorenom\/","title":{"rendered":"Ljubitelj aktivnosti na otvorenom"},"content":{"rendered":"\t\t<div data-elementor-type=\"wp-post\" data-elementor-id=\"4239\" class=\"elementor elementor-4239 elementor-223\" data-elementor-post-type=\"page\">\n\t\t\t\t\t\t<section class=\"elementor-section elementor-top-section elementor-element elementor-element-7c21a639 elementor-section-stretched elementor-section-height-min-height elementor-section-items-stretch elementor-section-content-middle elementor-section-boxed elementor-section-height-default\" data-id=\"7c21a639\" data-element_type=\"section\" data-settings=\"{&quot;stretch_section&quot;:&quot;section-stretched&quot;,&quot;background_background&quot;:&quot;classic&quot;,&quot;shape_divider_top&quot;:&quot;waves&quot;}\">\n\t\t\t\t\t\t\t<div class=\"elementor-background-overlay\"><\/div>\n\t\t\t\t\t\t<div class=\"elementor-shape elementor-shape-top\" data-negative=\"false\">\n\t\t\t<svg xmlns=\"http:\/\/www.w3.org\/2000\/svg\" viewBox=\"0 0 1000 100\" preserveAspectRatio=\"none\">\n\t<path class=\"elementor-shape-fill\" d=\"M421.9,6.5c22.6-2.5,51.5,0.4,75.5,5.3c23.6,4.9,70.9,23.5,100.5,35.7c75.8,32.2,133.7,44.5,192.6,49.7\n\tc23.6,2.1,48.7,3.5,103.4-2.5c54.7-6,106.2-25.6,106.2-25.6V0H0v30.3c0,0,72,32.6,158.4,30.5c39.2-0.7,92.8-6.7,134-22.4\n\tc21.2-8.1,52.2-18.2,79.7-24.2C399.3,7.9,411.6,7.5,421.9,6.5z\"\/>\n<\/svg>\t\t<\/div>\n\t\t\t\t\t<div class=\"elementor-container elementor-column-gap-default\">\n\t\t\t\t\t<div class=\"elementor-column elementor-col-50 elementor-top-column elementor-element elementor-element-47ec388e\" data-id=\"47ec388e\" data-element_type=\"column\" data-settings=\"{&quot;background_background&quot;:&quot;classic&quot;}\">\n\t\t\t<div class=\"elementor-widget-wrap elementor-element-populated\">\n\t\t\t\t\t<div class=\"elementor-background-overlay\"><\/div>\n\t\t\t\t\t\t<div class=\"elementor-element elementor-element-4267c9d6 animated-fast elementor-invisible elementor-widget elementor-widget-heading\" data-id=\"4267c9d6\" data-element_type=\"widget\" data-settings=\"{&quot;_animation&quot;:&quot;fadeInDown&quot;,&quot;_animation_delay&quot;:&quot;300&quot;}\" data-widget_type=\"heading.default\">\n\t\t\t\t<div class=\"elementor-widget-container\">\n\t\t\t<h4 class=\"elementor-heading-title elementor-size-default\">Kako sudjelovati?<\/h4>\t\t<\/div>\n\t\t\t\t<\/div>\n\t\t\t\t<div class=\"elementor-element elementor-element-2bbb21d1 animated-fast elementor-invisible elementor-widget elementor-widget-heading\" data-id=\"2bbb21d1\" data-element_type=\"widget\" data-settings=\"{&quot;_animation&quot;:&quot;fadeInUp&quot;,&quot;_animation_delay&quot;:&quot;300&quot;}\" data-widget_type=\"heading.default\">\n\t\t\t\t<div class=\"elementor-widget-container\">\n\t\t\t<h2 class=\"elementor-heading-title elementor-size-default\">Ljubitelj aktivnosti na otvorenom<\/h2>\t\t<\/div>\n\t\t\t\t<\/div>\n\t\t\t\t<div class=\"elementor-element elementor-element-7f457160 elementor-align-right elementor-mobile-align-center elementor-widget elementor-widget-button\" data-id=\"7f457160\" data-element_type=\"widget\" data-widget_type=\"button.default\">\n\t\t\t\t<div class=\"elementor-widget-container\">\n\t\t\t\t\t<div class=\"elementor-button-wrapper\">\n\t\t\t<a class=\"elementor-button elementor-button-link elementor-size-sm\" href=\"#go\">\n\t\t\t\t\t\t<span class=\"elementor-button-content-wrapper\">\n\t\t\t\t\t\t<span class=\"elementor-button-icon elementor-align-icon-right\">\n\t\t\t\t<i aria-hidden=\"true\" class=\"fas fa-chevron-down\"><\/i>\t\t\t<\/span>\n\t\t\t\t\t\t<span class=\"elementor-button-text\">Krenimo!<\/span>\n\t\t<\/span>\n\t\t\t\t\t<\/a>\n\t\t<\/div>\n\t\t\t\t<\/div>\n\t\t\t\t<\/div>\n\t\t\t\t\t<\/div>\n\t\t<\/div>\n\t\t\t\t<div class=\"elementor-column elementor-col-50 elementor-top-column elementor-element elementor-element-6c5082b\" data-id=\"6c5082b\" data-element_type=\"column\">\n\t\t\t<div class=\"elementor-widget-wrap elementor-element-populated\">\n\t\t\t\t\t\t<div class=\"elementor-element elementor-element-157ab163 elementor-widget elementor-widget-image\" data-id=\"157ab163\" data-element_type=\"widget\" data-widget_type=\"image.default\">\n\t\t\t\t<div class=\"elementor-widget-container\">\n\t\t\t\t\t\t\t\t\t\t\t\t\t<img fetchpriority=\"high\" decoding=\"async\" width=\"884\" height=\"476\" src=\"https:\/\/mammalnet.com\/wp-content\/uploads\/2019\/08\/Camping.png\" class=\"attachment-full size-full wp-image-531\" alt=\"\" srcset=\"https:\/\/mammalnet.com\/wp-content\/uploads\/2019\/08\/Camping.png 884w, https:\/\/mammalnet.com\/wp-content\/uploads\/2019\/08\/Camping-300x162.png 300w, https:\/\/mammalnet.com\/wp-content\/uploads\/2019\/08\/Camping-768x414.png 768w, https:\/\/mammalnet.com\/wp-content\/uploads\/2019\/08\/Camping-650x350.png 650w\" sizes=\"(max-width: 884px) 100vw, 884px\" \/>\t\t\t\t\t\t\t\t\t\t\t\t\t<\/div>\n\t\t\t\t<\/div>\n\t\t\t\t\t<\/div>\n\t\t<\/div>\n\t\t\t\t\t<\/div>\n\t\t<\/section>\n\t\t\t\t<section class=\"elementor-section elementor-top-section elementor-element elementor-element-537f6dd5 elementor-section-boxed elementor-section-height-default elementor-section-height-default\" data-id=\"537f6dd5\" data-element_type=\"section\">\n\t\t\t\t\t\t<div class=\"elementor-container elementor-column-gap-default\">\n\t\t\t\t\t<div class=\"elementor-column elementor-col-100 elementor-top-column elementor-element elementor-element-510ff631\" data-id=\"510ff631\" data-element_type=\"column\">\n\t\t\t<div class=\"elementor-widget-wrap elementor-element-populated\">\n\t\t\t\t\t\t<div class=\"elementor-element elementor-element-5a6bb0a7 elementor-widget elementor-widget-menu-anchor\" data-id=\"5a6bb0a7\" data-element_type=\"widget\" data-widget_type=\"menu-anchor.default\">\n\t\t\t\t<div class=\"elementor-widget-container\">\n\t\t\t\t\t<div id=\"go\" class=\"elementor-menu-anchor\"><\/div>\n\t\t\t\t<\/div>\n\t\t\t\t<\/div>\n\t\t\t\t\t<\/div>\n\t\t<\/div>\n\t\t\t\t\t<\/div>\n\t\t<\/section>\n\t\t\t\t<section class=\"elementor-section elementor-top-section elementor-element elementor-element-d7f484f elementor-section-stretched elementor-reverse-mobile elementor-section-boxed elementor-section-height-default elementor-section-height-default\" data-id=\"d7f484f\" data-element_type=\"section\" data-settings=\"{&quot;stretch_section&quot;:&quot;section-stretched&quot;,&quot;background_background&quot;:&quot;classic&quot;}\">\n\t\t\t\t\t\t<div class=\"elementor-container elementor-column-gap-default\">\n\t\t\t\t\t<div class=\"elementor-column elementor-col-50 elementor-top-column elementor-element elementor-element-66ebee47\" data-id=\"66ebee47\" data-element_type=\"column\">\n\t\t\t<div class=\"elementor-widget-wrap elementor-element-populated\">\n\t\t\t\t\t\t<div class=\"elementor-element elementor-element-4f5c33a4 animated-fast elementor-invisible elementor-widget elementor-widget-image\" data-id=\"4f5c33a4\" data-element_type=\"widget\" data-settings=\"{&quot;_animation&quot;:&quot;fadeIn&quot;,&quot;_animation_delay&quot;:&quot;500&quot;}\" data-widget_type=\"image.default\">\n\t\t\t\t<div class=\"elementor-widget-container\">\n\t\t\t\t\t\t\t\t\t\t\t\t\t<img decoding=\"async\" width=\"700\" height=\"467\" src=\"https:\/\/mammalnet.com\/wp-content\/uploads\/2019\/08\/wild-cat-in-natural-habitat-QV87UXS.jpg\" class=\"attachment-full size-full wp-image-639\" alt=\"\" srcset=\"https:\/\/mammalnet.com\/wp-content\/uploads\/2019\/08\/wild-cat-in-natural-habitat-QV87UXS.jpg 700w, https:\/\/mammalnet.com\/wp-content\/uploads\/2019\/08\/wild-cat-in-natural-habitat-QV87UXS-300x200.jpg 300w, https:\/\/mammalnet.com\/wp-content\/uploads\/2019\/08\/wild-cat-in-natural-habitat-QV87UXS-650x434.jpg 650w\" sizes=\"(max-width: 700px) 100vw, 700px\" \/>\t\t\t\t\t\t\t\t\t\t\t\t\t<\/div>\n\t\t\t\t<\/div>\n\t\t\t\t\t<\/div>\n\t\t<\/div>\n\t\t\t\t<div class=\"elementor-column elementor-col-50 elementor-top-column elementor-element elementor-element-1697acd9\" data-id=\"1697acd9\" data-element_type=\"column\">\n\t\t\t<div class=\"elementor-widget-wrap elementor-element-populated\">\n\t\t\t\t\t\t<div class=\"elementor-element elementor-element-1e6d5808 animated-fast elementor-invisible elementor-widget elementor-widget-heading\" data-id=\"1e6d5808\" data-element_type=\"widget\" data-settings=\"{&quot;_animation&quot;:&quot;fadeInUp&quot;,&quot;_animation_delay&quot;:&quot;300&quot;}\" data-widget_type=\"heading.default\">\n\t\t\t\t<div class=\"elementor-widget-container\">\n\t\t\t<h3 class=\"elementor-heading-title elementor-size-default\">Za\u0161to ova ciljna skupina?<\/h3>\t\t<\/div>\n\t\t\t\t<\/div>\n\t\t\t\t<div class=\"elementor-element elementor-element-5070006e animated-fast elementor-invisible elementor-widget elementor-widget-text-editor\" data-id=\"5070006e\" data-element_type=\"widget\" data-settings=\"{&quot;_animation&quot;:&quot;fadeIn&quot;,&quot;_animation_delay&quot;:&quot;500&quot;}\" data-widget_type=\"text-editor.default\">\n\t\t\t\t<div class=\"elementor-widget-container\">\n\t\t\t\t\t\t\t<p>Sport i zabava na otvorenom u prirodi zna\u010de da mnogi ljudi \u010desto posje\u0107uju razli\u010dite vrste prirodnih prostora. Aktivnosti kao \u0161to su trekking, planinarenje, penjanje, brdski biciklizam ili druge aktivnosti na otvorenom postale su vrlo popularne i mnogim ljudima otvaraju mogu\u0107nost izravnog kontakta s prirodom i faunom koja je nastanjuje. Dakle, oni su potencijalni kandidati za sudjelovanje u prigodnom prikupljanju podataka.<\/p>\n\t\t\t\t\t\t<\/div>\n\t\t\t\t<\/div>\n\t\t\t\t\t<\/div>\n\t\t<\/div>\n\t\t\t\t\t<\/div>\n\t\t<\/section>\n\t\t\t\t<section class=\"elementor-section elementor-top-section elementor-element elementor-element-760655e1 elementor-section-stretched elementor-section-boxed elementor-section-height-default elementor-section-height-default\" data-id=\"760655e1\" data-element_type=\"section\" data-settings=\"{&quot;stretch_section&quot;:&quot;section-stretched&quot;,&quot;background_background&quot;:&quot;classic&quot;,&quot;shape_divider_top&quot;:&quot;waves&quot;,&quot;shape_divider_top_negative&quot;:&quot;yes&quot;}\">\n\t\t\t\t\t<div class=\"elementor-shape elementor-shape-top\" data-negative=\"true\">\n\t\t\t<svg xmlns=\"http:\/\/www.w3.org\/2000\/svg\" viewBox=\"0 0 1000 100\" preserveAspectRatio=\"none\">\n\t<path class=\"elementor-shape-fill\" d=\"M790.5,93.1c-59.3-5.3-116.8-18-192.6-50c-29.6-12.7-76.9-31-100.5-35.9c-23.6-4.9-52.6-7.8-75.5-5.3\n\tc-10.2,1.1-22.6,1.4-50.1,7.4c-27.2,6.3-58.2,16.6-79.4,24.7c-41.3,15.9-94.9,21.9-134,22.6C72,58.2,0,25.8,0,25.8V100h1000V65.3\n\tc0,0-51.5,19.4-106.2,25.7C839.5,97,814.1,95.2,790.5,93.1z\"\/>\n<\/svg>\t\t<\/div>\n\t\t\t\t\t<div class=\"elementor-container elementor-column-gap-default\">\n\t\t\t\t\t<div class=\"elementor-column elementor-col-50 elementor-top-column elementor-element elementor-element-4974bd15\" data-id=\"4974bd15\" data-element_type=\"column\">\n\t\t\t<div class=\"elementor-widget-wrap elementor-element-populated\">\n\t\t\t\t\t\t<div class=\"elementor-element elementor-element-4835bec6 animated-fast elementor-invisible elementor-widget elementor-widget-heading\" data-id=\"4835bec6\" data-element_type=\"widget\" data-settings=\"{&quot;_animation&quot;:&quot;fadeInLeft&quot;,&quot;_animation_delay&quot;:&quot;300&quot;}\" data-widget_type=\"heading.default\">\n\t\t\t\t<div class=\"elementor-widget-container\">\n\t\t\t<h3 class=\"elementor-heading-title elementor-size-default\">Za\u0161to sudjelovati?<\/h3>\t\t<\/div>\n\t\t\t\t<\/div>\n\t\t\t\t<div class=\"elementor-element elementor-element-33aeaa33 animated-fast elementor-invisible elementor-widget elementor-widget-text-editor\" data-id=\"33aeaa33\" data-element_type=\"widget\" data-settings=\"{&quot;_animation&quot;:&quot;fadeIn&quot;,&quot;_animation_delay&quot;:&quot;500&quot;}\" data-widget_type=\"text-editor.default\">\n\t\t\t\t<div class=\"elementor-widget-container\">\n\t\t\t\t\t\t\t<p>Snaga je u brojnosti, vi\u0161e i bolje znanstveno znanje, za koje su potrebni dobri podaci, poma\u017ee objektivno razumjeti prirodu.<\/p>\n<p>Omogu\u0107uje aktivno sudjelovanje u generiranju znanja i o\u010duvanju prirode.<\/p>\n<p>Suradnja u registraciji faune prilika je za u\u017eivanje, u\u010denje i dublje te intenzivnije znanje o prirodi.<\/p>\n<p>Ako ste neiskusni, ne brinite, vidjet \u0107ete kako brzo u\u010dite i iznenaditi \u0107ete se kada otkrijete koje vrste postoje u va\u0161oj regiji.<\/p>\n\t\t\t\t\t\t<\/div>\n\t\t\t\t<\/div>\n\t\t\t\t\t<\/div>\n\t\t<\/div>\n\t\t\t\t<div class=\"elementor-column elementor-col-50 elementor-top-column elementor-element elementor-element-48c70cee\" data-id=\"48c70cee\" data-element_type=\"column\">\n\t\t\t<div class=\"elementor-widget-wrap elementor-element-populated\">\n\t\t\t\t\t\t<div class=\"elementor-element elementor-element-35b1a29 animated-fast elementor-invisible elementor-widget elementor-widget-image\" data-id=\"35b1a29\" data-element_type=\"widget\" data-settings=\"{&quot;_animation&quot;:&quot;fadeIn&quot;,&quot;_animation_delay&quot;:&quot;500&quot;}\" data-widget_type=\"image.default\">\n\t\t\t\t<div class=\"elementor-widget-container\">\n\t\t\t\t\t\t\t\t\t\t\t\t\t<img decoding=\"async\" width=\"700\" height=\"467\" src=\"https:\/\/mammalnet.com\/wp-content\/uploads\/2019\/08\/moose-alces-alces-closeup-portrait-of-a-male-bull-PW5K46K.jpg\" class=\"attachment-large size-large wp-image-630\" alt=\"\" srcset=\"https:\/\/mammalnet.com\/wp-content\/uploads\/2019\/08\/moose-alces-alces-closeup-portrait-of-a-male-bull-PW5K46K.jpg 700w, https:\/\/mammalnet.com\/wp-content\/uploads\/2019\/08\/moose-alces-alces-closeup-portrait-of-a-male-bull-PW5K46K-300x200.jpg 300w, https:\/\/mammalnet.com\/wp-content\/uploads\/2019\/08\/moose-alces-alces-closeup-portrait-of-a-male-bull-PW5K46K-650x434.jpg 650w\" sizes=\"(max-width: 700px) 100vw, 700px\" \/>\t\t\t\t\t\t\t\t\t\t\t\t\t<\/div>\n\t\t\t\t<\/div>\n\t\t\t\t\t<\/div>\n\t\t<\/div>\n\t\t\t\t\t<\/div>\n\t\t<\/section>\n\t\t\t\t<section class=\"elementor-section elementor-top-section elementor-element elementor-element-b2e26a1 elementor-section-stretched elementor-reverse-mobile elementor-section-boxed elementor-section-height-default elementor-section-height-default\" data-id=\"b2e26a1\" data-element_type=\"section\" data-settings=\"{&quot;stretch_section&quot;:&quot;section-stretched&quot;,&quot;background_background&quot;:&quot;classic&quot;}\">\n\t\t\t\t\t\t<div class=\"elementor-container elementor-column-gap-default\">\n\t\t\t\t\t<div class=\"elementor-column elementor-col-50 elementor-top-column elementor-element elementor-element-45666054\" data-id=\"45666054\" data-element_type=\"column\">\n\t\t\t<div class=\"elementor-widget-wrap elementor-element-populated\">\n\t\t\t\t\t\t<div class=\"elementor-element elementor-element-7d350625 animated-fast elementor-invisible elementor-widget elementor-widget-image\" data-id=\"7d350625\" data-element_type=\"widget\" data-settings=\"{&quot;_animation&quot;:&quot;fadeIn&quot;,&quot;_animation_delay&quot;:&quot;500&quot;}\" data-widget_type=\"image.default\">\n\t\t\t\t<div class=\"elementor-widget-container\">\n\t\t\t\t\t\t\t\t\t\t\t\t\t<img loading=\"lazy\" decoding=\"async\" width=\"1056\" height=\"1080\" src=\"https:\/\/mammalnet.com\/wp-content\/uploads\/2019\/08\/5.png\" class=\"attachment-full size-full wp-image-218\" alt=\"\" srcset=\"https:\/\/mammalnet.com\/wp-content\/uploads\/2019\/08\/5.png 1056w, https:\/\/mammalnet.com\/wp-content\/uploads\/2019\/08\/5-293x300.png 293w, https:\/\/mammalnet.com\/wp-content\/uploads\/2019\/08\/5-1001x1024.png 1001w, https:\/\/mammalnet.com\/wp-content\/uploads\/2019\/08\/5-768x785.png 768w, https:\/\/mammalnet.com\/wp-content\/uploads\/2019\/08\/5-636x650.png 636w\" sizes=\"(max-width: 1056px) 100vw, 1056px\" \/>\t\t\t\t\t\t\t\t\t\t\t\t\t<\/div>\n\t\t\t\t<\/div>\n\t\t\t\t\t<\/div>\n\t\t<\/div>\n\t\t\t\t<div class=\"elementor-column elementor-col-50 elementor-top-column elementor-element elementor-element-76dac3e8\" data-id=\"76dac3e8\" data-element_type=\"column\">\n\t\t\t<div class=\"elementor-widget-wrap elementor-element-populated\">\n\t\t\t\t\t\t<div class=\"elementor-element elementor-element-6c61c06 animated-fast elementor-invisible elementor-widget elementor-widget-heading\" data-id=\"6c61c06\" data-element_type=\"widget\" data-settings=\"{&quot;_animation&quot;:&quot;fadeInUp&quot;,&quot;_animation_delay&quot;:&quot;300&quot;}\" data-widget_type=\"heading.default\">\n\t\t\t\t<div class=\"elementor-widget-container\">\n\t\t\t<h3 class=\"elementor-heading-title elementor-size-default\">Kako sudjelovati?<\/h3>\t\t<\/div>\n\t\t\t\t<\/div>\n\t\t\t\t<div class=\"elementor-element elementor-element-2b8ba4ea animated-fast elementor-invisible elementor-widget elementor-widget-text-editor\" data-id=\"2b8ba4ea\" data-element_type=\"widget\" data-settings=\"{&quot;_animation&quot;:&quot;fadeIn&quot;,&quot;_animation_delay&quot;:&quot;500&quot;}\" data-widget_type=\"text-editor.default\">\n\t\t\t\t<div class=\"elementor-widget-container\">\n\t\t\t\t\t\t\t<p>Mobilna aplikacija <strong>iMammalia<\/strong> ima vrlo jednostavan dizajn koji omogu\u0107uje snimanje i opa\u017eanja razli\u010ditih vrsta. A je mogu\u0107e uklju\u010diti i fotografije vrsta ili njihovih znakova (otisci stopala, izmet, ostaci hrane), olak\u0161ava se mogu\u0107nost potvrde zapisa.<\/p>\n<p>MammalWeb aplikacija omogu\u0107uje gra\u0111anima znanstvenicima da lako prenose sve fotografije snimljene foto &#8211; kamerama, uvijek po\u0161tuju\u0107i povjerljivost njihovog preciznog polo\u017eaja. Vrste identificiraju gra\u0111ani i stru\u010dnjaci te generiraju podatke od velike znanstvene vrijednosti.<\/p>\n<p>Aplikacija MammalWeb tako\u0111er omogu\u0107uje sudjelovanje identificiranjem fotografija iz vlastitih foto &#8211; kamera ili suradnjom identificiranjem fotografija u drugim regijama ili suradnicima i u\u017eivanjem u fantasti\u010dnim slikama, ni\u0161ta se ne doga\u0111a ako nemate prethodno iskustvo, za vrlo kratko vrijeme bit \u0107ete u mogu\u0107nosti identificirati ve\u0107inu vrsta, a ostali \u0107e korisnici tako\u0111er pratiti i potvrditi fotografije koje identificirate.<\/p>\n\t\t\t\t\t\t<\/div>\n\t\t\t\t<\/div>\n\t\t\t\t\t<\/div>\n\t\t<\/div>\n\t\t\t\t\t<\/div>\n\t\t<\/section>\n\t\t\t\t<\/div>\n\t\t","protected":false},"excerpt":{"rendered":"<p>Kako sudjelovati? Ljubitelj aktivnosti na otvorenom Krenimo! Za\u0161to ova ciljna skupina? Sport i zabava na otvorenom u prirodi zna\u010de da mnogi ljudi \u010desto posje\u0107uju razli\u010dite vrste prirodnih prostora. Aktivnosti kao \u0161to su trekking, planinarenje, penjanje, brdski biciklizam ili druge aktivnosti na otvorenom postale su vrlo popularne i mnogim ljudima otvaraju mogu\u0107nost izravnog kontakta s prirodom &#8230; <a title=\"Ljubitelj aktivnosti na otvorenom\" class=\"read-more\" href=\"https:\/\/mammalnet.com\/hr\/ljubitelj-aktivnosti-na-otvorenom\/\" aria-label=\"More on Ljubitelj aktivnosti na otvorenom\">Op\u0161irnije<\/a><\/p>\n","protected":false},"author":1,"featured_media":0,"parent":0,"menu_order":0,"comment_status":"closed","ping_status":"closed","template":"elementor_header_footer","meta":{"_acf_changed":false,"footnotes":""},"acf":[],"yoast_head":"<!-- This site is optimized with the Yoast SEO plugin v22.1 - https:\/\/yoast.com\/wordpress\/plugins\/seo\/ -->\n<title>Ljubitelj aktivnosti na otvorenom - Mammalnet<\/title>\n<meta name=\"robots\" content=\"index, follow, max-snippet:-1, max-image-preview:large, max-video-preview:-1\" \/>\n<link rel=\"canonical\" href=\"https:\/\/mammalnet.com\/hr\/ljubitelj-aktivnosti-na-otvorenom\/\" \/>\n<meta property=\"og:locale\" content=\"hr_HR\" \/>\n<meta property=\"og:type\" content=\"article\" \/>\n<meta property=\"og:title\" content=\"Ljubitelj aktivnosti na otvorenom - Mammalnet\" \/>\n<meta property=\"og:description\" content=\"Kako sudjelovati? Ljubitelj aktivnosti na otvorenom Krenimo! Za\u0161to ova ciljna skupina? Sport i zabava na otvorenom u prirodi zna\u010de da mnogi ljudi \u010desto posje\u0107uju razli\u010dite vrste prirodnih prostora. Aktivnosti kao \u0161to su trekking, planinarenje, penjanje, brdski biciklizam ili druge aktivnosti na otvorenom postale su vrlo popularne i mnogim ljudima otvaraju mogu\u0107nost izravnog kontakta s prirodom ... Op\u0161irnije\" \/>\n<meta property=\"og:url\" content=\"https:\/\/mammalnet.com\/hr\/ljubitelj-aktivnosti-na-otvorenom\/\" \/>\n<meta property=\"og:site_name\" content=\"Mammalnet\" \/>\n<meta property=\"article:publisher\" content=\"https:\/\/www.facebook.com\/MammalNet-106550637394937\/\" \/>\n<meta property=\"article:modified_time\" content=\"2021-06-08T10:30:57+00:00\" \/>\n<meta property=\"og:image\" content=\"https:\/\/mammalnet.com\/wp-content\/uploads\/2019\/08\/Camping.png\" \/>\n<meta name=\"twitter:card\" content=\"summary_large_image\" \/>\n<meta name=\"twitter:site\" content=\"@mammalnet_eu\" \/>\n<meta name=\"twitter:label1\" content=\"Procijenjeno vrijeme \u010ditanja\" \/>\n\t<meta name=\"twitter:data1\" content=\"2 minute\" \/>\n<script type=\"application\/ld+json\" class=\"yoast-schema-graph\">{\"@context\":\"https:\/\/schema.org\",\"@graph\":[{\"@type\":\"WebPage\",\"@id\":\"https:\/\/mammalnet.com\/hr\/ljubitelj-aktivnosti-na-otvorenom\/\",\"url\":\"https:\/\/mammalnet.com\/hr\/ljubitelj-aktivnosti-na-otvorenom\/\",\"name\":\"Ljubitelj aktivnosti na otvorenom - Mammalnet\",\"isPartOf\":{\"@id\":\"https:\/\/mammalnet.com\/#website\"},\"datePublished\":\"2019-10-15T12:02:55+00:00\",\"dateModified\":\"2021-06-08T10:30:57+00:00\",\"breadcrumb\":{\"@id\":\"https:\/\/mammalnet.com\/hr\/ljubitelj-aktivnosti-na-otvorenom\/#breadcrumb\"},\"inLanguage\":\"hr\",\"potentialAction\":[{\"@type\":\"ReadAction\",\"target\":[\"https:\/\/mammalnet.com\/hr\/ljubitelj-aktivnosti-na-otvorenom\/\"]}]},{\"@type\":\"BreadcrumbList\",\"@id\":\"https:\/\/mammalnet.com\/hr\/ljubitelj-aktivnosti-na-otvorenom\/#breadcrumb\",\"itemListElement\":[{\"@type\":\"ListItem\",\"position\":1,\"name\":\"Home\",\"item\":\"https:\/\/mammalnet.com\/hr\/\"},{\"@type\":\"ListItem\",\"position\":2,\"name\":\"Ljubitelj aktivnosti na otvorenom\"}]},{\"@type\":\"WebSite\",\"@id\":\"https:\/\/mammalnet.com\/#website\",\"url\":\"https:\/\/mammalnet.com\/\",\"name\":\"Mammalnet\",\"description\":\"Citizen Science\",\"publisher\":{\"@id\":\"https:\/\/mammalnet.com\/#organization\"},\"potentialAction\":[{\"@type\":\"SearchAction\",\"target\":{\"@type\":\"EntryPoint\",\"urlTemplate\":\"https:\/\/mammalnet.com\/?s={search_term_string}\"},\"query-input\":\"required name=search_term_string\"}],\"inLanguage\":\"hr\"},{\"@type\":\"Organization\",\"@id\":\"https:\/\/mammalnet.com\/#organization\",\"name\":\"Mammalnet\",\"url\":\"https:\/\/mammalnet.com\/\",\"logo\":{\"@type\":\"ImageObject\",\"inLanguage\":\"hr\",\"@id\":\"https:\/\/mammalnet.com\/#\/schema\/logo\/image\/\",\"url\":\"https:\/\/mammalnet.com\/wp-content\/uploads\/2019\/08\/logo.png\",\"contentUrl\":\"https:\/\/mammalnet.com\/wp-content\/uploads\/2019\/08\/logo.png\",\"width\":991,\"height\":284,\"caption\":\"Mammalnet\"},\"image\":{\"@id\":\"https:\/\/mammalnet.com\/#\/schema\/logo\/image\/\"},\"sameAs\":[\"https:\/\/www.facebook.com\/MammalNet-106550637394937\/\",\"https:\/\/twitter.com\/mammalnet_eu\"]}]}<\/script>\n<!-- \/ Yoast SEO plugin. -->","yoast_head_json":{"title":"Ljubitelj aktivnosti na otvorenom - Mammalnet","robots":{"index":"index","follow":"follow","max-snippet":"max-snippet:-1","max-image-preview":"max-image-preview:large","max-video-preview":"max-video-preview:-1"},"canonical":"https:\/\/mammalnet.com\/hr\/ljubitelj-aktivnosti-na-otvorenom\/","og_locale":"hr_HR","og_type":"article","og_title":"Ljubitelj aktivnosti na otvorenom - Mammalnet","og_description":"Kako sudjelovati? Ljubitelj aktivnosti na otvorenom Krenimo! Za\u0161to ova ciljna skupina? Sport i zabava na otvorenom u prirodi zna\u010de da mnogi ljudi \u010desto posje\u0107uju razli\u010dite vrste prirodnih prostora. Aktivnosti kao \u0161to su trekking, planinarenje, penjanje, brdski biciklizam ili druge aktivnosti na otvorenom postale su vrlo popularne i mnogim ljudima otvaraju mogu\u0107nost izravnog kontakta s prirodom ... Op\u0161irnije","og_url":"https:\/\/mammalnet.com\/hr\/ljubitelj-aktivnosti-na-otvorenom\/","og_site_name":"Mammalnet","article_publisher":"https:\/\/www.facebook.com\/MammalNet-106550637394937\/","article_modified_time":"2021-06-08T10:30:57+00:00","og_image":[{"url":"https:\/\/mammalnet.com\/wp-content\/uploads\/2019\/08\/Camping.png"}],"twitter_card":"summary_large_image","twitter_site":"@mammalnet_eu","twitter_misc":{"Procijenjeno vrijeme \u010ditanja":"2 minute"},"schema":{"@context":"https:\/\/schema.org","@graph":[{"@type":"WebPage","@id":"https:\/\/mammalnet.com\/hr\/ljubitelj-aktivnosti-na-otvorenom\/","url":"https:\/\/mammalnet.com\/hr\/ljubitelj-aktivnosti-na-otvorenom\/","name":"Ljubitelj aktivnosti na otvorenom - Mammalnet","isPartOf":{"@id":"https:\/\/mammalnet.com\/#website"},"datePublished":"2019-10-15T12:02:55+00:00","dateModified":"2021-06-08T10:30:57+00:00","breadcrumb":{"@id":"https:\/\/mammalnet.com\/hr\/ljubitelj-aktivnosti-na-otvorenom\/#breadcrumb"},"inLanguage":"hr","potentialAction":[{"@type":"ReadAction","target":["https:\/\/mammalnet.com\/hr\/ljubitelj-aktivnosti-na-otvorenom\/"]}]},{"@type":"BreadcrumbList","@id":"https:\/\/mammalnet.com\/hr\/ljubitelj-aktivnosti-na-otvorenom\/#breadcrumb","itemListElement":[{"@type":"ListItem","position":1,"name":"Home","item":"https:\/\/mammalnet.com\/hr\/"},{"@type":"ListItem","position":2,"name":"Ljubitelj aktivnosti na otvorenom"}]},{"@type":"WebSite","@id":"https:\/\/mammalnet.com\/#website","url":"https:\/\/mammalnet.com\/","name":"Mammalnet","description":"Citizen Science","publisher":{"@id":"https:\/\/mammalnet.com\/#organization"},"potentialAction":[{"@type":"SearchAction","target":{"@type":"EntryPoint","urlTemplate":"https:\/\/mammalnet.com\/?s={search_term_string}"},"query-input":"required name=search_term_string"}],"inLanguage":"hr"},{"@type":"Organization","@id":"https:\/\/mammalnet.com\/#organization","name":"Mammalnet","url":"https:\/\/mammalnet.com\/","logo":{"@type":"ImageObject","inLanguage":"hr","@id":"https:\/\/mammalnet.com\/#\/schema\/logo\/image\/","url":"https:\/\/mammalnet.com\/wp-content\/uploads\/2019\/08\/logo.png","contentUrl":"https:\/\/mammalnet.com\/wp-content\/uploads\/2019\/08\/logo.png","width":991,"height":284,"caption":"Mammalnet"},"image":{"@id":"https:\/\/mammalnet.com\/#\/schema\/logo\/image\/"},"sameAs":["https:\/\/www.facebook.com\/MammalNet-106550637394937\/","https:\/\/twitter.com\/mammalnet_eu"]}]}},"_links":{"self":[{"href":"https:\/\/mammalnet.com\/hr\/wp-json\/wp\/v2\/pages\/4239"}],"collection":[{"href":"https:\/\/mammalnet.com\/hr\/wp-json\/wp\/v2\/pages"}],"about":[{"href":"https:\/\/mammalnet.com\/hr\/wp-json\/wp\/v2\/types\/page"}],"author":[{"embeddable":true,"href":"https:\/\/mammalnet.com\/hr\/wp-json\/wp\/v2\/users\/1"}],"replies":[{"embeddable":true,"href":"https:\/\/mammalnet.com\/hr\/wp-json\/wp\/v2\/comments?post=4239"}],"version-history":[{"count":2,"href":"https:\/\/mammalnet.com\/hr\/wp-json\/wp\/v2\/pages\/4239\/revisions"}],"predecessor-version":[{"id":15233,"href":"https:\/\/mammalnet.com\/hr\/wp-json\/wp\/v2\/pages\/4239\/revisions\/15233"}],"wp:attachment":[{"href":"https:\/\/mammalnet.com\/hr\/wp-json\/wp\/v2\/media?parent=4239"}],"curies":[{"name":"wp","href":"https:\/\/api.w.org\/{rel}","templated":true}]}}