{"id":9890,"date":"2020-07-02T12:07:44","date_gmt":"2020-07-02T11:07:44","guid":{"rendered":"https:\/\/pruebas.mammalnet.com\/?page_id=9890"},"modified":"2020-07-08T16:35:58","modified_gmt":"2020-07-08T15:35:58","slug":"h-la-biodiversidad-al-alcance-de-su-mano","status":"publish","type":"page","link":"https:\/\/mammalnet.com\/es\/h-la-biodiversidad-al-alcance-de-su-mano\/","title":{"rendered":"La biodiversidad al alcance de su mano"},"content":{"rendered":"\t\t<div data-elementor-type=\"wp-page\" data-elementor-id=\"9890\" class=\"elementor elementor-9890\" data-elementor-post-type=\"page\">\n\t\t\t\t\t\t<section class=\"elementor-section elementor-top-section elementor-element elementor-element-452fa22 elementor-section-boxed elementor-section-height-default elementor-section-height-default\" data-id=\"452fa22\" data-element_type=\"section\">\n\t\t\t\t\t\t<div class=\"elementor-container elementor-column-gap-default\">\n\t\t\t\t\t<div class=\"elementor-column elementor-col-100 elementor-top-column elementor-element elementor-element-12b2b0c\" data-id=\"12b2b0c\" data-element_type=\"column\">\n\t\t\t<div class=\"elementor-widget-wrap elementor-element-populated\">\n\t\t\t\t\t\t<div class=\"elementor-element elementor-element-8198d7a elementor-widget elementor-widget-heading\" data-id=\"8198d7a\" data-element_type=\"widget\" data-widget_type=\"heading.default\">\n\t\t\t\t<div class=\"elementor-widget-container\">\n\t\t\t<h1 class=\"elementor-heading-title elementor-size-default\">ay\u00fadenos a conocer c\u00f3mo se relaciona con la naturaleza y la ciencia<\/h1>\t\t<\/div>\n\t\t\t\t<\/div>\n\t\t\t\t\t<\/div>\n\t\t<\/div>\n\t\t\t\t\t<\/div>\n\t\t<\/section>\n\t\t\t\t<section class=\"elementor-section elementor-top-section elementor-element elementor-element-1ed3f81 elementor-section-boxed elementor-section-height-default elementor-section-height-default\" data-id=\"1ed3f81\" data-element_type=\"section\">\n\t\t\t\t\t\t<div class=\"elementor-container elementor-column-gap-default\">\n\t\t\t\t\t<div class=\"elementor-column elementor-col-50 elementor-top-column elementor-element elementor-element-7e093f3\" data-id=\"7e093f3\" data-element_type=\"column\">\n\t\t\t<div class=\"elementor-widget-wrap elementor-element-populated\">\n\t\t\t\t\t\t<div class=\"elementor-element elementor-element-476a4b1 elementor-widget elementor-widget-image\" data-id=\"476a4b1\" data-element_type=\"widget\" data-widget_type=\"image.default\">\n\t\t\t\t<div class=\"elementor-widget-container\">\n\t\t\t\t\t\t\t\t\t\t\t\t\t<img fetchpriority=\"high\" decoding=\"async\" width=\"1024\" height=\"683\" src=\"https:\/\/mammalnet.com\/wp-content\/uploads\/2020\/02\/mobileWildlife-1024x683.jpg\" class=\"attachment-large size-large wp-image-8784\" alt=\"\" srcset=\"https:\/\/mammalnet.com\/wp-content\/uploads\/2020\/02\/mobileWildlife-1024x683.jpg 1024w, https:\/\/mammalnet.com\/wp-content\/uploads\/2020\/02\/mobileWildlife-300x200.jpg 300w, https:\/\/mammalnet.com\/wp-content\/uploads\/2020\/02\/mobileWildlife-768x512.jpg 768w, https:\/\/mammalnet.com\/wp-content\/uploads\/2020\/02\/mobileWildlife-1536x1024.jpg 1536w, https:\/\/mammalnet.com\/wp-content\/uploads\/2020\/02\/mobileWildlife-2048x1365.jpg 2048w, https:\/\/mammalnet.com\/wp-content\/uploads\/2020\/02\/mobileWildlife-650x433.jpg 650w, https:\/\/mammalnet.com\/wp-content\/uploads\/2020\/02\/mobileWildlife-1300x867.jpg 1300w\" sizes=\"(max-width: 1024px) 100vw, 1024px\" \/>\t\t\t\t\t\t\t\t\t\t\t\t\t<\/div>\n\t\t\t\t<\/div>\n\t\t\t\t\t<\/div>\n\t\t<\/div>\n\t\t\t\t<div class=\"elementor-column elementor-col-50 elementor-top-column elementor-element elementor-element-b29267a\" data-id=\"b29267a\" data-element_type=\"column\">\n\t\t\t<div class=\"elementor-widget-wrap elementor-element-populated\">\n\t\t\t\t\t\t<div class=\"elementor-element elementor-element-35aa2d8 elementor-widget elementor-widget-image\" data-id=\"35aa2d8\" data-element_type=\"widget\" data-widget_type=\"image.default\">\n\t\t\t\t<div class=\"elementor-widget-container\">\n\t\t\t\t\t\t\t\t\t\t\t\t\t<img decoding=\"async\" width=\"1024\" height=\"752\" src=\"https:\/\/mammalnet.com\/wp-content\/uploads\/2019\/11\/blog-1024x752.png\" class=\"attachment-large size-large wp-image-6584\" alt=\"\" srcset=\"https:\/\/mammalnet.com\/wp-content\/uploads\/2019\/11\/blog-1024x752.png 1024w, https:\/\/mammalnet.com\/wp-content\/uploads\/2019\/11\/blog-300x220.png 300w, https:\/\/mammalnet.com\/wp-content\/uploads\/2019\/11\/blog-768x564.png 768w, https:\/\/mammalnet.com\/wp-content\/uploads\/2019\/11\/blog-650x477.png 650w, https:\/\/mammalnet.com\/wp-content\/uploads\/2019\/11\/blog.png 1196w\" sizes=\"(max-width: 1024px) 100vw, 1024px\" \/>\t\t\t\t\t\t\t\t\t\t\t\t\t<\/div>\n\t\t\t\t<\/div>\n\t\t\t\t\t<\/div>\n\t\t<\/div>\n\t\t\t\t\t<\/div>\n\t\t<\/section>\n\t\t\t\t<section class=\"elementor-section elementor-top-section elementor-element elementor-element-66949de elementor-section-boxed elementor-section-height-default elementor-section-height-default\" data-id=\"66949de\" data-element_type=\"section\">\n\t\t\t\t\t\t<div class=\"elementor-container elementor-column-gap-default\">\n\t\t\t\t\t<div class=\"elementor-column elementor-col-100 elementor-top-column elementor-element elementor-element-ff094ca\" data-id=\"ff094ca\" data-element_type=\"column\">\n\t\t\t<div class=\"elementor-widget-wrap elementor-element-populated\">\n\t\t\t\t\t\t<div class=\"elementor-element elementor-element-2b5d396 elementor-widget elementor-widget-text-editor\" data-id=\"2b5d396\" data-element_type=\"widget\" data-widget_type=\"text-editor.default\">\n\t\t\t\t<div class=\"elementor-widget-container\">\n\t\t\t\t\t\t\t<h3><strong>El papel de la ciencia es esencial en nuestra sociedad. Poco a poco somos conscientes de la importancia de obtener m\u00e1s y mejor informaci\u00f3n, para tomar decisiones en base a datos objetivos que favorezcan la sostenibilidad de los recursos naturales.<\/strong><br \/>\n<strong>Los proyectos de ciencia ciudadana relacionados con la biodiversidad permiten a los ciudadanos colaborar con los cient\u00edficos, pero no siempre llegan a involucran a todas las personas interesadas en la naturaleza, por lo que es esencial valorar y conocer los factores y motivos que afectan a su participaci\u00f3n.<\/strong><\/h3>\n\t\t\t\t\t\t<\/div>\n\t\t\t\t<\/div>\n\t\t\t\t\t<\/div>\n\t\t<\/div>\n\t\t\t\t\t<\/div>\n\t\t<\/section>\n\t\t\t\t<section class=\"elementor-section elementor-top-section elementor-element elementor-element-d4f1214 elementor-section-boxed elementor-section-height-default elementor-section-height-default\" data-id=\"d4f1214\" data-element_type=\"section\">\n\t\t\t\t\t\t<div class=\"elementor-container elementor-column-gap-default\">\n\t\t\t\t\t<div class=\"elementor-column elementor-col-100 elementor-top-column elementor-element elementor-element-ab5153a\" data-id=\"ab5153a\" data-element_type=\"column\">\n\t\t\t<div class=\"elementor-widget-wrap elementor-element-populated\">\n\t\t\t\t\t\t<div class=\"elementor-element elementor-element-a8474ba elementor-widget elementor-widget-text-editor\" data-id=\"a8474ba\" data-element_type=\"widget\" data-widget_type=\"text-editor.default\">\n\t\t\t\t<div class=\"elementor-widget-container\">\n\t\t\t\t\t\t\t<h3>MammalNet (<a href=\"https:\/\/mammalnet.com\/\">www.mammalnet.com<\/a>) es un proyecto de ciencia ciudadana promovido por la Autoridad Europea de Seguridad Alimentaria (EFSA) y coordinado desde el IREC (<a href=\"https:\/\/pruebasaluuclm.sharepoint.com\/sites\/enetwild\/Documentos%20compartidos\/USER%20AREA\/INTERNAL\/MammalNet\/Encuestas\/www.irec.es\">www.irec.es<\/a>), que es un centro de investigaci\u00f3n de la Universidad de Castilla La Mancha y del Consejo Superior de Investigaciones Cient\u00edficas.<\/h3>\n<h3>El objetivo de este proyecto es <strong>valorar el potencial que tiene la ciencia ciudadana para mejorar la informaci\u00f3n disponible sobre la distribuci\u00f3n de los mam\u00edferos en Europa<\/strong>. A trav\u00e9s del siguiente cuestionario exploramos el perfil de los usuarios que usan o han usado apps m\u00f3viles o webs de registros de biodiversidad (no s\u00f3lo de mam\u00edferos) para compartir registros de fauna en nuestro pa\u00eds, pero tambi\u00e9n conocemos el perfil de aquellos ciudadanos que teniendo una vinculaci\u00f3n directa con la naturaleza o estando interesados en ella, nunca han participado en este tipo de iniciativas.<\/h3>\n\t\t\t\t\t\t<\/div>\n\t\t\t\t<\/div>\n\t\t\t\t\t<\/div>\n\t\t<\/div>\n\t\t\t\t\t<\/div>\n\t\t<\/section>\n\t\t\t\t<section class=\"elementor-section elementor-top-section elementor-element elementor-element-074821a elementor-section-boxed elementor-section-height-default elementor-section-height-default\" data-id=\"074821a\" data-element_type=\"section\">\n\t\t\t\t\t\t<div class=\"elementor-container elementor-column-gap-default\">\n\t\t\t\t\t<div class=\"elementor-column elementor-col-100 elementor-top-column elementor-element elementor-element-9b2a917\" data-id=\"9b2a917\" data-element_type=\"column\">\n\t\t\t<div class=\"elementor-widget-wrap elementor-element-populated\">\n\t\t\t\t\t\t<div class=\"elementor-element elementor-element-863b3ca elementor-widget elementor-widget-text-editor\" data-id=\"863b3ca\" data-element_type=\"widget\" data-widget_type=\"text-editor.default\">\n\t\t\t\t<div class=\"elementor-widget-container\">\n\t\t\t\t\t\t\t<p>La duraci\u00f3n estimada para completar el cuestionario es de 10 minutos, no hay respuestas correctas o incorrectas, y no tiene la obligaci\u00f3n de responder a todas las preguntas. Los datos que se recojan se tratar\u00e1n de forma confidencial, an\u00f3nima y para los fines exclusivos de esta investigaci\u00f3n.<\/p>\n<p>Su colaboraci\u00f3n es imprescindible para el desarrollo del estudio, por lo que esperamos que se anime y conteste con total sinceridad.<\/p>\n\t\t\t\t\t\t<\/div>\n\t\t\t\t<\/div>\n\t\t\t\t\t<\/div>\n\t\t<\/div>\n\t\t\t\t\t<\/div>\n\t\t<\/section>\n\t\t\t\t<section class=\"elementor-section elementor-top-section elementor-element elementor-element-5d34712 elementor-section-boxed elementor-section-height-default elementor-section-height-default\" data-id=\"5d34712\" data-element_type=\"section\">\n\t\t\t\t\t\t<div class=\"elementor-container elementor-column-gap-default\">\n\t\t\t\t\t<div class=\"elementor-column elementor-col-100 elementor-top-column elementor-element elementor-element-2f5287e\" data-id=\"2f5287e\" data-element_type=\"column\">\n\t\t\t<div class=\"elementor-widget-wrap elementor-element-populated\">\n\t\t\t\t\t\t<div class=\"elementor-element elementor-element-436ea66 elementor-widget elementor-widget-text-editor\" data-id=\"436ea66\" data-element_type=\"widget\" data-widget_type=\"text-editor.default\">\n\t\t\t\t<div class=\"elementor-widget-container\">\n\t\t\t\t\t\t\t<p><strong><u>INFORMACI\u00d3N RELATIVA A DATOS<\/u><\/strong><\/p>\n<ol>\n<li>Se recuerda el car\u00e1cter facultativo de las respuestas, la obligaci\u00f3n de tener como m\u00ednimo 18 a\u00f1os para participar, y la necesidad de apretar el bot\u00f3n de \u00abEnviar\u00bb para poder guardar las respuestas.<\/li>\n<li>La encuesta est\u00e1 dise\u00f1ada para evitar la recolecci\u00f3n de informaci\u00f3n que permita identificar a los participantes de forma personal y se garantiza al participante el tratamiento confidencial y anonimizado de la informaci\u00f3n recabada. Las direcciones IP no ser\u00e1n guardadas, de forma que no haya ninguna manera que se pueda vincular el contenido de la encuesta con la persona que la complet\u00f3.<\/li>\n<li>Manifestamos que en materia de protecci\u00f3n de datos, se dar\u00e1 cumplimiento a lo contemplado en el REGLAMENTO (UE) 2016\/679 DEL PARLAMENTO EUROPEO Y DEL CONSEJO de 27 de abril de 2016 relativo a la protecci\u00f3n de las personas f\u00edsicas en lo que respecta al tratamiento de datos personales y a la libre circulaci\u00f3n de estos datos y por el que se deroga la Directiva 95\/46\/CE (Reglamento general de protecci\u00f3n de datos), as\u00ed como en la Ley Org\u00e1nica 3\/2018, de 5 de diciembre, de Protecci\u00f3n de Datos Personales y garant\u00eda de los derechos digitales.<\/li>\n<li>Para aclarar cualquier aspecto relacionado con su participaci\u00f3n en el mismo, por favor, escriba al correo electr\u00f3nico <strong>iberia@mammalnet.com<\/strong>. Iniciando la encuesta, ACEPTA QUE HA LE\u00cdDO Y EST\u00c1 DE ACUERDO CON LO ANTERIOR.<\/li>\n<\/ol>\n<p>Muchas gracias por su participaci\u00f3n.<\/p>\n\t\t\t\t\t\t<\/div>\n\t\t\t\t<\/div>\n\t\t\t\t\t<\/div>\n\t\t<\/div>\n\t\t\t\t\t<\/div>\n\t\t<\/section>\n\t\t\t\t<section class=\"elementor-section elementor-top-section elementor-element elementor-element-5062d7b elementor-section-boxed elementor-section-height-default elementor-section-height-default\" data-id=\"5062d7b\" data-element_type=\"section\">\n\t\t\t\t\t\t<div class=\"elementor-container elementor-column-gap-default\">\n\t\t\t\t\t<div class=\"elementor-column elementor-col-100 elementor-top-column elementor-element elementor-element-4898a0c\" data-id=\"4898a0c\" data-element_type=\"column\">\n\t\t\t<div class=\"elementor-widget-wrap elementor-element-populated\">\n\t\t\t\t\t\t<div class=\"elementor-element elementor-element-e31807f elementor-align-center elementor-widget elementor-widget-button\" data-id=\"e31807f\" data-element_type=\"widget\" data-widget_type=\"button.default\">\n\t\t\t\t<div class=\"elementor-widget-container\">\n\t\t\t\t\t<div class=\"elementor-button-wrapper\">\n\t\t\t<a class=\"elementor-button elementor-button-link elementor-size-xl\" href=\"https:\/\/ee.kobotoolbox.org\/single\/eed6181d5f0bf821265d3dd9c938fd61\" target=\"_blank\">\n\t\t\t\t\t\t<span class=\"elementor-button-content-wrapper\">\n\t\t\t\t\t\t<span class=\"elementor-button-text\">S\u00ed, acepto<\/span>\n\t\t<\/span>\n\t\t\t\t\t<\/a>\n\t\t<\/div>\n\t\t\t\t<\/div>\n\t\t\t\t<\/div>\n\t\t\t\t\t<\/div>\n\t\t<\/div>\n\t\t\t\t\t<\/div>\n\t\t<\/section>\n\t\t\t\t<\/div>\n\t\t","protected":false},"excerpt":{"rendered":"<p>ay\u00fadenos a conocer c\u00f3mo se relaciona con la naturaleza y la ciencia El papel de la ciencia es esencial en nuestra sociedad. Poco a poco somos conscientes de la importancia de obtener m\u00e1s y mejor informaci\u00f3n, para tomar decisiones en base a datos objetivos que favorezcan la sostenibilidad de los recursos naturales. Los proyectos de &#8230; <a title=\"La biodiversidad al alcance de su mano\" class=\"read-more\" href=\"https:\/\/mammalnet.com\/es\/h-la-biodiversidad-al-alcance-de-su-mano\/\" aria-label=\"M\u00e1s en La biodiversidad al alcance de su mano\">Leer m\u00e1s<\/a><\/p>\n","protected":false},"author":2,"featured_media":0,"parent":0,"menu_order":0,"comment_status":"closed","ping_status":"closed","template":"","meta":{"_acf_changed":false,"footnotes":""},"acf":[],"yoast_head":"<!-- This site is optimized with the Yoast SEO plugin v22.1 - https:\/\/yoast.com\/wordpress\/plugins\/seo\/ -->\n<title>La biodiversidad al alcance de su mano - Mammalnet<\/title>\n<meta name=\"robots\" content=\"index, follow, max-snippet:-1, max-image-preview:large, max-video-preview:-1\" \/>\n<link rel=\"canonical\" href=\"https:\/\/mammalnet.com\/es\/h-la-biodiversidad-al-alcance-de-su-mano\/\" \/>\n<meta property=\"og:locale\" content=\"es_ES\" \/>\n<meta property=\"og:type\" content=\"article\" \/>\n<meta property=\"og:title\" content=\"La biodiversidad al alcance de su mano - Mammalnet\" \/>\n<meta property=\"og:description\" content=\"ay\u00fadenos a conocer c\u00f3mo se relaciona con la naturaleza y la ciencia El papel de la ciencia es esencial en nuestra sociedad. Poco a poco somos conscientes de la importancia de obtener m\u00e1s y mejor informaci\u00f3n, para tomar decisiones en base a datos objetivos que favorezcan la sostenibilidad de los recursos naturales. Los proyectos de ... Leer m\u00e1s\" \/>\n<meta property=\"og:url\" content=\"https:\/\/mammalnet.com\/es\/h-la-biodiversidad-al-alcance-de-su-mano\/\" \/>\n<meta property=\"og:site_name\" content=\"Mammalnet\" \/>\n<meta property=\"article:publisher\" content=\"https:\/\/www.facebook.com\/MammalNet-106550637394937\/\" \/>\n<meta property=\"article:modified_time\" content=\"2020-07-08T15:35:58+00:00\" \/>\n<meta property=\"og:image\" content=\"https:\/\/mammalnet.com\/wp-content\/uploads\/2020\/02\/mobileWildlife-1024x683.jpg\" \/>\n<meta name=\"twitter:card\" content=\"summary_large_image\" \/>\n<meta name=\"twitter:site\" content=\"@mammalnet_eu\" \/>\n<meta name=\"twitter:label1\" content=\"Tiempo de lectura\" \/>\n\t<meta name=\"twitter:data1\" content=\"3 minutos\" \/>\n<script type=\"application\/ld+json\" class=\"yoast-schema-graph\">{\"@context\":\"https:\/\/schema.org\",\"@graph\":[{\"@type\":\"WebPage\",\"@id\":\"https:\/\/mammalnet.com\/es\/h-la-biodiversidad-al-alcance-de-su-mano\/\",\"url\":\"https:\/\/mammalnet.com\/es\/h-la-biodiversidad-al-alcance-de-su-mano\/\",\"name\":\"La biodiversidad al alcance de su mano - Mammalnet\",\"isPartOf\":{\"@id\":\"https:\/\/mammalnet.com\/#website\"},\"datePublished\":\"2020-07-02T11:07:44+00:00\",\"dateModified\":\"2020-07-08T15:35:58+00:00\",\"breadcrumb\":{\"@id\":\"https:\/\/mammalnet.com\/es\/h-la-biodiversidad-al-alcance-de-su-mano\/#breadcrumb\"},\"inLanguage\":\"es\",\"potentialAction\":[{\"@type\":\"ReadAction\",\"target\":[\"https:\/\/mammalnet.com\/es\/h-la-biodiversidad-al-alcance-de-su-mano\/\"]}]},{\"@type\":\"BreadcrumbList\",\"@id\":\"https:\/\/mammalnet.com\/es\/h-la-biodiversidad-al-alcance-de-su-mano\/#breadcrumb\",\"itemListElement\":[{\"@type\":\"ListItem\",\"position\":1,\"name\":\"Home\",\"item\":\"https:\/\/mammalnet.com\/es\/\"},{\"@type\":\"ListItem\",\"position\":2,\"name\":\"La biodiversidad al alcance de su mano\"}]},{\"@type\":\"WebSite\",\"@id\":\"https:\/\/mammalnet.com\/#website\",\"url\":\"https:\/\/mammalnet.com\/\",\"name\":\"Mammalnet\",\"description\":\"Citizen Science\",\"publisher\":{\"@id\":\"https:\/\/mammalnet.com\/#organization\"},\"potentialAction\":[{\"@type\":\"SearchAction\",\"target\":{\"@type\":\"EntryPoint\",\"urlTemplate\":\"https:\/\/mammalnet.com\/?s={search_term_string}\"},\"query-input\":\"required name=search_term_string\"}],\"inLanguage\":\"es\"},{\"@type\":\"Organization\",\"@id\":\"https:\/\/mammalnet.com\/#organization\",\"name\":\"Mammalnet\",\"url\":\"https:\/\/mammalnet.com\/\",\"logo\":{\"@type\":\"ImageObject\",\"inLanguage\":\"es\",\"@id\":\"https:\/\/mammalnet.com\/#\/schema\/logo\/image\/\",\"url\":\"https:\/\/mammalnet.com\/wp-content\/uploads\/2019\/08\/logo.png\",\"contentUrl\":\"https:\/\/mammalnet.com\/wp-content\/uploads\/2019\/08\/logo.png\",\"width\":991,\"height\":284,\"caption\":\"Mammalnet\"},\"image\":{\"@id\":\"https:\/\/mammalnet.com\/#\/schema\/logo\/image\/\"},\"sameAs\":[\"https:\/\/www.facebook.com\/MammalNet-106550637394937\/\",\"https:\/\/twitter.com\/mammalnet_eu\"]}]}<\/script>\n<!-- \/ Yoast SEO plugin. -->","yoast_head_json":{"title":"La biodiversidad al alcance de su mano - Mammalnet","robots":{"index":"index","follow":"follow","max-snippet":"max-snippet:-1","max-image-preview":"max-image-preview:large","max-video-preview":"max-video-preview:-1"},"canonical":"https:\/\/mammalnet.com\/es\/h-la-biodiversidad-al-alcance-de-su-mano\/","og_locale":"es_ES","og_type":"article","og_title":"La biodiversidad al alcance de su mano - Mammalnet","og_description":"ay\u00fadenos a conocer c\u00f3mo se relaciona con la naturaleza y la ciencia El papel de la ciencia es esencial en nuestra sociedad. Poco a poco somos conscientes de la importancia de obtener m\u00e1s y mejor informaci\u00f3n, para tomar decisiones en base a datos objetivos que favorezcan la sostenibilidad de los recursos naturales. Los proyectos de ... Leer m\u00e1s","og_url":"https:\/\/mammalnet.com\/es\/h-la-biodiversidad-al-alcance-de-su-mano\/","og_site_name":"Mammalnet","article_publisher":"https:\/\/www.facebook.com\/MammalNet-106550637394937\/","article_modified_time":"2020-07-08T15:35:58+00:00","og_image":[{"url":"https:\/\/mammalnet.com\/wp-content\/uploads\/2020\/02\/mobileWildlife-1024x683.jpg"}],"twitter_card":"summary_large_image","twitter_site":"@mammalnet_eu","twitter_misc":{"Tiempo de lectura":"3 minutos"},"schema":{"@context":"https:\/\/schema.org","@graph":[{"@type":"WebPage","@id":"https:\/\/mammalnet.com\/es\/h-la-biodiversidad-al-alcance-de-su-mano\/","url":"https:\/\/mammalnet.com\/es\/h-la-biodiversidad-al-alcance-de-su-mano\/","name":"La biodiversidad al alcance de su mano - Mammalnet","isPartOf":{"@id":"https:\/\/mammalnet.com\/#website"},"datePublished":"2020-07-02T11:07:44+00:00","dateModified":"2020-07-08T15:35:58+00:00","breadcrumb":{"@id":"https:\/\/mammalnet.com\/es\/h-la-biodiversidad-al-alcance-de-su-mano\/#breadcrumb"},"inLanguage":"es","potentialAction":[{"@type":"ReadAction","target":["https:\/\/mammalnet.com\/es\/h-la-biodiversidad-al-alcance-de-su-mano\/"]}]},{"@type":"BreadcrumbList","@id":"https:\/\/mammalnet.com\/es\/h-la-biodiversidad-al-alcance-de-su-mano\/#breadcrumb","itemListElement":[{"@type":"ListItem","position":1,"name":"Home","item":"https:\/\/mammalnet.com\/es\/"},{"@type":"ListItem","position":2,"name":"La biodiversidad al alcance de su mano"}]},{"@type":"WebSite","@id":"https:\/\/mammalnet.com\/#website","url":"https:\/\/mammalnet.com\/","name":"Mammalnet","description":"Citizen Science","publisher":{"@id":"https:\/\/mammalnet.com\/#organization"},"potentialAction":[{"@type":"SearchAction","target":{"@type":"EntryPoint","urlTemplate":"https:\/\/mammalnet.com\/?s={search_term_string}"},"query-input":"required name=search_term_string"}],"inLanguage":"es"},{"@type":"Organization","@id":"https:\/\/mammalnet.com\/#organization","name":"Mammalnet","url":"https:\/\/mammalnet.com\/","logo":{"@type":"ImageObject","inLanguage":"es","@id":"https:\/\/mammalnet.com\/#\/schema\/logo\/image\/","url":"https:\/\/mammalnet.com\/wp-content\/uploads\/2019\/08\/logo.png","contentUrl":"https:\/\/mammalnet.com\/wp-content\/uploads\/2019\/08\/logo.png","width":991,"height":284,"caption":"Mammalnet"},"image":{"@id":"https:\/\/mammalnet.com\/#\/schema\/logo\/image\/"},"sameAs":["https:\/\/www.facebook.com\/MammalNet-106550637394937\/","https:\/\/twitter.com\/mammalnet_eu"]}]}},"_links":{"self":[{"href":"https:\/\/mammalnet.com\/es\/wp-json\/wp\/v2\/pages\/9890"}],"collection":[{"href":"https:\/\/mammalnet.com\/es\/wp-json\/wp\/v2\/pages"}],"about":[{"href":"https:\/\/mammalnet.com\/es\/wp-json\/wp\/v2\/types\/page"}],"author":[{"embeddable":true,"href":"https:\/\/mammalnet.com\/es\/wp-json\/wp\/v2\/users\/2"}],"replies":[{"embeddable":true,"href":"https:\/\/mammalnet.com\/es\/wp-json\/wp\/v2\/comments?post=9890"}],"version-history":[{"count":0,"href":"https:\/\/mammalnet.com\/es\/wp-json\/wp\/v2\/pages\/9890\/revisions"}],"wp:attachment":[{"href":"https:\/\/mammalnet.com\/es\/wp-json\/wp\/v2\/media?parent=9890"}],"curies":[{"name":"wp","href":"https:\/\/api.w.org\/{rel}","templated":true}]}}