{"id":8652,"date":"2020-01-31T09:47:18","date_gmt":"2020-01-31T09:47:18","guid":{"rendered":"https:\/\/pruebas.mammalnet.com\/please-chose-your-favorite-photo-02-2020\/"},"modified":"2020-07-06T07:06:32","modified_gmt":"2020-07-06T06:06:32","slug":"please-chose-your-favorite-photo-02-2020","status":"publish","type":"page","link":"https:\/\/mammalnet.com\/es\/please-chose-your-favorite-photo-02-2020\/","title":{"rendered":"Elige tu foto preferida"},"content":{"rendered":"\t\t<div data-elementor-type=\"wp-page\" data-elementor-id=\"8652\" class=\"elementor elementor-8652 elementor-8637\" data-elementor-post-type=\"page\">\n\t\t\t\t\t\t<section class=\"elementor-section elementor-top-section elementor-element elementor-element-4bd8f9f elementor-section-boxed elementor-section-height-default elementor-section-height-default\" data-id=\"4bd8f9f\" data-element_type=\"section\">\n\t\t\t\t\t\t<div class=\"elementor-container elementor-column-gap-default\">\n\t\t\t\t\t<div class=\"elementor-column elementor-col-100 elementor-top-column elementor-element elementor-element-0304096\" data-id=\"0304096\" data-element_type=\"column\">\n\t\t\t<div class=\"elementor-widget-wrap elementor-element-populated\">\n\t\t\t\t\t\t<div class=\"elementor-element elementor-element-6ee5d81 elementor-widget elementor-widget-text-editor\" data-id=\"6ee5d81\" data-element_type=\"widget\" data-widget_type=\"text-editor.default\">\n\t\t\t\t<div class=\"elementor-widget-container\">\n\t\t\t\t\t\t\t<p>Aqu\u00ed puedes votar qu\u00e9 foto es la que m\u00e1s te gusta.<\/p>\n<p>Si quieres participar tienes que subir tus registros con foto en la aplicaci\u00f3n iMammalia (mammalnet.com\/imammalia), indicando la localizaci\u00f3n de donde se hizo la foto y la fecha.<\/p>\n<p>Periodicamente seleccionaremos las mejores fotos subidas en la app iMammalia, y podr\u00e1s votar cual es la que m\u00e1s te gusta.<\/p>\n<p>Los ganadores de cada ronda participar\u00e1n en un sorteo donde podr\u00e1n ganar un premio (a elegir entre una c\u00e1mara de fototrampeo o libro\/s).<\/p>\n\t\t\t\t\t\t<\/div>\n\t\t\t\t<\/div>\n\t\t\t\t\t<\/div>\n\t\t<\/div>\n\t\t\t\t\t<\/div>\n\t\t<\/section>\n\t\t\t\t<section class=\"elementor-section elementor-top-section elementor-element elementor-element-6a02612 elementor-section-boxed elementor-section-height-default elementor-section-height-default\" data-id=\"6a02612\" data-element_type=\"section\">\n\t\t\t\t\t\t<div class=\"elementor-container elementor-column-gap-default\">\n\t\t\t\t\t<div class=\"elementor-column elementor-col-100 elementor-top-column elementor-element elementor-element-fd8f4a1\" data-id=\"fd8f4a1\" data-element_type=\"column\">\n\t\t\t<div class=\"elementor-widget-wrap elementor-element-populated\">\n\t\t\t\t\t\t<div class=\"elementor-element elementor-element-7ad3459 elementor-widget elementor-widget-shortcode\" data-id=\"7ad3459\" data-element_type=\"widget\" data-widget_type=\"shortcode.default\">\n\t\t\t\t<div class=\"elementor-widget-container\">\n\t\t\t\t\t<div class=\"elementor-shortcode\"><div id=\"totalpoll\" class=\"totalpoll-wrapper totalpoll-uid-4f15211c0803f1275f7792a8c2461feb is-ltr is-screen-results\" totalpoll=\"9876\" totalpoll-uid=\"4f15211c0803f1275f7792a8c2461feb\" totalpoll-screen=\"results\" totalpoll-ajax-url=\"https:\/\/mammalnet.com\/wp-admin\/admin-ajax.php?action=totalpoll&#038;totalpoll%5BpollId%5D=9876&#038;totalpoll%5Baction%5D=view&#038;totalpoll%5Bscreen%5D=results\"><script type=\"text\/totalpoll-config\" totalpoll-config=\"9876\">{\"ajaxEndpoint\":\"https:\\\/\\\/mammalnet.com\\\/wp-admin\\\/admin-ajax.php?action=totalpoll\",\"behaviours\":{\"ajax\":true,\"scrollUp\":true,\"async\":false},\"effects\":{\"transition\":\"fade\",\"duration\":\"500\"},\"i18n\":{\"Previous\":\"Anterior\",\"Next\":\"Siguiente\",\"of\":\"of\",\"Something went wrong! Please try again.\":\"Something went wrong! Please try again.\"}}<\/script><link rel=\"stylesheet\" id=\"totalpoll-poll-4f15211c0803f1275f7792a8c2461feb-css\"  href=\"https:\/\/mammalnet.com\/wp-content\/cache\/totalpoll\/css\/4f15211c0803f1275f7792a8c2461feb.css\" type=\"text\/css\" media=\"all\" \/><div id=\"totalpoll-poll-9876\" class=\"totalpoll-container\"><form action=\"\" enctype=\"multipart\/form-data\" class=\"totalpoll-form\" method=\"POST\" novalidate=\"novalidate\">    <div class=\"totalpoll-message totalpoll-message-error\">Esta encuesta ha terminado (desde 5 a\u00f1os).<\/div>\n<div style=\"visibility: hidden; position: absolute; width: 0px; height: 0px;\">\n    <svg id=\"totalpoll-check-icon\" xmlns=\"http:\/\/www.w3.org\/2000\/svg\" width=\"24\" height=\"24\" viewBox=\"0 0 24 24\">\n        <path d=\"M0,0H24V24H0Z\" fill=\"none\"\/>\n        <path d=\"M9,15.1999l-4.2-4.2L2.3999,13.4,9,20.0001,22.0001,7,19.6,4.5999Z\"\/>\n    <\/svg>\n<\/div>\n    <div class=\"totalpoll-questions\">\n\t\t<div class=\"totalpoll-question\" >\n    <div class=\"totalpoll-question-container\">\n        <div class=\"totalpoll-question-content\" >\n\t\t\t        <\/div>\n\n        <div class=\"totalpoll-question-choices\">\n\t\t\t\t\t\t\t\t\t\t\t\t<div class=\"totalpoll-question-choices-item totalpoll-question-choices-item-results totalpoll-question-choices-item-type-image \" >\n    <div class=\"totalpoll-question-choices-item-container\">\n        \n        <div class=\"totalpoll-question-choices-item-label\">\n            <span >Marek Beb\u0142ot<\/span>\n            <div class=\"totalpoll-question-choices-item-votes\">\n                <div class=\"totalpoll-question-choices-item-votes-bar\" style=\"width: 43.01%\"><\/div>\n                <div class=\"totalpoll-question-choices-item-votes-text \">43.01%<\/div>\n            <\/div>\n        <\/div>\n    <\/div>\n<\/div>\n\t\t\t\t\t\t\t\t\t\t\t\t\t\t\t\t<div class=\"totalpoll-question-choices-item totalpoll-question-choices-item-results totalpoll-question-choices-item-type-image \" >\n    <div class=\"totalpoll-question-choices-item-container\">\n        \n        <div class=\"totalpoll-question-choices-item-label\">\n            <span >Barto L\u00f3pez<\/span>\n            <div class=\"totalpoll-question-choices-item-votes\">\n                <div class=\"totalpoll-question-choices-item-votes-bar\" style=\"width: 40.07%\"><\/div>\n                <div class=\"totalpoll-question-choices-item-votes-text \">40.07%<\/div>\n            <\/div>\n        <\/div>\n    <\/div>\n<\/div>\n\t\t\t\t\t\t\t\t\t\t\t\t\t\t\t\t<div class=\"totalpoll-question-choices-item totalpoll-question-choices-item-results totalpoll-question-choices-item-type-image \" >\n    <div class=\"totalpoll-question-choices-item-container\">\n        \n        <div class=\"totalpoll-question-choices-item-label\">\n            <span >Romeo Mance<\/span>\n            <div class=\"totalpoll-question-choices-item-votes\">\n                <div class=\"totalpoll-question-choices-item-votes-bar\" style=\"width: 8.82%\"><\/div>\n                <div class=\"totalpoll-question-choices-item-votes-text \">8.82%<\/div>\n            <\/div>\n        <\/div>\n    <\/div>\n<\/div>\n\t\t\t\t\t\t\t\t\t\t\t\t\t\t\t\t<div class=\"totalpoll-question-choices-item totalpoll-question-choices-item-results totalpoll-question-choices-item-type-image \" >\n    <div class=\"totalpoll-question-choices-item-container\">\n        \n        <div class=\"totalpoll-question-choices-item-label\">\n            <span >Ewa Zab\u00f3wka<\/span>\n            <div class=\"totalpoll-question-choices-item-votes\">\n                <div class=\"totalpoll-question-choices-item-votes-bar\" style=\"width: 3.31%\"><\/div>\n                <div class=\"totalpoll-question-choices-item-votes-text \">3.31%<\/div>\n            <\/div>\n        <\/div>\n    <\/div>\n<\/div>\n\t\t\t\t\t\t\t\t\t\t\t\t\t\t\t\t<div class=\"totalpoll-question-choices-item totalpoll-question-choices-item-results totalpoll-question-choices-item-type-image \" >\n    <div class=\"totalpoll-question-choices-item-container\">\n        \n        <div class=\"totalpoll-question-choices-item-label\">\n            <span >Enrique P\u00e9rez Azcona<\/span>\n            <div class=\"totalpoll-question-choices-item-votes\">\n                <div class=\"totalpoll-question-choices-item-votes-bar\" style=\"width: 3.31%\"><\/div>\n                <div class=\"totalpoll-question-choices-item-votes-text \">3.31%<\/div>\n            <\/div>\n        <\/div>\n    <\/div>\n<\/div>\n\t\t\t\t\t\t\t\t\t\t\t\t\t\t\t\t<div class=\"totalpoll-question-choices-item totalpoll-question-choices-item-results totalpoll-question-choices-item-type-image \" >\n    <div class=\"totalpoll-question-choices-item-container\">\n        \n        <div class=\"totalpoll-question-choices-item-label\">\n            <span >Guido Casati<\/span>\n            <div class=\"totalpoll-question-choices-item-votes\">\n                <div class=\"totalpoll-question-choices-item-votes-bar\" style=\"width: 0.74%\"><\/div>\n                <div class=\"totalpoll-question-choices-item-votes-text \">0.74%<\/div>\n            <\/div>\n        <\/div>\n    <\/div>\n<\/div>\n\t\t\t\t\t\t\t\t\t\t\t\t\t\t\t\t<div class=\"totalpoll-question-choices-item totalpoll-question-choices-item-results totalpoll-question-choices-item-type-image \" >\n    <div class=\"totalpoll-question-choices-item-container\">\n        \n        <div class=\"totalpoll-question-choices-item-label\">\n            <span >NA<\/span>\n            <div class=\"totalpoll-question-choices-item-votes\">\n                <div class=\"totalpoll-question-choices-item-votes-bar\" style=\"width: 0.37%\"><\/div>\n                <div class=\"totalpoll-question-choices-item-votes-text \">0.37%<\/div>\n            <\/div>\n        <\/div>\n    <\/div>\n<\/div>\n\t\t\t\t\t\t\t\t\t\t\t\t\t\t\t\t<div class=\"totalpoll-question-choices-item totalpoll-question-choices-item-results totalpoll-question-choices-item-type-image \" >\n    <div class=\"totalpoll-question-choices-item-container\">\n        \n        <div class=\"totalpoll-question-choices-item-label\">\n            <span >Ralf Hohmann<\/span>\n            <div class=\"totalpoll-question-choices-item-votes\">\n                <div class=\"totalpoll-question-choices-item-votes-bar\" style=\"width: 0.37%\"><\/div>\n                <div class=\"totalpoll-question-choices-item-votes-text \">0.37%<\/div>\n            <\/div>\n        <\/div>\n    <\/div>\n<\/div>\n\t\t\t\t\t\t\t        <\/div>\n    <\/div>\n<\/div>\n    <\/div>\n\t<div class=\"totalpoll-form-hidden-fields\">\n\t<div class=\"totalpoll-form-page\"><div class=\"totalpoll-form-field-hidden\"><div class=\"totalpoll-form-field totalpoll-form-field-type-hidden totalpoll-column-full\"><div class=\"totalpoll-form-field-wrapper\"><input type=\"hidden\" name=\"totalpoll[screen]\" value=\"results\" class=\"totalpoll-form-field-input\"><div class=\"totalpoll-form-field-errors\"><\/div><\/div><\/div><\/div><div class=\"totalpoll-form-field-hidden\"><div class=\"totalpoll-form-field totalpoll-form-field-type-hidden totalpoll-column-full\"><div class=\"totalpoll-form-field-wrapper\"><input type=\"hidden\" name=\"totalpoll[pollId]\" value=\"9876\" class=\"totalpoll-form-field-input\"><div class=\"totalpoll-form-field-errors\"><\/div><\/div><\/div><\/div><div class=\"totalpoll-form-field-hidden\"><div class=\"totalpoll-form-field totalpoll-form-field-type-hidden totalpoll-column-full\"><div class=\"totalpoll-form-field-wrapper\"><input type=\"hidden\" name=\"totalpoll[action]\" value=\"\" class=\"totalpoll-form-field-input\"><div class=\"totalpoll-form-field-errors\"><\/div><\/div><\/div><\/div><\/div><\/div>\n<div class=\"totalpoll-buttons\">\n\t<\/div>\n<\/form><\/div><\/div><\/div>\n\t\t\t\t<\/div>\n\t\t\t\t<\/div>\n\t\t\t\t\t<\/div>\n\t\t<\/div>\n\t\t\t\t\t<\/div>\n\t\t<\/section>\n\t\t\t\t<\/div>\n\t\t","protected":false},"excerpt":{"rendered":"<p>Aqu\u00ed puedes votar qu\u00e9 foto es la que m\u00e1s te gusta. Si quieres participar tienes que subir tus registros con foto en la aplicaci\u00f3n iMammalia (mammalnet.com\/imammalia), indicando la localizaci\u00f3n de donde se hizo la foto y la fecha. Periodicamente seleccionaremos las mejores fotos subidas en la app iMammalia, y podr\u00e1s votar cual es la que &#8230; <a title=\"Elige tu foto preferida\" class=\"read-more\" href=\"https:\/\/mammalnet.com\/es\/please-chose-your-favorite-photo-02-2020\/\" aria-label=\"M\u00e1s en Elige tu foto preferida\">Leer m\u00e1s<\/a><\/p>\n","protected":false},"author":1,"featured_media":0,"parent":0,"menu_order":0,"comment_status":"closed","ping_status":"closed","template":"","meta":{"_acf_changed":false,"footnotes":""},"acf":[],"yoast_head":"<!-- This site is optimized with the Yoast SEO plugin v22.1 - https:\/\/yoast.com\/wordpress\/plugins\/seo\/ -->\n<title>Elige tu foto preferida - Mammalnet<\/title>\n<meta name=\"robots\" content=\"index, follow, max-snippet:-1, max-image-preview:large, max-video-preview:-1\" \/>\n<link rel=\"canonical\" href=\"https:\/\/mammalnet.com\/es\/please-chose-your-favorite-photo-02-2020\/\" \/>\n<meta property=\"og:locale\" content=\"es_ES\" \/>\n<meta property=\"og:type\" content=\"article\" \/>\n<meta property=\"og:title\" content=\"Elige tu foto preferida - Mammalnet\" \/>\n<meta property=\"og:description\" content=\"Aqu\u00ed puedes votar qu\u00e9 foto es la que m\u00e1s te gusta. Si quieres participar tienes que subir tus registros con foto en la aplicaci\u00f3n iMammalia (mammalnet.com\/imammalia), indicando la localizaci\u00f3n de donde se hizo la foto y la fecha. Periodicamente seleccionaremos las mejores fotos subidas en la app iMammalia, y podr\u00e1s votar cual es la que ... Leer m\u00e1s\" \/>\n<meta property=\"og:url\" content=\"https:\/\/mammalnet.com\/es\/please-chose-your-favorite-photo-02-2020\/\" \/>\n<meta property=\"og:site_name\" content=\"Mammalnet\" \/>\n<meta property=\"article:publisher\" content=\"https:\/\/www.facebook.com\/MammalNet-106550637394937\/\" \/>\n<meta property=\"article:modified_time\" content=\"2020-07-06T06:06:32+00:00\" \/>\n<meta name=\"twitter:card\" content=\"summary_large_image\" \/>\n<meta name=\"twitter:site\" content=\"@mammalnet_eu\" \/>\n<script type=\"application\/ld+json\" class=\"yoast-schema-graph\">{\"@context\":\"https:\/\/schema.org\",\"@graph\":[{\"@type\":\"WebPage\",\"@id\":\"https:\/\/mammalnet.com\/es\/please-chose-your-favorite-photo-02-2020\/\",\"url\":\"https:\/\/mammalnet.com\/es\/please-chose-your-favorite-photo-02-2020\/\",\"name\":\"Elige tu foto preferida - Mammalnet\",\"isPartOf\":{\"@id\":\"https:\/\/mammalnet.com\/#website\"},\"datePublished\":\"2020-01-31T09:47:18+00:00\",\"dateModified\":\"2020-07-06T06:06:32+00:00\",\"breadcrumb\":{\"@id\":\"https:\/\/mammalnet.com\/es\/please-chose-your-favorite-photo-02-2020\/#breadcrumb\"},\"inLanguage\":\"es\",\"potentialAction\":[{\"@type\":\"ReadAction\",\"target\":[\"https:\/\/mammalnet.com\/es\/please-chose-your-favorite-photo-02-2020\/\"]}]},{\"@type\":\"BreadcrumbList\",\"@id\":\"https:\/\/mammalnet.com\/es\/please-chose-your-favorite-photo-02-2020\/#breadcrumb\",\"itemListElement\":[{\"@type\":\"ListItem\",\"position\":1,\"name\":\"Home\",\"item\":\"https:\/\/mammalnet.com\/es\/\"},{\"@type\":\"ListItem\",\"position\":2,\"name\":\"Elige tu foto preferida\"}]},{\"@type\":\"WebSite\",\"@id\":\"https:\/\/mammalnet.com\/#website\",\"url\":\"https:\/\/mammalnet.com\/\",\"name\":\"Mammalnet\",\"description\":\"Citizen Science\",\"publisher\":{\"@id\":\"https:\/\/mammalnet.com\/#organization\"},\"potentialAction\":[{\"@type\":\"SearchAction\",\"target\":{\"@type\":\"EntryPoint\",\"urlTemplate\":\"https:\/\/mammalnet.com\/?s={search_term_string}\"},\"query-input\":\"required name=search_term_string\"}],\"inLanguage\":\"es\"},{\"@type\":\"Organization\",\"@id\":\"https:\/\/mammalnet.com\/#organization\",\"name\":\"Mammalnet\",\"url\":\"https:\/\/mammalnet.com\/\",\"logo\":{\"@type\":\"ImageObject\",\"inLanguage\":\"es\",\"@id\":\"https:\/\/mammalnet.com\/#\/schema\/logo\/image\/\",\"url\":\"https:\/\/mammalnet.com\/wp-content\/uploads\/2019\/08\/logo.png\",\"contentUrl\":\"https:\/\/mammalnet.com\/wp-content\/uploads\/2019\/08\/logo.png\",\"width\":991,\"height\":284,\"caption\":\"Mammalnet\"},\"image\":{\"@id\":\"https:\/\/mammalnet.com\/#\/schema\/logo\/image\/\"},\"sameAs\":[\"https:\/\/www.facebook.com\/MammalNet-106550637394937\/\",\"https:\/\/twitter.com\/mammalnet_eu\"]}]}<\/script>\n<!-- \/ Yoast SEO plugin. -->","yoast_head_json":{"title":"Elige tu foto preferida - Mammalnet","robots":{"index":"index","follow":"follow","max-snippet":"max-snippet:-1","max-image-preview":"max-image-preview:large","max-video-preview":"max-video-preview:-1"},"canonical":"https:\/\/mammalnet.com\/es\/please-chose-your-favorite-photo-02-2020\/","og_locale":"es_ES","og_type":"article","og_title":"Elige tu foto preferida - Mammalnet","og_description":"Aqu\u00ed puedes votar qu\u00e9 foto es la que m\u00e1s te gusta. Si quieres participar tienes que subir tus registros con foto en la aplicaci\u00f3n iMammalia (mammalnet.com\/imammalia), indicando la localizaci\u00f3n de donde se hizo la foto y la fecha. Periodicamente seleccionaremos las mejores fotos subidas en la app iMammalia, y podr\u00e1s votar cual es la que ... Leer m\u00e1s","og_url":"https:\/\/mammalnet.com\/es\/please-chose-your-favorite-photo-02-2020\/","og_site_name":"Mammalnet","article_publisher":"https:\/\/www.facebook.com\/MammalNet-106550637394937\/","article_modified_time":"2020-07-06T06:06:32+00:00","twitter_card":"summary_large_image","twitter_site":"@mammalnet_eu","schema":{"@context":"https:\/\/schema.org","@graph":[{"@type":"WebPage","@id":"https:\/\/mammalnet.com\/es\/please-chose-your-favorite-photo-02-2020\/","url":"https:\/\/mammalnet.com\/es\/please-chose-your-favorite-photo-02-2020\/","name":"Elige tu foto preferida - Mammalnet","isPartOf":{"@id":"https:\/\/mammalnet.com\/#website"},"datePublished":"2020-01-31T09:47:18+00:00","dateModified":"2020-07-06T06:06:32+00:00","breadcrumb":{"@id":"https:\/\/mammalnet.com\/es\/please-chose-your-favorite-photo-02-2020\/#breadcrumb"},"inLanguage":"es","potentialAction":[{"@type":"ReadAction","target":["https:\/\/mammalnet.com\/es\/please-chose-your-favorite-photo-02-2020\/"]}]},{"@type":"BreadcrumbList","@id":"https:\/\/mammalnet.com\/es\/please-chose-your-favorite-photo-02-2020\/#breadcrumb","itemListElement":[{"@type":"ListItem","position":1,"name":"Home","item":"https:\/\/mammalnet.com\/es\/"},{"@type":"ListItem","position":2,"name":"Elige tu foto preferida"}]},{"@type":"WebSite","@id":"https:\/\/mammalnet.com\/#website","url":"https:\/\/mammalnet.com\/","name":"Mammalnet","description":"Citizen Science","publisher":{"@id":"https:\/\/mammalnet.com\/#organization"},"potentialAction":[{"@type":"SearchAction","target":{"@type":"EntryPoint","urlTemplate":"https:\/\/mammalnet.com\/?s={search_term_string}"},"query-input":"required name=search_term_string"}],"inLanguage":"es"},{"@type":"Organization","@id":"https:\/\/mammalnet.com\/#organization","name":"Mammalnet","url":"https:\/\/mammalnet.com\/","logo":{"@type":"ImageObject","inLanguage":"es","@id":"https:\/\/mammalnet.com\/#\/schema\/logo\/image\/","url":"https:\/\/mammalnet.com\/wp-content\/uploads\/2019\/08\/logo.png","contentUrl":"https:\/\/mammalnet.com\/wp-content\/uploads\/2019\/08\/logo.png","width":991,"height":284,"caption":"Mammalnet"},"image":{"@id":"https:\/\/mammalnet.com\/#\/schema\/logo\/image\/"},"sameAs":["https:\/\/www.facebook.com\/MammalNet-106550637394937\/","https:\/\/twitter.com\/mammalnet_eu"]}]}},"_links":{"self":[{"href":"https:\/\/mammalnet.com\/es\/wp-json\/wp\/v2\/pages\/8652"}],"collection":[{"href":"https:\/\/mammalnet.com\/es\/wp-json\/wp\/v2\/pages"}],"about":[{"href":"https:\/\/mammalnet.com\/es\/wp-json\/wp\/v2\/types\/page"}],"author":[{"embeddable":true,"href":"https:\/\/mammalnet.com\/es\/wp-json\/wp\/v2\/users\/1"}],"replies":[{"embeddable":true,"href":"https:\/\/mammalnet.com\/es\/wp-json\/wp\/v2\/comments?post=8652"}],"version-history":[{"count":0,"href":"https:\/\/mammalnet.com\/es\/wp-json\/wp\/v2\/pages\/8652\/revisions"}],"wp:attachment":[{"href":"https:\/\/mammalnet.com\/es\/wp-json\/wp\/v2\/media?parent=8652"}],"curies":[{"name":"wp","href":"https:\/\/api.w.org\/{rel}","templated":true}]}}